{"id":11998,"date":"2021-11-18T13:15:09","date_gmt":"2021-11-18T05:15:09","guid":{"rendered":"https:\/\/impactified.com\/conditions-dutilisation\/"},"modified":"2024-03-28T20:52:42","modified_gmt":"2024-03-28T12:52:42","slug":"conditions-dutilisation","status":"publish","type":"page","link":"https:\/\/impactified.com\/fr\/conditions-dutilisation\/","title":{"rendered":"Mentions L\u00e9gales &#038; CGV"},"content":{"rendered":"<h2>Conditions g\u00e9n\u00e9rales d&rsquo;utilisation du site Impactified.com<\/h2>\n<h3>Mentions l\u00e9gales<\/h3>\n<p>Impactified.com est une plateforme en ligne exploit\u00e9e par GREEN DRAGON CONSULTING GROUP, soci\u00e9t\u00e9 \u00e0 responsabilit\u00e9 limit\u00e9e constitu\u00e9e \u00e0 Hong Kong (num\u00e9ro de soci\u00e9t\u00e9 59613604, et domicili\u00e9e \u00e0 Hollywood Centre, Room 1305 &#8211; 13F, 233 Hollywood Rd, Sheung Wan, Hong Kong.<\/p>\n<p>La soci\u00e9t\u00e9 Green Dragon Consulting Group est represent\u00e9e en France par SARL Dragon Vert Holding, DRAGON VERT HOLDING, SARL au capital social de 1000 \u20ac, dont le si\u00e8ge social est situ\u00e9 au 12 CHE DE BEAUREGARD 13100 AIX-EN-PROVENCE, immatricul\u00e9e au Registre du Commerce et des Soci\u00e9t\u00e9s d&rsquo;Aix-en-provence sous le num\u00e9ro 879 506 061, repr\u00e9sent\u00e9e par M. Philippe Bonnet agissant et ayant les pouvoirs n\u00e9cessaires en tant que g\u00e9rant.<\/p>\n<h3>Conditions g\u00e9n\u00e9rales<\/h3>\n<p>La plateforme Impactified est con\u00e7ue et exploit\u00e9e pour fournir des informations, des outils et une connexion avec des facilitateurs d&rsquo;\u00e9chelle ind\u00e9pendants et des coachs d&rsquo;affaires, affili\u00e9s \u00e0 la marque dans le cadre d&rsquo;un contrat de franchise, qui leur permettent d&rsquo;am\u00e9liorer leurs op\u00e9rations commerciales.<\/p>\n<p>Il est mis \u00e0 votre disposition sur une base Freemium &#8211; avec un contenu gratuit et un contenu payant &#8211; \u00e0 condition que vous acceptiez inconditionnellement les termes, conditions et avis contenus dans le pr\u00e9sent document. En utilisant le site web d&rsquo;Impactified, vous acceptez tous ces termes, conditions et avis.<\/p>\n<p>Les mineurs ne doivent pas utiliser la plateforme Impactified et effectuer des transactions sans la supervision d&rsquo;un adulte capable de comprendre les informations et les outils mis \u00e0 disposition sur la plateforme. En utilisant le site Web, vous d\u00e9clarez que vous avez la capacit\u00e9 juridique de conclure un accord contraignant.<\/p>\n<h3>Politique d&rsquo;utilisation<\/h3>\n<p>La plateforme Impactified fournit \u00e0 ses utilisateurs un ensemble d&rsquo;informations, d&rsquo;outils et de connexions par le biais d&rsquo;articles de blog gratuits, d&rsquo;une bo\u00eete \u00e0 outils exploit\u00e9e sur la base d&rsquo;une adh\u00e9sion et d&rsquo;un annuaire.<\/p>\n<p>La souscription \u00e0 un forfait d&rsquo;adh\u00e9sion permet aux utilisateurs payants d&rsquo;acc\u00e9der au contenu payant indiqu\u00e9 sur le tableau de bord de l&rsquo;utilisateur.<\/p>\n<p>Les droits d&rsquo;acc\u00e8s sont consid\u00e9r\u00e9s comme personnels et ne peuvent \u00eatre transf\u00e9r\u00e9s ou partag\u00e9s avec des tiers non payants ; par cons\u00e9quent, tout compte partag\u00e9 peut \u00eatre suspendu sans pr\u00e9avis.<\/p>\n<h3>Outils<\/h3>\n<p>Les outils Impacified sont mis \u00e0 la disposition des utilisateurs apr\u00e8s paiement d&rsquo;une cotisation.<\/p>\n<p>Ces outils sont con\u00e7us sous forme de modules pour aider les entrepreneurs et les propri\u00e9taires d&rsquo;entreprises \u00e0 effectuer diverses op\u00e9rations commerciales, telles que &#8211; mais sans s&rsquo;y limiter &#8211; la r\u00e9daction d&rsquo;un plan d&rsquo;affaires, la r\u00e9alisation d&rsquo;une analyse SWOT de leur entreprise, la compr\u00e9hension des principes de base de l&rsquo;entrepreneuriat, etc.<\/p>\n<p>Les modules comprennent l&rsquo;outil con\u00e7u pour aider l&rsquo;entrepreneur dans son exercice de r\u00e9solution de probl\u00e8mes, ainsi qu&rsquo;une s\u00e9rie de vid\u00e9os con\u00e7ues pour faciliter l&rsquo;utilisation de l&rsquo;outil.<\/p>\n<p>Les Outils et les Modules sont con\u00e7us \u00e0 des fins \u00e9ducatives uniquement et les r\u00e9sultats obtenus par l&rsquo;Utilisateur ne pourront en aucun cas engager la responsabilit\u00e9 d&rsquo;Impactified.<\/p>\n<h3>Politique de remboursement<\/h3>\n<p>Impactified offre une garantie de satisfaction inconditionnelle de 30 jours, applicable au mat\u00e9riel en ligne et aux services de facilitation\/coaching personnels fournis sur une base 1:1.<\/p>\n<p>Les remboursements seront effectu\u00e9s sur demande, dans les cinq \u00e0 sept jours suivant la demande.<\/p>\n<p>Cette garantie ne s&rsquo;applique pas aux ateliers achet\u00e9s par les clients.<\/p>\n<h3>R\u00e9servation<\/h3>\n<p>La plateforme Impactified comprend une page de r\u00e9servation con\u00e7ue pour permettre aux entrepreneurs et aux propri\u00e9taires d&rsquo;entreprise de r\u00e9server un facilitateur d&rsquo;\u00e9chelle, un coach d&rsquo;affaires, ou un coach dont l&rsquo;expertise est li\u00e9e aux entrepreneurs et aux propri\u00e9taires d&rsquo;entreprise.<\/p>\n<p>Les facilitateurs et les coachs d&rsquo;affaires list\u00e9s sur notre page de r\u00e9servation sont autoris\u00e9s \u00e0 utiliser la marque Impactified dans le cadre d&rsquo;un accord de franchise et de licence de marque sign\u00e9 avec Impactified, qui leur fournit \u00e9galement un ensemble d&rsquo;outils de marque et d&rsquo;outils de paiement qu&rsquo;ils peuvent utiliser avec leurs clients.<\/p>\n<p>La plupart des facilitateurs et des coachs d&rsquo;affaires op\u00e8rent en tant que professionnels ind\u00e9pendants, dans le cadre de leur propre structure juridique. En cons\u00e9quence, tout utilisateur qui d\u00e9cide d&rsquo;engager un facilitateur ou un coach via la plateforme Impactified reconna\u00eet qu&rsquo;il conclut une transaction avec le prestataire directement et qu&rsquo;Impactified en tant que plateforme et marque ne sera pas consid\u00e9r\u00e9 comme une partie \u00e0 leur relation de travail.<\/p>\n<h3>Collecte de donn\u00e9es<\/h3>\n<p>La plateforme Impactified collecte des donn\u00e9es anonymes de chaque visiteur du site web, afin de surveiller le trafic et de corriger les bugs.<\/p>\n<p>En particulier, nous demandons \u00e0 nos utilisateurs de se connecter et de fournir certaines informations personnelles (telles que votre nom et votre adresse e-mail) afin de pouvoir sauvegarder leur profil ainsi que les documents achet\u00e9s et les commentaires personnels qui y sont associ\u00e9s. Pour activer ces fonctions ou toute autre fonction bas\u00e9e sur la connexion, nous utilisons des cookies pour stocker les informations de session.<\/p>\n<p>D&rsquo;autres informations personnelles telles que les noms, les photos de profil et les d\u00e9tails personnels peuvent \u00eatre fournis par l&rsquo;utilisateur sur une base volontaire. Les utilisateurs peuvent alors consulter, modifier et supprimer les donn\u00e9es associ\u00e9es \u00e0 leur profil \u00e0 tout moment en se connectant \u00e0 leur compte personnel.<\/p>\n<h3>Utilisation des donn\u00e9es<\/h3>\n<p>Impactified peut contacter ses utilisateurs, par e-mail ou par d&rsquo;autres moyens, sur la base des donn\u00e9es fournies par l&rsquo;utilisateur. Cela inclut des emails promotionnels relatifs \u00e0 Impactified ou \u00e0 d&rsquo;autres tiers que nous pensons susceptibles de vous int\u00e9resser.<\/p>\n<p>Les utilisateurs peuvent \u00e0 tout moment modifier leurs pr\u00e9f\u00e9rences en mati\u00e8re d&rsquo;e-mail, en utilisant les liens de d\u00e9sinscription fournis dans chaque e-mail automatis\u00e9 envoy\u00e9 par Impactified.<\/p>\n<p>Impactified ne partage pas vos informations personnelles avec des tiers, bien que des donn\u00e9es agr\u00e9g\u00e9es et anonymes soient p\u00e9riodiquement transmises \u00e0 des services externes pour nous aider \u00e0 am\u00e9liorer notre site web et notre service, y compris Google Analytics et Drip.<\/p>\n<h3>Modification des conditions<\/h3>\n<p>Impactified se r\u00e9serve le droit de modifier les termes, conditions et avis en vertu desquels le site Web est exploit\u00e9, y compris, mais sans s&rsquo;y limiter, les frais associ\u00e9s \u00e0 l&rsquo;utilisation du site Web.<\/p>\n<h3>Liens vers des sites tiers<\/h3>\n<p>Le site web d&rsquo;Impactified peut contenir des liens vers d&rsquo;autres sites web (\u00ab\u00a0Sites li\u00e9s\u00a0\u00bb). Les sites li\u00e9s ne sont pas sous le contr\u00f4le d&rsquo;Impactified et Impactified n&rsquo;est pas responsable du contenu des sites li\u00e9s, y compris, mais sans s&rsquo;y limiter, tout lien contenu dans un site li\u00e9, ou tout changement ou mise \u00e0 jour d&rsquo;un site li\u00e9.<\/p>\n<h3>Autres obligations<\/h3>\n<p>Impactified se r\u00e9serve le droit \u00e0 tout moment de divulguer toute information n\u00e9cessaire pour satisfaire toute loi, r\u00e9glementation, proc\u00e9dure l\u00e9gale ou demande gouvernementale, ou d&rsquo;\u00e9diter, de refuser de publier ou de supprimer toute information ou mat\u00e9riel, en tout ou en partie, \u00e0 la seule discr\u00e9tion d&rsquo;Impactified.<\/p>\n<h3>Informations sur le site web, droits d&rsquo;auteur et marques d\u00e9pos\u00e9es<\/h3>\n<p>Design &amp; Webmaster : Green Dragon Consulting Group<br \/>\nDirecteur de la publication : Antoine Martin<br \/>\nPhotos : libres de droits<\/p>\n<p>Impactified est une marque prot\u00e9g\u00e9e et tout le contenu publi\u00e9 sur le site Web doit \u00eatre consid\u00e9r\u00e9 comme un contenu prot\u00e9g\u00e9 et prot\u00e9g\u00e9 par le droit d&rsquo;auteur qui ne peut \u00eatre utilis\u00e9, modifi\u00e9, reproduit ou transf\u00e9r\u00e9 de quelque mani\u00e8re que ce soit.<\/p>\n","protected":false},"excerpt":{"rendered":"<p>Conditions g\u00e9n\u00e9rales d&rsquo;utilisation du site Impactified.com Mentions l\u00e9gales Impactified.com est une plateforme en ligne exploit\u00e9e par GREEN DRAGON CONSULTING GROUP, soci\u00e9t\u00e9 \u00e0 responsabilit\u00e9 limit\u00e9e constitu\u00e9e \u00e0 Hong Kong (num\u00e9ro de soci\u00e9t\u00e9 59613604, et domicili\u00e9e \u00e0 Hollywood Centre, Room 1305 &#8211; 13F, 233 Hollywood Rd, Sheung Wan, Hong Kong. La soci\u00e9t\u00e9 Green Dragon Consulting Group est [&hellip;]<\/p>\n","protected":false},"author":2,"featured_media":0,"parent":0,"menu_order":0,"comment_status":"closed","ping_status":"closed","template":"","meta":{"_acf_changed":false,"footnotes":""},"tags":[150],"class_list":["post-11998","page","type-page","status-publish","hentry","tag-page-simple"],"acf":[],"_links":{"self":[{"href":"https:\/\/impactified.com\/fr\/wp-json\/wp\/v2\/pages\/11998","targetHints":{"allow":["GET"]}}],"collection":[{"href":"https:\/\/impactified.com\/fr\/wp-json\/wp\/v2\/pages"}],"about":[{"href":"https:\/\/impactified.com\/fr\/wp-json\/wp\/v2\/types\/page"}],"author":[{"embeddable":true,"href":"https:\/\/impactified.com\/fr\/wp-json\/wp\/v2\/users\/2"}],"replies":[{"embeddable":true,"href":"https:\/\/impactified.com\/fr\/wp-json\/wp\/v2\/comments?post=11998"}],"version-history":[{"count":5,"href":"https:\/\/impactified.com\/fr\/wp-json\/wp\/v2\/pages\/11998\/revisions"}],"predecessor-version":[{"id":19910,"href":"https:\/\/impactified.com\/fr\/wp-json\/wp\/v2\/pages\/11998\/revisions\/19910"}],"wp:attachment":[{"href":"https:\/\/impactified.com\/fr\/wp-json\/wp\/v2\/media?parent=11998"}],"wp:term":[{"taxonomy":"post_tag","embeddable":true,"href":"https:\/\/impactified.com\/fr\/wp-json\/wp\/v2\/tags?post=11998"}],"curies":[{"name":"wp","href":"https:\/\/api.w.org\/{rel}","templated":true}]}}