{"id":12309,"date":"2021-11-18T13:54:38","date_gmt":"2021-11-18T05:54:38","guid":{"rendered":"https:\/\/impactified.com\/merci\/"},"modified":"2021-11-18T13:54:39","modified_gmt":"2021-11-18T05:54:39","slug":"merci","status":"publish","type":"page","link":"https:\/\/impactified.com\/fr\/merci\/","title":{"rendered":"Merci !"},"content":{"rendered":"\t\t<div data-elementor-type=\"wp-page\" data-elementor-id=\"12309\" class=\"elementor elementor-12309 elementor-6857\" data-elementor-post-type=\"page\">\n\t\t\t\t\t\t<section class=\"elementor-section elementor-top-section elementor-element elementor-element-3e445ea elementor-section-boxed elementor-section-height-default elementor-section-height-default\" data-id=\"3e445ea\" data-element_type=\"section\" data-e-type=\"section\">\n\t\t\t\t\t\t<div class=\"elementor-container elementor-column-gap-default\">\n\t\t\t\t\t<div class=\"elementor-column elementor-col-100 elementor-top-column elementor-element elementor-element-0b73e48\" data-id=\"0b73e48\" data-element_type=\"column\" data-e-type=\"column\">\n\t\t\t<div class=\"elementor-widget-wrap elementor-element-populated\">\n\t\t\t\t\t\t<div class=\"elementor-element elementor-element-38105c1 elementor-widget elementor-widget-spacer\" data-id=\"38105c1\" data-element_type=\"widget\" data-e-type=\"widget\" data-widget_type=\"spacer.default\">\n\t\t\t\t<div class=\"elementor-widget-container\">\n\t\t\t\t\t\t\t<div class=\"elementor-spacer\">\n\t\t\t<div class=\"elementor-spacer-inner\"><\/div>\n\t\t<\/div>\n\t\t\t\t\t\t<\/div>\n\t\t\t\t<\/div>\n\t\t\t\t\t<\/div>\n\t\t<\/div>\n\t\t\t\t\t<\/div>\n\t\t<\/section>\n\t\t\t\t<section class=\"elementor-section elementor-top-section elementor-element elementor-element-841e4ae elementor-section-boxed elementor-section-height-default elementor-section-height-default\" data-id=\"841e4ae\" data-element_type=\"section\" data-e-type=\"section\">\n\t\t\t\t\t\t<div class=\"elementor-container elementor-column-gap-default\">\n\t\t\t\t\t<div class=\"elementor-column elementor-col-25 elementor-top-column elementor-element elementor-element-a541287\" data-id=\"a541287\" data-element_type=\"column\" data-e-type=\"column\">\n\t\t\t<div class=\"elementor-widget-wrap\">\n\t\t\t\t\t\t\t<\/div>\n\t\t<\/div>\n\t\t\t\t<div class=\"elementor-column elementor-col-50 elementor-top-column elementor-element elementor-element-1f8e187\" data-id=\"1f8e187\" data-element_type=\"column\" data-e-type=\"column\">\n\t\t\t<div class=\"elementor-widget-wrap elementor-element-populated\">\n\t\t\t\t\t\t<div class=\"elementor-element elementor-element-8687667 elementor-widget elementor-widget-heading\" data-id=\"8687667\" data-element_type=\"widget\" data-e-type=\"widget\" data-widget_type=\"heading.default\">\n\t\t\t\t<div class=\"elementor-widget-container\">\n\t\t\t\t\t<h2 class=\"elementor-heading-title elementor-size-default\">Bien jou\u00e9 !<\/h2>\t\t\t\t<\/div>\n\t\t\t\t<\/div>\n\t\t\t\t<div class=\"elementor-element elementor-element-6cf201d elementor-widget elementor-widget-heading\" data-id=\"6cf201d\" data-element_type=\"widget\" data-e-type=\"widget\" data-widget_type=\"heading.default\">\n\t\t\t\t<div class=\"elementor-widget-container\">\n\t\t\t\t\t<h1 class=\"elementor-heading-title elementor-size-default\">Bienvenue au Club !<\/h1>\t\t\t\t<\/div>\n\t\t\t\t<\/div>\n\t\t\t\t\t<\/div>\n\t\t<\/div>\n\t\t\t\t<div class=\"elementor-column elementor-col-25 elementor-top-column elementor-element elementor-element-73ae799\" data-id=\"73ae799\" data-element_type=\"column\" data-e-type=\"column\">\n\t\t\t<div class=\"elementor-widget-wrap\">\n\t\t\t\t\t\t\t<\/div>\n\t\t<\/div>\n\t\t\t\t\t<\/div>\n\t\t<\/section>\n\t\t\t\t<section class=\"elementor-section elementor-top-section elementor-element elementor-element-150e2b8d elementor-section-content-middle elementor-section-boxed elementor-section-height-default elementor-section-height-default\" data-id=\"150e2b8d\" data-element_type=\"section\" data-e-type=\"section\" data-settings=\"{&quot;background_background&quot;:&quot;classic&quot;}\">\n\t\t\t\t\t\t<div class=\"elementor-container elementor-column-gap-no\">\n\t\t\t\t\t<div class=\"elementor-column elementor-col-50 elementor-top-column elementor-element elementor-element-15bb6d07\" data-id=\"15bb6d07\" data-element_type=\"column\" data-e-type=\"column\">\n\t\t\t<div class=\"elementor-widget-wrap elementor-element-populated\">\n\t\t\t\t\t\t<div class=\"elementor-element elementor-element-2db926ae elementor-widget elementor-widget-heading\" data-id=\"2db926ae\" data-element_type=\"widget\" data-e-type=\"widget\" data-widget_type=\"heading.default\">\n\t\t\t\t<div class=\"elementor-widget-container\">\n\t\t\t\t\t<h3 class=\"elementor-heading-title elementor-size-default\">Votre paiement a \u00e9t\u00e9 trait\u00e9 !<\/h3>\t\t\t\t<\/div>\n\t\t\t\t<\/div>\n\t\t\t\t<div class=\"elementor-element elementor-element-3be8aa3b elementor-align-start elementor-icon-list--layout-traditional elementor-list-item-link-full_width elementor-widget elementor-widget-icon-list\" data-id=\"3be8aa3b\" data-element_type=\"widget\" data-e-type=\"widget\" data-widget_type=\"icon-list.default\">\n\t\t\t\t<div class=\"elementor-widget-container\">\n\t\t\t\t\t\t\t<ul class=\"elementor-icon-list-items\">\n\t\t\t\t\t\t\t<li class=\"elementor-icon-list-item\">\n\t\t\t\t\t\t\t\t\t\t<span class=\"elementor-icon-list-text\">Nous venons de vous envoyer un e-mail qui contient toutes les informations relatives \u00e0 votre compte, veuillez v\u00e9rifier votre bo\u00eete de r\u00e9ception (y compris vos fichiers de spam, juste au cas o\u00f9 !)<\/span>\n\t\t\t\t\t\t\t\t\t<\/li>\n\t\t\t\t\t\t\t\t<li class=\"elementor-icon-list-item\">\n\t\t\t\t\t\t\t\t\t\t<span class=\"elementor-icon-list-text\">Suivez les instructions fournies dans l'e-mail, ce qui vous am\u00e8nera \u00e0 votre tableau de bord, o\u00f9 vous pourrez acc\u00e9der \u00e0 votre achat !<\/span>\n\t\t\t\t\t\t\t\t\t<\/li>\n\t\t\t\t\t\t\t\t<li class=\"elementor-icon-list-item\">\n\t\t\t\t\t\t\t\t\t\t<span class=\"elementor-icon-list-text\"><\/span>\n\t\t\t\t\t\t\t\t\t<\/li>\n\t\t\t\t\t\t<\/ul>\n\t\t\t\t\t\t<\/div>\n\t\t\t\t<\/div>\n\t\t\t\t\t<\/div>\n\t\t<\/div>\n\t\t\t\t<div class=\"elementor-column elementor-col-50 elementor-top-column elementor-element elementor-element-78cc2ca6\" data-id=\"78cc2ca6\" data-element_type=\"column\" data-e-type=\"column\">\n\t\t\t<div class=\"elementor-widget-wrap elementor-element-populated\">\n\t\t\t\t\t\t<div class=\"elementor-element elementor-element-3c779f47 elementor-widget elementor-widget-image\" data-id=\"3c779f47\" data-element_type=\"widget\" data-e-type=\"widget\" data-widget_type=\"image.default\">\n\t\t\t\t<div class=\"elementor-widget-container\">\n\t\t\t\t\t\t\t\t\t\t\t\t\t\t\t<img fetchpriority=\"high\" decoding=\"async\" width=\"873\" height=\"620\" src=\"https:\/\/impactified.com\/wp-content\/uploads\/2021\/03\/Untitled-design-12.png\" class=\"attachment-full size-full wp-image-12310\" alt=\"\" srcset=\"https:\/\/impactified.com\/wp-content\/uploads\/2021\/03\/Untitled-design-12.png 873w, https:\/\/impactified.com\/wp-content\/uploads\/2021\/03\/Untitled-design-12-600x426.png 600w, https:\/\/impactified.com\/wp-content\/uploads\/2021\/03\/Untitled-design-12-768x545.png 768w, https:\/\/impactified.com\/wp-content\/uploads\/2021\/03\/Untitled-design-12-400x284.png 400w\" sizes=\"(max-width: 873px) 100vw, 873px\" \/>\t\t\t\t\t\t\t\t\t\t\t\t\t\t\t<\/div>\n\t\t\t\t<\/div>\n\t\t\t\t\t<\/div>\n\t\t<\/div>\n\t\t\t\t\t<\/div>\n\t\t<\/section>\n\t\t\t\t<section class=\"elementor-section elementor-top-section elementor-element elementor-element-c550818 elementor-section-boxed elementor-section-height-default elementor-section-height-default\" data-id=\"c550818\" data-element_type=\"section\" data-e-type=\"section\" data-settings=\"{&quot;background_background&quot;:&quot;classic&quot;}\">\n\t\t\t\t\t\t<div class=\"elementor-container elementor-column-gap-default\">\n\t\t\t\t\t<div class=\"elementor-column elementor-col-100 elementor-top-column elementor-element elementor-element-4b8be18\" data-id=\"4b8be18\" data-element_type=\"column\" data-e-type=\"column\">\n\t\t\t<div class=\"elementor-widget-wrap elementor-element-populated\">\n\t\t\t\t\t\t<div class=\"elementor-element elementor-element-c4fbb89 elementor-widget elementor-widget-spacer\" data-id=\"c4fbb89\" data-element_type=\"widget\" data-e-type=\"widget\" data-widget_type=\"spacer.default\">\n\t\t\t\t<div class=\"elementor-widget-container\">\n\t\t\t\t\t\t\t<div class=\"elementor-spacer\">\n\t\t\t<div class=\"elementor-spacer-inner\"><\/div>\n\t\t<\/div>\n\t\t\t\t\t\t<\/div>\n\t\t\t\t<\/div>\n\t\t\t\t\t<\/div>\n\t\t<\/div>\n\t\t\t\t\t<\/div>\n\t\t<\/section>\n\t\t\t\t<\/div>\n\t\t","protected":false},"excerpt":{"rendered":"<p>Bien jou\u00e9 ! Bienvenue au Club ! Votre paiement a \u00e9t\u00e9 trait\u00e9 ! Nous venons de vous envoyer un e-mail qui contient toutes les informations relatives \u00e0 votre compte, veuillez v\u00e9rifier votre bo\u00eete de r\u00e9ception (y compris vos fichiers de spam, juste au cas o\u00f9 !) Suivez les instructions fournies dans l&rsquo;e-mail, ce qui vous [&hellip;]<\/p>\n","protected":false},"author":2,"featured_media":0,"parent":0,"menu_order":0,"comment_status":"closed","ping_status":"closed","template":"","meta":{"_acf_changed":false,"footnotes":""},"tags":[],"class_list":["post-12309","page","type-page","status-publish","hentry"],"acf":[],"_links":{"self":[{"href":"https:\/\/impactified.com\/fr\/wp-json\/wp\/v2\/pages\/12309","targetHints":{"allow":["GET"]}}],"collection":[{"href":"https:\/\/impactified.com\/fr\/wp-json\/wp\/v2\/pages"}],"about":[{"href":"https:\/\/impactified.com\/fr\/wp-json\/wp\/v2\/types\/page"}],"author":[{"embeddable":true,"href":"https:\/\/impactified.com\/fr\/wp-json\/wp\/v2\/users\/2"}],"replies":[{"embeddable":true,"href":"https:\/\/impactified.com\/fr\/wp-json\/wp\/v2\/comments?post=12309"}],"version-history":[{"count":1,"href":"https:\/\/impactified.com\/fr\/wp-json\/wp\/v2\/pages\/12309\/revisions"}],"predecessor-version":[{"id":12311,"href":"https:\/\/impactified.com\/fr\/wp-json\/wp\/v2\/pages\/12309\/revisions\/12311"}],"wp:attachment":[{"href":"https:\/\/impactified.com\/fr\/wp-json\/wp\/v2\/media?parent=12309"}],"wp:term":[{"taxonomy":"post_tag","embeddable":true,"href":"https:\/\/impactified.com\/fr\/wp-json\/wp\/v2\/tags?post=12309"}],"curies":[{"name":"wp","href":"https:\/\/api.w.org\/{rel}","templated":true}]}}