{"id":12456,"date":"2021-11-18T14:05:11","date_gmt":"2021-11-18T06:05:11","guid":{"rendered":"https:\/\/impactified.com\/page-de-test\/"},"modified":"2021-11-18T14:05:12","modified_gmt":"2021-11-18T06:05:12","slug":"page-de-test","status":"publish","type":"page","link":"https:\/\/impactified.com\/fr\/page-de-test\/","title":{"rendered":"page de test"},"content":{"rendered":"&#13;\n<p>[wlm_profileform]<\/p>&#13;\n<p>\u00a0<\/p>&#13;\n<p>[wr-widget-reviews source=\u00a0\u00bb5228&Prime;]<\/p>&#13;\n<p>Salut!<\/p>&#13;\n&#13;\n<p>Qu&rsquo;est-ce que le Lorem Ipsum Le Lorem Ipsum est tout simplement le texte factice de l&rsquo;industrie de l&rsquo;imprimerie et de la composition. Le Lorem Ipsum est le texte factice standard de l&rsquo;industrie depuis les ann\u00e9es 1500, lorsqu&rsquo;un imprimeur inconnu a pris une gal\u00e9jade de caract\u00e8res et l&rsquo;a brouill\u00e9e pour en faire un livre de sp\u00e9cimens de caract\u00e8res<\/p>&#13;\n<p><a href=\"http:\/\/impactified.com\/start-here\"><img fetchpriority=\"high\" decoding=\"async\" class=\"aligncenter wp-image-12458\" src=\"https:\/\/impactified.com\/wp-content\/uploads\/2020\/10\/1.png\" alt=\"online course for entrepreneurs\" width=\"400\" height=\"429\" srcset=\"https:\/\/impactified.com\/wp-content\/uploads\/2020\/10\/1.png 700w, https:\/\/impactified.com\/wp-content\/uploads\/2020\/10\/1-600x643.png 600w, https:\/\/impactified.com\/wp-content\/uploads\/2020\/10\/1-280x300.png 280w\" sizes=\"(max-width: 400px) 100vw, 400px\" \/><\/a><\/p>\n&#13;\n<p>Qu&rsquo;est-ce que le Lorem Ipsum Le Lorem Ipsum est tout simplement le texte factice de l&rsquo;industrie de l&rsquo;imprimerie et de la composition. Le Lorem Ipsum est le texte factice standard de l&rsquo;industrie depuis les ann\u00e9es 1500, lorsqu&rsquo;un imprimeur inconnu a pris une gal\u00e9jade de caract\u00e8res et l&rsquo;a brouill\u00e9e pour en faire un livre de sp\u00e9cimens de caract\u00e8res<\/p>&#13;\n&#13;\n<p>Le Lorem Ipsum est le texte factice standard de l&rsquo;industrie depuis les ann\u00e9es 1500, lorsqu&rsquo;un imprimeur inconnu a pris une gal\u00e8re de caract\u00e8res et l&rsquo;a brouill\u00e9e pour en faire un livre de sp\u00e9cimens de caract\u00e8res. Il <strong>a<\/strong> surv\u00e9cu non seulement \u00e0 cinq si\u00e8cles, mais aussi \u00e0 l&rsquo;av\u00e8nement de la <strong>composition<\/strong> \u00e9lectronique, restant essentiellement inchang\u00e9.<\/p>&#13;\n&#13;\n<p>\u00a0<\/p>&#13;\n<p>[course_content course_id=\u00a0\u00bb3653&Prime;]<\/p>\n","protected":false},"excerpt":{"rendered":"<p>&#13; [wlm_profileform] &#13; \u00a0 &#13; [wr-widget-reviews source=\u00a0\u00bb5228&Prime;] &#13; Salut! &#13; &#13; Qu&rsquo;est-ce que le Lorem Ipsum Le Lorem Ipsum est tout simplement le texte factice de l&rsquo;industrie de l&rsquo;imprimerie et de la composition. Le Lorem Ipsum est le texte factice standard de l&rsquo;industrie depuis les ann\u00e9es 1500, lorsqu&rsquo;un imprimeur inconnu a pris une gal\u00e9jade de [&hellip;]<\/p>\n","protected":false},"author":2,"featured_media":0,"parent":0,"menu_order":0,"comment_status":"closed","ping_status":"closed","template":"","meta":{"_acf_changed":false,"footnotes":""},"tags":[],"class_list":["post-12456","page","type-page","status-publish","hentry"],"acf":[],"_links":{"self":[{"href":"https:\/\/impactified.com\/fr\/wp-json\/wp\/v2\/pages\/12456","targetHints":{"allow":["GET"]}}],"collection":[{"href":"https:\/\/impactified.com\/fr\/wp-json\/wp\/v2\/pages"}],"about":[{"href":"https:\/\/impactified.com\/fr\/wp-json\/wp\/v2\/types\/page"}],"author":[{"embeddable":true,"href":"https:\/\/impactified.com\/fr\/wp-json\/wp\/v2\/users\/2"}],"replies":[{"embeddable":true,"href":"https:\/\/impactified.com\/fr\/wp-json\/wp\/v2\/comments?post=12456"}],"version-history":[{"count":1,"href":"https:\/\/impactified.com\/fr\/wp-json\/wp\/v2\/pages\/12456\/revisions"}],"predecessor-version":[{"id":12457,"href":"https:\/\/impactified.com\/fr\/wp-json\/wp\/v2\/pages\/12456\/revisions\/12457"}],"wp:attachment":[{"href":"https:\/\/impactified.com\/fr\/wp-json\/wp\/v2\/media?parent=12456"}],"wp:term":[{"taxonomy":"post_tag","embeddable":true,"href":"https:\/\/impactified.com\/fr\/wp-json\/wp\/v2\/tags?post=12456"}],"curies":[{"name":"wp","href":"https:\/\/api.w.org\/{rel}","templated":true}]}}