{"id":17835,"date":"2022-10-18T22:27:13","date_gmt":"2022-10-18T14:27:13","guid":{"rendered":"https:\/\/impactified.com\/?page_id=17835"},"modified":"2023-02-10T14:43:12","modified_gmt":"2023-02-10T06:43:12","slug":"passer-la-seconde-avec-un-coach-d-affaires-philippe-bonnet","status":"publish","type":"page","link":"https:\/\/impactified.com\/fr\/reserver\/business-coach\/passer-la-seconde-avec-un-coach-d-affaires-philippe-bonnet\/","title":{"rendered":"Passer la Seconde avec un Coach d&rsquo;Affaires : C&rsquo;est Possible ?"},"content":{"rendered":"<p>Note au passage : cet article fait partie d\u2019une <a href=\"https:\/\/impactified.com\/fr\/reserver-un-coach-en-ligne\/business-coach\/\">s\u00e9rie de posts li\u00e9s aux business coachs et au sujet de la performance des entrepreneurs et\u00a0 cadres dirigeants<\/a> \u2013 bonne lecture !<\/p>\n<p>&nbsp;<\/p>\n<div id=\"cbox-cKAnYuVH0UZnPxUt\"><\/div>\n<p>&nbsp;<\/p>\n<h2>Un coach d&rsquo;affaires, \u00e7a sert \u00e0 quoi exactement ?<\/h2>\n<p><img decoding=\"async\" class=\"wp-image-7773 alignright\" src=\"https:\/\/impactified.com\/wp-content\/uploads\/2020\/08\/Blog-profiles-8-300x300.png\" alt=\"philippe bonnet business coach ocean bleu\" width=\"138\" height=\"138\" srcset=\"https:\/\/impactified.com\/wp-content\/uploads\/2020\/08\/Blog-profiles-8-300x300.png 300w, https:\/\/impactified.com\/wp-content\/uploads\/2020\/08\/Blog-profiles-8-100x100.png 100w, https:\/\/impactified.com\/wp-content\/uploads\/2020\/08\/Blog-profiles-8-150x150.png 150w, https:\/\/impactified.com\/wp-content\/uploads\/2020\/08\/Blog-profiles-8.png 450w\" sizes=\"(max-width: 138px) 100vw, 138px\" \/>Philippe Bonnet : Pour entrer imm\u00e9diatement dans le vif du sujet, un coach d&rsquo;affaires (ou business coach) \u00e7a vous sert \u00e0 passer la seconde quand vous faites votre maximum pour d\u00e9velopper votre business, mais que vous avez atteint un plafond de verre que vous n&rsquo;arrivez pas \u00e0 briser seul(e).<\/p>\n<p>Op\u00e9rationnellement parlant, le business coach am\u00e8ne une perspective entrepreneuriale tr\u00e8s strat\u00e9gique au dirigeant de PME\/PMI et permet d&rsquo;aborder des th\u00e8mes li\u00e9s \u00e0 la facilitation de l&rsquo;entreprise, au-del\u00e0 des routines quotidiennes qui envahissent l&rsquo;esprit avec de l&rsquo;argent et font oublier l&rsquo;important.<\/p>\n<p>Pragmatiquement, l&rsquo;enjeu des discussions est de pousser le dirigeant \u00e0 <a href=\"https:\/\/impactified.com\/fr\/30-reasons-why-working-on-your-business-makes-you-more-impactful\/\">travailler \u00ab\u00a0sur\u00a0\u00bb son business<\/a> l\u00e0 o\u00f9 la facilit\u00e9 est de travailler \u00ab\u00a0dans\u00a0\u00bb le business et de garder la t\u00eate soit dans le guidon soit carr\u00e9ment sous l&rsquo;eau.<\/p>\n<h2>Quels sont les sympt\u00f4mes qui vous font dire qu&rsquo;un entrepreneur a besoin d&rsquo;aide ?<\/h2>\n<p>Philippe Bonnet : Typiquement, le dirigeant se demande comment faire passer son entreprise au niveau sup\u00e9rieur, d&rsquo;un point de vue commercial, logistique ou humain.<\/p>\n<p>D&rsquo;un point de vue beaucoup plus personnel, la grande majorit\u00e9 des entrepreneurs qui nous contacte se d\u00e9crit naturellement comme \u00e9tant d\u00e9bord\u00e9e et dit ne plus savoir o\u00f9 donner de la t\u00eate.<\/p>\n<p>Ils g\u00e8rent le quotidien et \u00e9teignent les incendies au fur et \u00e0 mesure, mais ils d\u00e9laissent totalement leur strat\u00e9gie commerciale et financi\u00e8re, leur strat\u00e9gie de positionnement et de communication, et bien s\u00fbr leur gestion des priorit\u00e9s &#8211; je ne vous parle m\u00eame pas de la gestion du stress \u00e0 titre personnel, vous voyez l&rsquo;id\u00e9e.<\/p>\n<h3>C&rsquo;est si fr\u00e9quent que \u00e7a ?<\/h3>\n<p>Philippe Bonnet : Plus que fr\u00e9quent, c&rsquo;est classique. Les entrepreneurs ont une relation tr\u00e8s personnelle avec leur entreprise et de fait ils sont en g\u00e9n\u00e9ral tr\u00e8s seuls dans leur vie entrepreneuriale.<\/p>\n<p>Parler des probl\u00e8mes quotidiens avec les proches n&rsquo;a rien d&rsquo;\u00e9vident, et parler des soucis strat\u00e9giques avec les \u00e9quipes est souvent difficile. Au final, <a href=\"https:\/\/impactified.com\/fr\/reserver-un-coach-en-ligne\/business-coach\/coaching-de-dirigeant-caisse-de-resonance\">l&rsquo;absence de caisse de r\u00e9sonance rend souvent la prise de d\u00e9cision difficile<\/a>, et c&rsquo;est l\u00e0 que le coach d&rsquo;affaires intervient.<\/p>\n<h3>Donc un coach d&rsquo;affaires agit comme une caisse de r\u00e9sonance.<\/h3>\n<p>Philippe Bonnet : Oui, en partie, mais au-del\u00e0 d&rsquo;aider les entrepreneurs et dirigeants \u00e0 prendre des d\u00e9cisions au quotidien, le coach d&rsquo;affaires apporte aussi un point de vue provoquant qui d\u00e9gage les angles morts et pousse le client \u00e0 r\u00e9fl\u00e9chir hors de sa zone de confort, professionnelle et personnelle.\u00a0En ce sens, il est un conseiller strat\u00e9gique doubl\u00e9 d&rsquo;un coach en performance qui est l\u00e0 pour vous aider \u00e0 passer la seconde quand vous en avez besoin pour revenir \u00e0 l&rsquo;image utilis\u00e9e plus t\u00f4t.<\/p>\n<p><em>Lire aussi : <a href=\"https:\/\/impactified.com\/fr\/reserver-un-coach-en-ligne\/business-coach\/6-raisons-de-faire-appel-a-un-business-coach-et-booster-votre-ca-de-80\/\">6 Raisons de faire appel \u00e0 un Business Coach (et Booster votre CA de 80%!)<\/a><\/em><\/p>\n<h3>L&rsquo;entrepreneuriat n&rsquo;est pas une activit\u00e9 aussi \u00e9vidente que l&rsquo;on pourrait le penser\u2026<\/h3>\n<p>Philippe Bonnet : L&rsquo;entrepreneuriat a la c\u00f4te de nos jours mais effectivement, la r\u00e9alit\u00e9 est souvent bien diff\u00e9rente du fantasme.<\/p>\n<p>C\u00f4t\u00e9 fantasme, les livres business comme celui de <em>La Semaine de Quatre Heures<\/em> (<em>The 4-Hour Workweek<\/em>) de Tim Ferriss ont promu depuis quelques ann\u00e9es l&rsquo;id\u00e9e qu&rsquo;\u00eatre entrepreneur c&rsquo;est \u00eatre libre en gagnant de l&rsquo;argent facilement.<\/p>\n<p>Les gens se concentrent sur le r\u00eave, mais ils oublient le travail n\u00e9cessaire pour arriver \u00e0 un r\u00e9sultat et alors la r\u00e9alit\u00e9 devient plus douloureuse que pr\u00e9vu.<\/p>\n<p>Par ailleurs le contrat social a chang\u00e9 et les entreprises ne gardent plus leurs employ\u00e9s quarante ans donc beaucoup se mettent \u00e0 leur compte en cons\u00e9quence. Et bien s\u00fbr, la Covid a fait r\u00e9aliser \u00e0 beaucoup qu&rsquo;un simple ordinateur leur permettait d&rsquo;avoir plusieurs clients au lieu d&rsquo;un seul patron, donc l&rsquo;id\u00e9e de se mettre \u00e0 son compte est attrayante.<\/p>\n<p>C\u00f4t\u00e9 r\u00e9alit\u00e9, s&rsquo;il est facile de cr\u00e9er une soci\u00e9t\u00e9, avoir une entreprise qui tourne et g\u00e9n\u00e8re un chiffre d&rsquo;affaires croissant est une autre affaire.<\/p>\n<p>Les entrepreneurs sont rarement form\u00e9s \u00e0 l&rsquo;entrepreneuriat et &#8211; faute de bases &#8211; cumulent les erreurs pendant plusieurs ann\u00e9es avant d&rsquo;arriver \u00e0 tenir la barre de mani\u00e8re acceptable.<\/p>\n<p>Au final, j&rsquo;ai l&rsquo;habitude de dire que toute personne qui dirige une entreprise a en r\u00e9alit\u00e9 deux m\u00e9tiers distincts.<\/p>\n<p>Le premier est technique &#8211; faire du design, de la communication, \u00eatre architecte, avocat ou boulanger, produire en Asie pour revendre en France o\u00f9 ailleurs.<\/p>\n<p>Le second est de g\u00e9rer et d\u00e9velopper l&rsquo;activit\u00e9 technique d&rsquo;un point de vue entrepreneurial. Et contrairement \u00e0 ce que l&rsquo;on pense, il est imp\u00e9ratif de structurer, d\u2019automatiser, de s\u00e9curiser, d\u2019investir, et de digitaliser &#8211; et ce que l&rsquo;on soit boulanger, avocat ou patron d&rsquo;une soci\u00e9t\u00e9 multinationale.<\/p>\n<p>La question est: pourquoi tous ces entrepreneurs s\u2019obstinent-ils \u00e0 <a href=\"https:\/\/impactified.com\/fr\/mba-accelere\/developpez-votre-esprit-entrepreneurial\/mindset-entrepreneurial\/\">agir comme des techniciens plus que comme des entrepreneurs<\/a> quand cette mauvaise habitude leur co\u00fbte le d\u00e9veloppement de leur business ?<\/p>\n<h2>A quoi ressemble l&rsquo;entrepreneur que vous accompagnez ?<\/h2>\n<p>Philippe Bonnet : Nos entrepreneurs sont g\u00e9n\u00e9ralement \u00e0 la t\u00eate d&rsquo;une entreprise de cinq \u00e0 cinquante, ou cent personnes et font appel \u00e0 nous pour avoir un espace de r\u00e9flexion hors de l&rsquo;urgence quotidienne.<\/p>\n<p>Certains sont franco-fran\u00e7ais, d&rsquo;autres g\u00e8rent plusieurs entreprises entre Paris, Hong Kong et Vancouver et ont besoin de clart\u00e9 pour g\u00e9rer des \u00e9quipes dispers\u00e9es \u00e0 l&rsquo;international.<\/p>\n<p>Nous travaillons aussi avec des dirigeants d&rsquo;ONG, pour qui assurer la croissance du mod\u00e8le et l&rsquo;augmentation des revenus est aussi important que d&rsquo;assurer la stabilit\u00e9 des \u00e9quipes.<\/p>\n<p>Dans tous les cas, <a href=\"https:\/\/impactified.com\/fr\/reserver-un-coach-en-ligne\/business-coach\/pourquoi-les-cadres-dirigeants-atteignent-un-plafond-de-verre\/\">nos clients entrepreneurs et cadres dirigeants sont conscients d&rsquo;\u00eatre confront\u00e9s \u00e0 un mur de verre<\/a> et ont pris la d\u00e9cision d&rsquo;avancer plut\u00f4t que de stagner.<\/p>\n<p>&nbsp;<\/p>\n<div id=\"cbox-yVjQoA09OUMWOqMV\"><\/div>\n<p>&nbsp;<\/p>\n<h3>Franco-fran\u00e7ais ou international, \u00e7a change quoi ?<\/h3>\n<p>Philippe Bonnet : Bonne question &#8211; une entreprise avec une pr\u00e9sence internationale aura des besoins plus pouss\u00e9s en termes de cr\u00e9ation de proc\u00e9dures et d&rsquo;automatisation des t\u00e2ches. Elle aura aussi des besoins diff\u00e9rents du point de vue de la gestion des \u00e9quipes.<\/p>\n<p>Dans ce genre de cas, il est important de travailler avec un coach d&rsquo;affaires ayant une exp\u00e9rience r\u00e9elle de l&rsquo;international, et qui soit capable de mettre le doigt du dirigeant sur l&rsquo;impact des diff\u00e9rences culturelles sur le management des op\u00e9rations.<\/p>\n<p>A l\u2019international, il est par ailleurs encore plus important de s\u2019approprier des m\u00e9thodes de travail diff\u00e9rentes, qui permettent d\u2019optimiser l\u2019organisation dans un contexte o\u00f9 les choix sont souvent multiples et confusants.<\/p>\n<p>J&rsquo;ai moi m\u00eame pass\u00e9 plusieurs ann\u00e9es en Europe de l&rsquo;Est, et huit ans \u00e0 Hong Kong donc je ne connais ces probl\u00e9matiques que trop bien. De fait, nos bureaux en France et en Chine nous permettent de g\u00e9rer ces sujets de mani\u00e8re pragmatique.<\/p>\n<h2>Concr\u00e8tement, l&rsquo;accompagnement fonctionne comment ?<\/h2>\n<p>Philippe Bonnet : <a href=\"https:\/\/impactified.com\/fr\/reserver-un-coach-en-ligne\/business-coach\/comment-travaille-un-business-coach\">L&rsquo;accompagnement par un business coach<\/a> fonctionne de mani\u00e8re tr\u00e8s naturelle car nous travaillons principalement en utilisant la discussion et les questions, mais dans un but de faire arrriver le client \u00e0 des r\u00e9ponses.<\/p>\n<p>L\u00e0 o\u00f9 des consultants entrent dans une entreprise, r\u00e9alisent un rapport et formulent des recommandations avant de ressortir, nous restons sur du long terme et sommes pr\u00e9sents r\u00e9guli\u00e8rement pour engager l&rsquo;entrepreneur lorsqu&rsquo;il a besoin de r\u00e9fl\u00e9chir sur ses probl\u00e9matiques du moment.<\/p>\n<p>Les discussions ont lieu de mani\u00e8re r\u00e9currente pour cr\u00e9er une routine positive, de mani\u00e8re hebdomadaire ou deux fois par mois selon les besoins, mais nous d\u00e9crochons par ailleurs le t\u00e9l\u00e9phone d\u00e8s qu&rsquo;un besoin est exprim\u00e9. Le but du business coach est de fournir un cadre stable et une r\u00e9activit\u00e9 constante, au final.<\/p>\n<p>Au-del\u00e0 des sessions de t\u00eate \u00e0 t\u00eate, nous faisons aussi des ateliers r\u00e9guliers. Par exemple, les premi\u00e8res sessions avec le business coach commencent autour d&rsquo;une analyse des forces et faiblesses de l&rsquo;entreprise (le fameux SWOT). Lorsque le client a besoin d&rsquo;un repositionnement plus fondamental, nous utilisons aussi des m\u00e9thodes de Design Thinking et de Blue Ocean pour revisiter les mod\u00e8les d&rsquo;affaires et r\u00e9\u00e9crire les histoires.<\/p>\n<h3>Les m\u00e9thodes sont compl\u00e9mentaires, donc&#8230;<\/h3>\n<p>Philippe Bonnet : Exactement, tout d\u00e9pend des besoins. <a href=\"https:\/\/impactified.com\/fr\/reserver-un-coach-en-ligne\/business-coach\/pourquoi-le-coach-d-affaires-reste-le-meilleur-bras-droit-des-dirigeants\/\">Le coach d&rsquo;affaires est au final le bras droit des dirigeants<\/a>\u00a0et de l&rsquo;entrepreneur, donc il doit s&rsquo;adapter aux \u00e9volutions de la structure. Les sessions en t\u00eate \u00e0 t\u00eate aident \u00e0 cadrer la r\u00e9flexion et \u00e0 faciliter la prise de d\u00e9cision, et les ateliers permettent d&rsquo;impliquer les \u00e9quipes dans la dynamique. Souvent, la logique aide par ailleurs les \u00e9quipes \u00e0 apprendre \u00e0 fonctionner sans l\u2019entrepreneur, ce qui rend l\u2019entreprise \u00ab\u00a0scalable\u00a0\u00bb.<\/p>\n<h3>Combien de temps dure un accompagnement en g\u00e9n\u00e9ral ?<\/h3>\n<p>Philippe Bonnet : Nous nous engageons avec nos clients s&rsquo;ils sont capables de s&rsquo;engager sur le long terme, pour eux-m\u00eames. Concr\u00e8tement, cela veut dire que nous travaillons pour au moins un an avec nos entrepreneurs. Il faut au moins trois mois pour cr\u00e9er de nouvelles habitudes, et trois mois de plus pour commencer \u00e0 vraiment changer les choses, puis les routines se mettront en place.<\/p>\n<p>Cela dit, nos clients poursuivent g\u00e9n\u00e9ralement la collaboration sur deux, trois, quatre ans, parce qu&rsquo;avoir une caisse de r\u00e9sonance les aide r\u00e9ellement, au quotidien et sur le long terme. Nous travaillons par ailleurs r\u00e9guli\u00e8rement avec les \u00e9quipes, notamment avec le mid-management, \u00e0 la demande du dirigeant, ce qui aide \u00e0 faire perdurer la collaboration.<\/p>\n<p>Le client est libre de garder son business coach ou non, au final. Une collaboration qui dure est donc plut\u00f4t un signe de r\u00e9ussite.<\/p>\n<h3>Vous parlez de strat\u00e9gie d&rsquo;Oc\u00e9an Bleu &#8211; vous pouvez pr\u00e9ciser ?<\/h3>\n<p>Philippe Bonnet : Les strat\u00e9gies d&rsquo;Oc\u00e9an Bleu (Blue Ocean Strategy en anglais) sont d\u00e9velopp\u00e9es dans la s\u00e9rie de livres du m\u00eame nom. L&rsquo;id\u00e9e est de fuir les Oc\u00e9ans Rouges qui ne sont ni plus ni moins que des bains de sang \u00e0 cause de la concurrence, pour nager dans des oc\u00e9ans bleus.<\/p>\n<p>Concr\u00e8tement, l&rsquo;objectif est de faire travailler les dirigeants et leurs \u00e9quipes sur leur strat\u00e9gie de diff\u00e9renciation et de cr\u00e9ation d\u2019innovation de valeur, pour une client\u00e8le red\u00e9finie. Les livres ne donnent pas les cl\u00e9s n\u00e9cessaires \u00e0 l&rsquo;impl\u00e9mentation de la strat\u00e9gie, donc le \u00ab\u00a0comment\u00a0\u00bb est complexe. Cela nous a pouss\u00e9 \u00e0 d\u00e9velopper les ateliers pour rendre le changement accessible, gr\u00e2ce notamment \u00e0 des techniques de design thinking emprunt\u00e9es aux entreprises de la tech.<\/p>\n<h3>Comment un business coach utilise t-il l&rsquo;analyse SWOT par ailleurs ?<\/h3>\n<p>Philippe Bonnet : L\u2019analyse de forces et faiblesses (SWOT en anglais) est un outil que nous utilisons beaucoup, notamment avant de commencer le suivi d&rsquo;un dirigeant. Notre r\u00f4le de business coach implique que nous puissions conna\u00eetre l&rsquo;entrepreneur et l&rsquo;entreprise de mani\u00e8re pr\u00e9cise d\u00e8s le d\u00e9but, et cette analyse est le meilleur moyen de mettre le doigt sur les trous qui affaiblissent l&rsquo;impact de la raquette.<\/p>\n<p>Des organismes comme BPI France offrent un SWOT pour plus de dix mille euros et restituent leurs conclusions sur plusieurs sessions, nous avons d\u00e9velopp\u00e9 une version automatis\u00e9e de l&rsquo;analyse qui nous permet de diviser le co\u00fbt et l&rsquo;investissement de temps par quatre. A ce jour il n&rsquo;y a pas plus efficace pour savoir comment fonctionne votre entreprise, et les entrepreneurs adorent l&rsquo;exercice. Pourquoi se priver ?<\/p>\n<h3>Faire appel \u00e0 un coach (business coach ou non) peut \u00eatre difficile pour certains. Comment voyez-vous la chose ?<\/h3>\n<p>Philippe Bonnet : Effectivement l&rsquo;id\u00e9e peut \u00eatre compliqu\u00e9e pour certains parce qu&rsquo;avoir recours \u00e0 un coach a longtemps \u00e9t\u00e9 associ\u00e9 avec une sensation de rat\u00e9 et d&rsquo;incapacit\u00e9 \u00e0 se d\u00e9velopper soi-m\u00eame.<\/p>\n<p>Bizarrement, cette id\u00e9e s&rsquo;estompe rapidement quand on explique que tous les dirigeants \u00e0 succ\u00e8s de la Silicon Valley (particuli\u00e8rement chez Google) sont suivis par un business coach qui leur apporte un angle de vue diff\u00e9rent et un potentiel de r\u00e9flexion transform\u00e9. Si eux le font, vous auriez tort de ne pas vous y mettre.<\/p>\n<p>Par ailleurs, le m\u00e9tier de business coach existe maintenant depuis plus de vingt ans en Europe et rentre donc dans les consciences collectives. \u00catre accompagn\u00e9 par un business coach r\u00e9pond par ailleurs \u00e0 un besoin ressenti de <a href=\"https:\/\/impactified.com\/fr\/reserver-un-coach-en-ligne\/business-coach\/solitude-du-dirigeant-le-business-coach-devient-un-allie\">sortir d\u2019une solitude entrepreneuriale de plus en plus fr\u00e9quente<\/a>. A vrai dire, l&rsquo;exercice de l\u2019analyse SWOT se termine souvent sur l&rsquo;id\u00e9e que l\u2019accompagnement apporte de l\u2019espoir et des piste de r\u00e9flexion tr\u00e8s riches.<\/p>\n<h3>La question est d&rsquo;actualit\u00e9 : travaillez-vous en face \u00e0 face ou \u00e0 distance ?<\/h3>\n<p>Philippe Bonnet : Nous travaillons en face \u00e0 face lorsque nous devons animer des ateliers, mais pour le reste, la technologie nous permet de suivre nos entrepreneurs o\u00f9 qu&rsquo;ils soient. Nos clients sont bas\u00e9s \u00e0 Paris, Hong Kong, Tokyo, P\u00e9kin et Vancouver. Une fois qu&rsquo;une relation de confiance est cr\u00e9\u00e9e, la communication est transparente et permet \u00e0 chacun de travailler beaucoup plus efficacement.<\/p>\n<h2>Comment commencer ?<\/h2>\n<p>Philippe Bonnet : Il y a deux solutions, en fonction de vos besoins et de votre budget.<\/p>\n<p>Si votre entreprise est en pleine croissance et que vous avez d\u00e9j\u00e0 atteint un plafond de verre, <a href=\"https:\/\/impactified.com\/fr\/reserver-un-coach-en-ligne\/business-coach\/\">engager un business coach<\/a> est g\u00e9n\u00e9ralement appropri\u00e9. Je sugg\u00e8re toujours de <a href=\"https:\/\/impactified.com\/fr\/reserver-un-coach-en-ligne\/audit-swot\/\">commencer par une analyse des forces et des faiblesses<\/a> &#8211; n&rsquo;h\u00e9sitez pas \u00e0 nous contacter ! Nous pourrons alors voir ce qui est n\u00e9cessaire et peut \u00eatre mis en place.<\/p>\n<p>Si vous d\u00e9butez et que vous voulez mettre toutes les chances de votre c\u00f4t\u00e9 sans investir dans un business coach, <em>Impactified<\/em> propose \u00e9galement <a href=\"https:\/\/impactified.com\/fr\/self-coaching\/\">des modules de self-coaching que vous pouvez utiliser seul<\/a>. Il ne vous reste plus qu&rsquo;\u00e0 d\u00e9cider de commencer !<\/p>\n<p>&nbsp;<\/p>\n<div id=\"cbox-R4rwkJqpXVxhnzcL\"><\/div>\n<p>&nbsp;<\/p>\n<p>&nbsp;<\/p>\n","protected":false},"excerpt":{"rendered":"<p>Bonjour Impactified ! A quoi sert un business coach ? Avoir un business coach quand on est entrepreneur pr\u00e9sente de nombreux int\u00e9r\u00eats, du positionnement strat\u00e9gique au d\u00e9veloppement commercial, sans oublier bien s\u00fbr l&rsquo;aide \u00e0 la prise de d\u00e9cision. Afin d&rsquo;approfondir le sujet, nous avons pos\u00e9 quelques questions a <a href=\"\/philippe-bonnet\">Philippe Bonnet, business mentor et co-fondateur de la plateforme de self-coaching Impactified<\/a>.<\/p>\n","protected":false},"author":60,"featured_media":17854,"parent":12287,"menu_order":0,"comment_status":"closed","ping_status":"closed","template":"","meta":{"_acf_changed":false,"footnotes":""},"tags":[232],"class_list":["post-17835","page","type-page","status-publish","has-post-thumbnail","hentry","tag-serie-travailler-avec-un-business-coach"],"acf":[],"_links":{"self":[{"href":"https:\/\/impactified.com\/fr\/wp-json\/wp\/v2\/pages\/17835","targetHints":{"allow":["GET"]}}],"collection":[{"href":"https:\/\/impactified.com\/fr\/wp-json\/wp\/v2\/pages"}],"about":[{"href":"https:\/\/impactified.com\/fr\/wp-json\/wp\/v2\/types\/page"}],"author":[{"embeddable":true,"href":"https:\/\/impactified.com\/fr\/wp-json\/wp\/v2\/users\/60"}],"replies":[{"embeddable":true,"href":"https:\/\/impactified.com\/fr\/wp-json\/wp\/v2\/comments?post=17835"}],"version-history":[{"count":5,"href":"https:\/\/impactified.com\/fr\/wp-json\/wp\/v2\/pages\/17835\/revisions"}],"predecessor-version":[{"id":18655,"href":"https:\/\/impactified.com\/fr\/wp-json\/wp\/v2\/pages\/17835\/revisions\/18655"}],"up":[{"embeddable":true,"href":"https:\/\/impactified.com\/fr\/wp-json\/wp\/v2\/pages\/12287"}],"wp:featuredmedia":[{"embeddable":true,"href":"https:\/\/impactified.com\/fr\/wp-json\/wp\/v2\/media\/17854"}],"wp:attachment":[{"href":"https:\/\/impactified.com\/fr\/wp-json\/wp\/v2\/media?parent=17835"}],"wp:term":[{"taxonomy":"post_tag","embeddable":true,"href":"https:\/\/impactified.com\/fr\/wp-json\/wp\/v2\/tags?post=17835"}],"curies":[{"name":"wp","href":"https:\/\/api.w.org\/{rel}","templated":true}]}}