{"id":18030,"date":"2022-11-18T14:44:09","date_gmt":"2022-11-18T06:44:09","guid":{"rendered":"https:\/\/impactified.com\/reserver-un-coach-en-ligne\/life-coach\/jerome-de-clarens\/10-life-coaching-questions-to-jerome-de-clarens-life-coach-in-hong-kong\/"},"modified":"2022-11-18T15:00:57","modified_gmt":"2022-11-18T07:00:57","slug":"10-questions-a-jerome-de-clarens-coach-de-vie-hong-kong","status":"publish","type":"page","link":"https:\/\/impactified.com\/fr\/reserver\/life-coach\/jerome-de-clarens\/10-questions-a-jerome-de-clarens-coach-de-vie-hong-kong\/","title":{"rendered":"10 questions de coaching de vie \u00e0 J\u00e9r\u00f4me de Clarens, coach de vie \u00e0 Hong Kong"},"content":{"rendered":"<h2>Bonjour J\u00e9r\u00f4me de Clarens ! Nous sommes curieux : d&rsquo;o\u00f9 venez-vous exactement ?<\/h2>\n<p>J\u00e9r\u00f4me de Clarens : Je suis un life coach fran\u00e7ais bas\u00e9 \u00e0 Hong Kong o\u00f9 je vis et travaille, et je viens d&rsquo;une famille de sept fr\u00e8res et s\u0153urs.<\/p>\n<p>Arriv\u00e9 \u00e0 Hong Kong en 2013, j&rsquo;y ai pass\u00e9 quelques ann\u00e9es \u00e0 travailler dans le secteur de l&rsquo;alimentation et des boissons. J&rsquo;ai pass\u00e9 dix ans dans cette industrie, en fait, et je suis \u00e9galement un ancien joueur de football professionnel &#8211; ce qui m&rsquo;a finalement conduit \u00e0 devenir un entra\u00eeneur personnel et un coach de vie.<\/p>\n<p>C&rsquo;est un parcours assez diversifi\u00e9, mais c&rsquo;est ce que je suis, et je pense que cela m&rsquo;a donn\u00e9 de nombreux angles sur ce qu&rsquo;est la vie, qu&rsquo;il s&rsquo;agisse de travail, d&rsquo;adaptation culturelle, ou de passion et d&rsquo;engagement.<\/p>\n<h2>Qu&rsquo;est-ce qui vous a pouss\u00e9 \u00e0 devenir coach ?<\/h2>\n<p>J\u00e9r\u00f4me de Clarens : J&rsquo;ai officiellement commenc\u00e9 \u00e0 \u00eatre coach le 7 juin 2020 et cela a absolument chang\u00e9 ma vie. Cela m&rsquo;a donn\u00e9 un moyen d&rsquo;\u00eatre utile et de pousser les gens. Cela a \u00e9galement structur\u00e9 toute ma vie personnelle et professionnelle de mani\u00e8re tr\u00e8s positive.<\/p>\n<p>Comme je l&rsquo;ai d\u00e9j\u00e0 dit, mon parcours est tr\u00e8s diversifi\u00e9 et m&rsquo;a permis de vivre de nombreuses exp\u00e9riences qui ont chang\u00e9 ma vie.<\/p>\n<p>Mon d\u00e9fi personnel a cependant toujours \u00e9t\u00e9 de trouver des moyens d&rsquo;utiliser cette exp\u00e9rience pour pousser d&rsquo;autres personnes et les amener \u00e0 leur niveau d&rsquo;apres. Il s&rsquo;av\u00e8re qu&rsquo;\u00eatre coach de vie et coacher les gens est le meilleur moyen que j&rsquo;ai trouv\u00e9 pour y parvenir.<\/p>\n<p>Apprendre \u00e0 coacher les gens m&rsquo;a en quelque sorte appris beaucoup de choses sur moi-m\u00eame, mais mieux encore, cela m&rsquo;a donn\u00e9 un moyen de faire bouger les choses pour mes clients, et c&rsquo;est vraiment la meilleure partie de ce que je fais.<\/p>\n<h2>Comment expliqueriez-vous votre travail de coach de vie ?<\/h2>\n<p>J\u00e9r\u00f4me de Clarens : Tout d&rsquo;abord, chez <em>Impactified<\/em>, nous avons l&rsquo;habitude de dire que notre travail ne consiste pas \u00e0 \u00ab\u00a0aider\u00a0\u00bb les gens, mais \u00e0 faire une diff\u00e9rence dans leur vie, pour de vrai.<\/p>\n<p>Cela va bien au-del\u00e0 de l&rsquo;aide et c&rsquo;est beaucoup plus puissant pour eux. C&rsquo;est aussi la meilleure fa\u00e7on de d\u00e9finir ce qu&rsquo;est mon r\u00f4le de coach de vie.<\/p>\n<p>Pour de vrai ! L&rsquo;objectif principal du coaching de vie est de faire travailler les gens sur eux-m\u00eames. Nous cherchons \u00e0 d\u00e9finir leurs objectifs personnels et leur vision, et nous cherchons \u00e0 leur faire avoir l&rsquo;impact qu&rsquo;ils souhaitent dans la vie.<\/p>\n<p>Parfois, l&rsquo;impact est sur leur propre vie personnelle, parce que les choses ne fonctionnent pas comme ils le souhaitent, et parfois l&rsquo;impact est sur d&rsquo;autres personnes. Tout d\u00e9pend de ce que les clients veulent, et pour \u00eatre honn\u00eate, d\u00e9finir ce que les gens veulent atteindre est g\u00e9n\u00e9ralement le plus grand d\u00e9fi.<\/p>\n<h2>On dirait que le m\u00e9tier de coach de vie est une vocation pour vous, n&rsquo;est-ce pas ?<\/h2>\n<p>J\u00e9r\u00f4me de Clarens : Le coaching de vie est une vocation pour moi, oui. Au risque de para\u00eetre \u00e9go\u00efste, \u00eatre capable de faire une r\u00e9elle diff\u00e9rence dans la vie de quelqu&rsquo;un est un sentiment incroyable que je n&rsquo;avais jamais connu avant d&rsquo;\u00eatre coach. C&rsquo;est une source importante d&rsquo;adr\u00e9naline, et je me sens plus heureux que jamais.<\/p>\n<p>J&rsquo;ai occupe plusieurs postes auparavant, mais en comparaison, le coaching est la seule chose qui cr\u00e9e une \u00e9tincelle dans la vie des gens.<\/p>\n<p>Il les structure, leur donne une vision, les incite \u00e0 se fixer des objectifs et leur donne le coup de pied aux fesses dont ils ont besoin pour que tout se passe bien pour eux.<\/p>\n<p>C&rsquo;est incroyable, mais j&rsquo;ai \u00e9galement d\u00e9couvert que le coaching a un impact sur les personnes qui entourent les personnes que je coache !<\/p>\n<p>Que ce soit naif ou non, cela me donne l&rsquo;occasion d&rsquo;ajouter de la positivit\u00e9 et du bonheur au monde, que voulez-vous d&rsquo;autre ?<\/p>\n<p>Le pouvoir positif du coaching change tout simplement la vie. Quand on voit le nombre de personnes qui se plaignent de leur vie quotidienne, cela donne du pouvoir et cela change la vie de tout le monde &#8211; eux, et moi.<\/p>\n<h2>En g\u00e9n\u00e9ral, avec quel type de \u00ab\u00a0coachee\u00a0\u00bb travaillez-vous ?<\/h2>\n<p>J\u00e9r\u00f4me de Clarens : Je coache g\u00e9n\u00e9ralement des personnes qui ont besoin d&rsquo;un changement dans leur vie parce qu&rsquo;elles ont <a href=\"https:\/\/impactified.com\/too-much-on-your-mind-jerome-de-clarens\/\">trop de choses en t\u00eate<\/a>.<\/p>\n<p>Certains ne sont pas heureux au travail et sont d\u00e9pass\u00e9s par la vie, d&rsquo;autres veulent se sentir en meilleure sant\u00e9 et comptent sur mon exp\u00e9rience d&rsquo;entra\u00eeneur personnel pour changer les choses. D&rsquo;autres encore veulent simplement que quelqu&rsquo;un les pousse parce qu&rsquo;ils ont l&rsquo;impression de stagner sans pouvoir aller plus loin.<\/p>\n<p>La chose qu&rsquo;ils veulent imm\u00e9diatement est un coup de pouce.\u00a0D&rsquo;une mani\u00e8re ou d&rsquo;une autre, ils savent que quelque chose ne fonctionne pas et ils ont tellement tergivers\u00e9 qu&rsquo;il leur est difficile de prendre une d\u00e9cision par eux-m\u00eames.<\/p>\n<p>Il est clair que mon r\u00f4le n&rsquo;est pas de prendre une d\u00e9cision \u00e0 leur place, mais de les aider \u00e0 prendre une d\u00e9cision avec laquelle ils seront heureux de vivre.<\/p>\n<p>Donc, pour moi, il y a aussi quelque chose qui est li\u00e9 \u00e0 la reconstruction de la confiance en soi et \u00e0 la recr\u00e9ation d&rsquo;une routine de bien-\u00eatre pour trouver l&rsquo;\u00e9quilibre parfait entre la famille, le travail et la vie personnelle.<\/p>\n<p>Ce qui est typique, c&rsquo;est quand les gens disent \u00ab\u00a0J&rsquo;ai toujours voulu faire ceci ou cela&#8230;\u00a0\u00bb mais qu&rsquo;ils ne prennent jamais la d\u00e9cision de le faire.<\/p>\n<p>Nous avons tous beaucoup de potentiel, il suffit de prendre la d\u00e9cision de faire bouger les choses pour nous-m\u00eames et, encore une fois, d&rsquo;un petit coup de pouce pour y arriver.<\/p>\n<h2>Le coaching consiste-t-il \u00e0 parler ?<\/h2>\n<p>J\u00e9r\u00f4me de Clarens : Certains coachs de vie se contentent de parler et de blablater pour \u00ab\u00a0aider\u00a0\u00bb leurs coachees &#8211; je ne pense pas que cela fonctionne du tout. Encore une fois, le but n&rsquo;est pas d&rsquo;aider mais de faire la diff\u00e9rence, et vous ne pouvez pas vraiment faire cela avec du blabla.<\/p>\n<p>En tant que coach de vie <em>Impactified<\/em>, j&rsquo;utilise une vari\u00e9t\u00e9 de concepts et d&rsquo;outils qui ont \u00e9t\u00e9 con\u00e7us dans un but pr\u00e9cis : structurer les pens\u00e9es et les parcours personnels des gens.\u00a0Cela donne \u00e0 mes clients un cadre pour avancer dans leur vie.<\/p>\n<p>Certains outils leur permettent de mettre des mots sur leurs sentiments, d&rsquo;autres leur permettent de d\u00e9finir leur propre vision, tr\u00e8s personnelle, et d&rsquo;autres encore leur permettent de fixer des objectifs personnels et de suivre leurs progr\u00e8s.<\/p>\n<p>L&rsquo;une des phrases que j&rsquo;aime utiliser est \u00ab\u00a0Apprenez \u00e0 mieux vous conna\u00eetre pour faire le meilleur choix pour votre vie\u00a0\u00bb, mais encore une fois, le blabla ne vous y m\u00e8nera pas &#8211; ce qui compte, c&rsquo;est de disposer d&rsquo;un cadre que les gens peuvent exploiter.<\/p>\n<h2>Cela prend-il du temps ?<\/h2>\n<p>J\u00e9r\u00f4me de Clarens : Oui. Bien s\u00fbr. On ne change pas une vie du jour au lendemain.<\/p>\n<p>Il faut du temps pour structurer, programmer et atteindre ses propres objectifs, c&rsquo;est pourquoi je suis g\u00e9n\u00e9ralement mes clients pendant au moins un an. La confiance que vous construisez au fil du temps a \u00e9galement son importance ; la pr\u00e9cipitation n&rsquo;apporte rien de bon.<\/p>\n<h2>Comment d\u00e9cririez-vous votre m\u00e9thode de coaching de vie ?<\/h2>\n<p>J\u00e9r\u00f4me de Clarens : Les gens disent que je suis quelqu&rsquo;un d&rsquo;extr\u00eamement positif et accessible, et je travaille avec les gens en utilisant ces principes tous les jours.<\/p>\n<p>Je crois \u00e0 la pens\u00e9e positive, \u00e0 la r\u00e9flexion prospective et aux r\u00e9alisations \u00e9tape par \u00e9tape, et j&rsquo;essaie donc d&rsquo;engager mes clients dans cette voie.<\/p>\n<p>C&rsquo;est tr\u00e8s personnel, mais j&rsquo;essaie aussi d&rsquo;organiser mes s\u00e9ances de coaching de vie \u00e0 l&rsquo;ext\u00e9rieur, au milieu de la nature. Le pouvoir de la nature et des belles vues aide sans aucun doute, mais parfois la meilleure chose \u00e0 faire est simplement de revenir \u00e0 l&rsquo;essentiel !<\/p>\n<p>Steve Jobs avait l&rsquo;habitude de faire cela chaque semaine et cela lui a permis de r\u00e9ussir dans le monde des affaires, pourquoi ne feriez-vous pas de m\u00eame ?<\/p>\n<h2>Quelle est la particularit\u00e9 du m\u00e9tier de coach de vie \u00e0 Hong Kong ?<\/h2>\n<p>J\u00e9r\u00f4me de Clarens : \u00catre un coach de vie \u00e0 Hong Kong et en Asie plus g\u00e9n\u00e9ralement est un d\u00e9fi parce que vivre dans cette partie du monde est un d\u00e9fi pour beaucoup de gens. Le style de vie est diff\u00e9rent, avec beaucoup de pression li\u00e9e au travail, car les loyers sont \u00e9lev\u00e9s et les gens doivent \u00eatre performants pour survivre.<\/p>\n<p>En clair, cela signifie que les gens &#8211; locaux et expatri\u00e9s &#8211; doivent faire face \u00e0 de nombreuses routines, et ils laissent tr\u00e8s souvent ces routines prendre le dessus. Le burnout devient alors facile, et le besoin de r\u00e9\u00e9valuer les priorit\u00e9s devient pressant. Le coaching devient un d\u00e9fi dans ce genre d&rsquo;environnement parce que les gens deviennent tr\u00e8s exigeants et parce que les enjeux sont importants pour eux.<\/p>\n<h2>Une derni\u00e8re r\u00e9flexion \u00e0 partager ?<\/h2>\n<p>J\u00e9r\u00f4me de Clarens : Au bout du compte, la seule chose qui compte, c&rsquo;est de travailler sur soi et d&rsquo;oser construire sa vie de r\u00eave, mais la plupart des gens ne le font jamais parce que penser que ce n&rsquo;est pas de sa faute si les choses ne fonctionnent pas est plus facile que d&rsquo;en prendre la responsabilit\u00e9. La question est de savoir ce que vous perdez en ne le faisant pas pendant que vous avez une chance de faire bouger les choses<\/p>\n<p>&#8212;&#8212;&#8212;-<\/p>\n<p><em>Vous souhaitez en savoir plus ? Vous souhaitez trouver des moyens de faire passer votre vie au niveau sup\u00e9rieur ? <a href=\"https:\/\/impactified.com\/book-a-coach-online\/life-coach\/jerome-de-clarens\/\">J\u00e9r\u00f4me de Clarens est un coach de vie \u00e0 Hong Kong<\/a>, passionn\u00e9 par le fait de pousser les gens et de faire une diff\u00e9rence dans leur vie. Voulez-vous en savoir plus ? Vous souhaitez trouver des moyens d&rsquo;amener votre vie \u00e0 un niveau sup\u00e9rieur ? R\u00e9servez d\u00e8s maintenant une s\u00e9ance de d\u00e9couverte du coaching de vie avec J\u00e9r\u00f4me de Clarens et voyez par vous-m\u00eame !<\/em><\/p>\n","protected":false},"excerpt":{"rendered":"<p>Vous vous demandez en quoi consiste le coaching de vie et comment il peut faire la diff\u00e9rence dans votre vie ? Nous avons pos\u00e9 10 questions sur le coaching de vie \u00e0 J\u00e9r\u00f4me de Clarens, coach de vie \u00e0 Hong Kong.<\/p>\n","protected":false},"author":113,"featured_media":11739,"parent":12235,"menu_order":0,"comment_status":"closed","ping_status":"closed","template":"","meta":{"_acf_changed":false,"footnotes":""},"tags":[238],"class_list":["post-18030","page","type-page","status-publish","has-post-thumbnail","hentry","tag-interviews-des-coachs"],"acf":[],"_links":{"self":[{"href":"https:\/\/impactified.com\/fr\/wp-json\/wp\/v2\/pages\/18030","targetHints":{"allow":["GET"]}}],"collection":[{"href":"https:\/\/impactified.com\/fr\/wp-json\/wp\/v2\/pages"}],"about":[{"href":"https:\/\/impactified.com\/fr\/wp-json\/wp\/v2\/types\/page"}],"author":[{"embeddable":true,"href":"https:\/\/impactified.com\/fr\/wp-json\/wp\/v2\/users\/113"}],"replies":[{"embeddable":true,"href":"https:\/\/impactified.com\/fr\/wp-json\/wp\/v2\/comments?post=18030"}],"version-history":[{"count":2,"href":"https:\/\/impactified.com\/fr\/wp-json\/wp\/v2\/pages\/18030\/revisions"}],"predecessor-version":[{"id":18031,"href":"https:\/\/impactified.com\/fr\/wp-json\/wp\/v2\/pages\/18030\/revisions\/18031"}],"up":[{"embeddable":true,"href":"https:\/\/impactified.com\/fr\/wp-json\/wp\/v2\/pages\/12235"}],"wp:featuredmedia":[{"embeddable":true,"href":"https:\/\/impactified.com\/fr\/wp-json\/wp\/v2\/media\/11739"}],"wp:attachment":[{"href":"https:\/\/impactified.com\/fr\/wp-json\/wp\/v2\/media?parent=18030"}],"wp:term":[{"taxonomy":"post_tag","embeddable":true,"href":"https:\/\/impactified.com\/fr\/wp-json\/wp\/v2\/tags?post=18030"}],"curies":[{"name":"wp","href":"https:\/\/api.w.org\/{rel}","templated":true}]}}