{"id":18114,"date":"2022-11-22T13:03:08","date_gmt":"2022-11-22T05:03:08","guid":{"rendered":"https:\/\/impactified.com\/?page_id=18114"},"modified":"2022-11-22T13:03:08","modified_gmt":"2022-11-22T05:03:08","slug":"too-much-on-your-mind-4-steps-to-get-yourself-going","status":"publish","type":"page","link":"https:\/\/impactified.com\/fr\/reserver\/life-coach\/jerome-de-clarens\/too-much-on-your-mind-4-steps-to-get-yourself-going\/","title":{"rendered":"Trop de choses en t\u00eate ? 4 \u00e9tapes pour se mettre en route"},"content":{"rendered":"<p>C&rsquo;est classique, certaines p\u00e9riodes de l&rsquo;ann\u00e9e sont propices \u00e0 la r\u00e9flexion et nous font prendre conscience que nous passons probablement trop de temps \u00e0 travailler.<\/p>\n<p>Que l&rsquo;on soit salari\u00e9 ou entrepreneur ne change pas grand-chose : le temps passe, le travail s&rsquo;accumule, on fait l&rsquo;autruche et on passe \u00e0 c\u00f4t\u00e9 de ce qui compte vraiment.<\/p>\n<p>Alors, de temps en temps, il est important de faire le point et de se poser quelques questions qui (souvent) changent tout. Voici comment vous pouvez commencer \u00e0 le faire.<\/p>\n<h2>\u00c9tape 1 : Vous avez trop de choses en t\u00eate ? Prenez un moment pour regarder en arri\u00e8re<\/h2>\n<p>La premi\u00e8re \u00e9tape consiste \u00e0 accepter de prendre un moment pour soi, simplement pour faire le point sur ce qui a fonctionn\u00e9 (ou non) au cours des douze \u00e0 vingt-quatre derniers mois. Concr\u00e8tement ? Bloquez une pause-caf\u00e9 dans votre agenda et arrangez-vous pour \u00eatre seul afin de r\u00e9fl\u00e9chir en toute tranquillit\u00e9.<\/p>\n<p>Ensuite, mettez tous les sujets sur la table.<\/p>\n<p>Votre activit\u00e9, votre m\u00e9tier, vos responsabilit\u00e9s, les relations avec les \u00e9quipes, les objectifs de l&rsquo;ann\u00e9e, etc., sans oublier les projets que vous vous \u00eates fix\u00e9s d&rsquo;un point de vue professionnel.<\/p>\n<p>Tr\u00e8s important aussi, <a href=\"https:\/\/impactified.com\/smarter-goals\/\">n&rsquo;oubliez pas de vous fixer des objectifs personnels<\/a>, qu&rsquo;il s&rsquo;agisse de cr\u00e9er une entreprise en six mois, de pr\u00e9voir un voyage au N\u00e9pal pour les vacances, ou tout simplement de faire passer la famille avant tout le reste beaucoup plus souvent.<\/p>\n<p>L&rsquo;enjeu est simple : mettre les cartes sur la table pour se donner la possibilit\u00e9 de valider ce qui fonctionne ou de remettre en question ce qui ne vous pla\u00eet pas. Cela fait du bien, mais surtout, cela vous donne une perspective &#8211; pourquoi ne pas vous faire plaisir pour une fois ?<\/p>\n<h2>\u00c9tape 2 : D\u00e9cidez de ce qui doit changer<\/h2>\n<p>Une fois que vous vous \u00eates assis et que vous vous \u00eates calm\u00e9, vous devez vous poser les bonnes questions.<\/p>\n<p>En fonction de la fr\u00e9quence \u00e0 laquelle vous avez l&rsquo;habitude de faire cet exercice (hmmm, je sais), vous pouvez aussi penser \u00e0 plus long terme. Six mois, un an, deux ans, trois ans, le but est d&rsquo;identifier ce qui fonctionne et ce qui ne fonctionne pas.<\/p>\n<p>Faites deux colonnes, et mettez sur papier les points de satisfaction, les points de frustration, mais aussi les ambitions et les choses que vous n&rsquo;avez pas eu l&rsquo;occasion de faire au final.<\/p>\n<p>Tout \u00e9crire est important car cela vous permet de clarifier, de visualiser et de r\u00e9aliser. C&rsquo;est un peu comme lorsqu&rsquo;on quitte un appartement, en fait : l&rsquo;\u00e9tat des lieux se fait par \u00e9crit, car lorsqu&rsquo;on parle, rien n&rsquo;est pr\u00e9cis, et tout est oubli\u00e9. \u00c7a ne marche pas non plus, n&rsquo;est-ce pas ?<\/p>\n<p>Lorsque tout est plus ou moins clair, d\u00e9cidez de ce que vous devez continuer \u00e0 faire et de ce que vous devez changer. Le but ici est de vous mettre dans un \u00e9tat d&rsquo;esprit positif, et de prendre des d\u00e9cisions pour vous-m\u00eames, car si <em>vous<\/em> ne le faites pas, personne ne le fera pour vous.<\/p>\n<p>Alors, pensez-y. Qu&rsquo;aimeriez-vous changer dans votre vie au cours des douze prochains mois ?<\/p>\n<h2>\u00c9tape 3 : Repenser la productivit\u00e9 et les performances<\/h2>\n<p>Si vous cherchez \u00e0 repenser votre rythme de vie, le troisi\u00e8me conseil que j&rsquo;aimerais partager ici est de <a href=\"\/increase-productivity\">repenser votre fa\u00e7on de voir les concepts de productivit\u00e9 et de performance<\/a>. Nous parlons souvent de productivit\u00e9 dans un cadre professionnel, mais le sens que nous donnons g\u00e9n\u00e9ralement \u00e0 ce mot est probl\u00e9matique.<\/p>\n<p><a href=\"https:\/\/impactified.com\/book-a-coach-online\/life-coach\/jerome-de-clarens\/\">Dans mon travail de coach de vie<\/a>, je vois souvent des personnes se battre avec elles-m\u00eames afin de produire toujours plus de r\u00e9sultats. Ceci \u00e9tant dit, permettez-moi de vous poser une question insolente : et si c&rsquo;\u00e9tait compl\u00e8tement \u00e0 c\u00f4t\u00e9 de la plaque ?<\/p>\n<p>En fin de compte, ne sommes-nous pas plus productifs en accomplissant quelques t\u00e2ches vraiment pertinentes, plut\u00f4t qu&rsquo;en cochant toutes les cases de nos interminables listes de choses \u00e0 faire ?<\/p>\n<p><a href=\"https:\/\/impactified.com\/smarter-goals\/\">\u00catre efficace ne consiste-t-il pas \u00e0 se fixer<\/a>correctement<a href=\"https:\/\/impactified.com\/smarter-goals\/\">des objectifs<\/a>et \u00e0 les atteindre plut\u00f4t que de se lasser d&rsquo;\u00eatre partout sans pouvoir dire clairement ce que l&rsquo;on a accompli ?<\/p>\n<p>N&rsquo;est-il pas plus efficace d&rsquo;\u00eatre proactif pour soi et d&rsquo;aborder les choses de mani\u00e8re r\u00e9fl\u00e9chie que d&rsquo;essayer d&rsquo;\u00eatre r\u00e9actif pour les autres ?<\/p>\n<blockquote><p>Pour aller plus loin : <a href=\"https:\/\/impactified.com\/working-too-much\/\">Vous avez trop travaill\u00e9 ces derniers temps ? 4 \u00e9tapes pour ralentir<\/a><\/p><\/blockquote>\n<p><strong>C&rsquo;est \u00e0 vous de jouer !<\/strong><\/p>\n<p>Une derni\u00e8re question : au-del\u00e0 de votre travail, qu&rsquo;avez-vous r\u00e9ussi \u00e0 faire au cours des six \u00e0 douze derniers mois ?<\/p>\n<p>Si vous avez la r\u00e9ponse, continuez sur cette voie ! Sinon, il est temps de vous lancer ! <a href=\"https:\/\/impactified.com\/book-a-coach-online\/life-coach\/jerome-de-clarens\/\">N&rsquo;h\u00e9sitez pas \u00e0 nous contacter si vous avez besoin d&rsquo;aide pour cela<\/a>!<\/p>\n<p><img fetchpriority=\"high\" decoding=\"async\" class=\"aligncenter wp-image-11307 size-full\" src=\"https:\/\/impactified.com\/wp-content\/uploads\/2022\/01\/4-trucs-de-coach-de-vie-2.jpg\" alt=\"jerome de clarens life coaching tips\" width=\"735\" height=\"1102\" srcset=\"https:\/\/impactified.com\/wp-content\/uploads\/2022\/01\/4-trucs-de-coach-de-vie-2.jpg 735w, https:\/\/impactified.com\/wp-content\/uploads\/2022\/01\/4-trucs-de-coach-de-vie-2-683x1024.jpg 683w, https:\/\/impactified.com\/wp-content\/uploads\/2022\/01\/4-trucs-de-coach-de-vie-2-600x900.jpg 600w\" sizes=\"(max-width: 735px) 100vw, 735px\" \/><\/p>\n","protected":false},"excerpt":{"rendered":"<p>Vous avez trop de choses en t\u00eate ? Vous avez l&rsquo;impression que certaines choses ne vont pas, mais vous ne savez pas trop comment vous remettre sur la bonne voie ? Dans ce court article, Jerome de Clarens (Coach de vie a Hong Kong) vous donne quelques astuces pour vous recentrer sur ce qui compte pour vous, en quatre \u00e9tapes faciles. Vous \u00eates pr\u00eat ? Lisez la suite !<\/p>\n","protected":false},"author":113,"featured_media":11304,"parent":12235,"menu_order":0,"comment_status":"closed","ping_status":"closed","template":"","meta":{"_acf_changed":false,"footnotes":""},"tags":[238],"class_list":["post-18114","page","type-page","status-publish","has-post-thumbnail","hentry","tag-interviews-des-coachs"],"acf":[],"_links":{"self":[{"href":"https:\/\/impactified.com\/fr\/wp-json\/wp\/v2\/pages\/18114","targetHints":{"allow":["GET"]}}],"collection":[{"href":"https:\/\/impactified.com\/fr\/wp-json\/wp\/v2\/pages"}],"about":[{"href":"https:\/\/impactified.com\/fr\/wp-json\/wp\/v2\/types\/page"}],"author":[{"embeddable":true,"href":"https:\/\/impactified.com\/fr\/wp-json\/wp\/v2\/users\/113"}],"replies":[{"embeddable":true,"href":"https:\/\/impactified.com\/fr\/wp-json\/wp\/v2\/comments?post=18114"}],"version-history":[{"count":2,"href":"https:\/\/impactified.com\/fr\/wp-json\/wp\/v2\/pages\/18114\/revisions"}],"predecessor-version":[{"id":18116,"href":"https:\/\/impactified.com\/fr\/wp-json\/wp\/v2\/pages\/18114\/revisions\/18116"}],"up":[{"embeddable":true,"href":"https:\/\/impactified.com\/fr\/wp-json\/wp\/v2\/pages\/12235"}],"wp:featuredmedia":[{"embeddable":true,"href":"https:\/\/impactified.com\/fr\/wp-json\/wp\/v2\/media\/11304"}],"wp:attachment":[{"href":"https:\/\/impactified.com\/fr\/wp-json\/wp\/v2\/media?parent=18114"}],"wp:term":[{"taxonomy":"post_tag","embeddable":true,"href":"https:\/\/impactified.com\/fr\/wp-json\/wp\/v2\/tags?post=18114"}],"curies":[{"name":"wp","href":"https:\/\/api.w.org\/{rel}","templated":true}]}}