{"id":18483,"date":"2023-01-05T15:57:11","date_gmt":"2023-01-05T07:57:11","guid":{"rendered":"https:\/\/impactified.com\/?page_id=18483"},"modified":"2023-01-05T21:36:29","modified_gmt":"2023-01-05T13:36:29","slug":"sebastien-hidalgo-coach-d-affaires","status":"publish","type":"page","link":"https:\/\/impactified.com\/fr\/reserver\/business-coach\/sebastien-hidalgo\/sebastien-hidalgo-coach-d-affaires\/","title":{"rendered":"\u00ab\u00a0Sur, sur, sur, et non plus dans, dans, dans ! \u00a0\u00bb L&rsquo;interview Impactified de Sebastien Hidalgo"},"content":{"rendered":"<h2>Bonjour S\u00e9bastien Hidalgo ! Nous sommes curieux : d\u2019o\u00f9 venez-vous exactement ?<\/h2>\n<p>S\u00e9bastien Hidalgo\u00a0: Je suis coach d\u2019affaires bas\u00e9 au sud de Paris, entre Orl\u00e9ans et Montargis. Je suis originaire de la r\u00e9gion parisienne, plus pr\u00e9cis\u00e9ment de la Seine et Marne o\u00f9 j\u2019ai grandi avec mes deux fr\u00e8res.<\/p>\n<p>Apr\u00e8s avoir obtenu un dipl\u00f4me d\u2019ing\u00e9nieur \u00e0 Caen, je suis arriv\u00e9 dans le Loiret en 2010. J\u2019ai pass\u00e9 dix ans dans l\u2019industrie de l\u2019\u00e9nergie nucl\u00e9aire. En changeant de poste r\u00e9guli\u00e8rement, j\u2019ai pu explorer les diff\u00e9rents aspects de la production et ai appris \u00e0 devenir un manager, puis \u00e0 coacher mes \u00e9quipes.<\/p>\n<p>J\u2019aime \u00eatre confront\u00e9 \u00e0 ce qui est nouveau, relever des d\u00e9fis, encore plus si cela demande un travail d\u2019\u00e9quipe. Cela correspond \u00e0 deux convictions profondes, nous apprenons et \u00e9voluons toute notre vie et nous allons plus loin \u00e0 plusieurs.<\/p>\n<h2>Qu\u2019est-ce qui vous a pouss\u00e9 \u00e0 devenir coach ?<\/h2>\n<p>S\u00e9bastien Hidalgo\u00a0: J\u2019ai \u00e9t\u00e9 certifi\u00e9 coach en 2021 mais j\u2019avais d\u00e9j\u00e0 mis les mains dans le pot de confiture depuis un bon moment. Il ne manquait qu\u2019une validation en fin de compte.<\/p>\n<p>En r\u00e9alit\u00e9, le sujet m\u2019int\u00e9resse depuis plusieurs ann\u00e9es et continue de me fasciner.<\/p>\n<p>Je suis un cart\u00e9sien dans l\u2019\u00e2me, quelqu\u2019un qui analyse les faits pour y trouver une relation logique.<\/p>\n<p>Pourtant, ce que nous prenons pour des faits n\u2019est souvent qu\u2019une interpr\u00e9tation \u00e9motionnelle de la r\u00e9alit\u00e9, et l\u2019enjeu est de filtrer l\u2019information pour arriver \u00e0 des conclusions et \u00e0 des d\u00e9cisions qui font sens. C\u2019est mon travail en tant que coach \u2013 pousser les gens \u00e0 r\u00e9fl\u00e9chir avec un angle diff\u00e8rent, pour les faire arriver \u00e0 des conclusions avec lesquelles ils sont confortables.<\/p>\n<p>Le coaching implique de faire confiance \u00e0 un tiers, mais l\u2019exercice vous redonne le contr\u00f4le.<\/p>\n<p>Vos pens\u00e9es et actions \u00ab\u00a0logiques\u00a0\u00bb pass\u00e9es ne sont plus aussi pertinentes que vous ne le pensiez.<\/p>\n<p>Vos blocages ne sont plus des v\u00e9rit\u00e9s \u00e9tablies.<\/p>\n<p>Vous (re)devenez responsable de vos \u00e9motions.<\/p>\n<p>Vos d\u00e9cisions sont davantage li\u00e9es \u00e0 votre \u00e9tat d\u2019esprit &#8211; et il devient donc primordial d\u2019aborder les enjeux avec un nouvel \u00e9tat d\u2019esprit en b\u00e9ton.<\/p>\n<p>En th\u00e9orie, c\u2019est simple. En pratique, \u00e7a ne l\u2019est jamais, et se faire accompagner cr\u00e9e une r\u00e9elle diff\u00e9rence.<\/p>\n<h2>Comment expliqueriez-vous votre travail de coach d\u2019affaires ?<\/h2>\n<p>S\u00e9bastien Hidalgo\u00a0: \u00catre entrepreneur, dirigeant d\u2019entreprise ou manager implique souvent de travailler seul, voire de d\u00e9cider seul sur des enjeux pouvant concerner la survie de l\u2019entreprise.<\/p>\n<p>Parfois, cela signifie travailler beaucoup et souvent trop, rencontrer des situations in\u00e9dites sans formation pr\u00e9alable\u2026<\/p>\n<p>En bref, cela fait des entrepreneurs une population qui a toutes les raisons de mettre des \u0153ill\u00e8res et le nez dans le guidon, et on constate que <a href=\"https:\/\/impactified.com\/fr\/reserver-un-coach-en-ligne\/business-coach\/pourquoi-les-cadres-dirigeants-atteignent-un-plafond-de-verre\">les cadres dirigeants atteignent leur plafond de verre de plus en plus vite<\/a>, et toujours plus fort.<\/p>\n<p>Leurs efforts quotidiens sont consomm\u00e9s par l\u2019entreprise, sans possibilit\u00e9 d\u2019anticiper et encore moins \u00e9voluer.<\/p>\n<p>Cette situation semble insupportable et pourtant dans les faits, il s\u2019agit du revers de la m\u00e9daille dont personne n\u2019a conscience.<\/p>\n<p>On se sent bloqu\u00e9 mais l\u2019entreprise tourne (ou a tourn\u00e9 convenablement pendant un temps) donc le probl\u00e8me est externe \u00e0 l\u2019entreprise \u2013 inutile d\u2019en parler.<\/p>\n<p>Sauf que, non, le probl\u00e8me est s\u00e9rieux, et il est interne, li\u00e9 \u00e0 vos croyances limitantes. Et c\u2019est l\u00e0 que j\u2019interviens en tant que coach d\u2019affaires pour vous emmener \u2013 vous et votre entreprise, en r\u00e9alit\u00e9 \u2013 au-del\u00e0 de ce plafond de verre.<\/p>\n<p>Soit la personne en a conscience mais ne sais pas par o\u00f9 commencer. Soit, sans vraiment pouvoir nommer le probl\u00e8me, il devient de plus en plus lourd \u00e0 porter et la personne recherche un moyen de le solutionner.<\/p>\n<h2>Concr\u00e8tement, en quoi consiste votre travail de coach d\u2019affaires?<\/h2>\n<p>S\u00e9bastien Hidalgo : Bien qu\u2019externe \u00e0 l\u2019entreprise, <a href=\"https:\/\/impactified.com\/fr\/reserver-un-coach-en-ligne\/business-coach\/pourquoi-le-coach-d-affaires-reste-le-meilleur-bras-droit-des-dirigeants\/\">le coach d\u2019affaires est de plus en plus per\u00e7u comme le bras droit des dirigeants<\/a>.<\/p>\n<p>Il est un partenaire de confiance pour l\u2019entrepreneur. Il utilise des outils pour faciliter la r\u00e9flexion et encourager son \u2018coachee\u2019 \u00e0 travailler <em>sur<\/em> son entreprise, <em>sur<\/em> son management, <em>sur<\/em> ses process, et <em>sur<\/em> son organisation en g\u00e9n\u00e9ral.<\/p>\n<p>Sur, sur, sur, et non plus dans, dans, dans.<\/p>\n<p>En g\u00e9n\u00e9ral ces outils sont disponibles dans la litt\u00e9rature, \u00e0 condition que vous ayez le temps de lire, comprendre et mettre en application le contenu de plusieurs dizaines d\u2019ouvrages bien s\u00fbr.<\/p>\n<p>Mais la v\u00e9ritable proposition de valeur du coach r\u00e9side dans sa capacit\u00e9 \u00e0 \u00e9couter et challenger la compr\u00e9hension et la mise en application de ces principes par le dirigeant, qui est encourag\u00e9 \u00e0 pousser la r\u00e9flexion jusqu\u2019\u00e0 ce que les choses soient suffisamment claires pour enclencher l\u2019\u00e9tape suivante et d\u00e9cider.<\/p>\n<p>Chaque s\u00e9ance est un regard objectif pos\u00e9 sur l\u2019organisation, ainsi qu\u2019une bonne dose de mise en action.<\/p>\n<p>Le client sait ce qui est bon pour l\u2019entreprise et les croyances qui l\u2019emp\u00eachent d\u2019agir sont rapidement \u00e0 court d\u2019arguments. Je vous accompagne pour faire cela, car tout seul vous trouverez toujours quelque chose de plus \u00ab\u00a0urgent\u00a0\u00bb \u00e0 faire.<\/p>\n<h2>On dirait que le m\u00e9tier de coach d\u2019affaire est une vocation pour vous, n\u2019est-ce pas ?<\/h2>\n<p>S\u00e9bastien Hidalgo : Je me suis int\u00e9ress\u00e9 au coaching lorsque j\u2019\u00e9tais manager, fortement occup\u00e9 et certainement le nez dans le guidon. Mais j\u2019ai pu changer d\u2019\u00e9tat d\u2019esprit, prendre du recul, m\u2019ouvrir, g\u00e9rer mon stress, changer mes pratiques, \u00eatre plus efficace\u2026<\/p>\n<p>Cela m\u2019a donn\u00e9 envie de partager mes acquis avec ceux qui ressentent le besoin d\u2019\u00e9voluer et d\u2019aller plus loin dans leur vie.<\/p>\n<p>Pour moi, le coaching d\u2019affaires est une m\u00e9thode d\u2019accompagnement qui peut parfois bousculer mais qui laisse \u00e0 la personne la libert\u00e9 de ses choix et donc les b\u00e9n\u00e9fices de ses d\u00e9cisions.<\/p>\n<p>Ce que j\u2019aime particuli\u00e8rement en tant que business coach, c\u2019est voir mes clients changer d\u2019\u00e9tat d\u2019esprit. Lorsqu\u2019ils ont ce moment de clairvoyance qui leur permet de grandir et d\u2019avancer. L\u2019effet sur le client est corr\u00e9l\u00e9 et a imm\u00e9diatement un impact concret sur l\u2019entreprise et vice versa.<\/p>\n<p>C\u2019est mon c\u00f4t\u00e9 pragmatique, j\u2019aime voir les effets du coaching se traduire dans la r\u00e9alit\u00e9 observable.<\/p>\n<h2>Cela prend-il du temps ?<\/h2>\n<p>S\u00e9bastien Hidalgo : Vous seriez surpris de ce que l\u2019on peut accomplir en deux \u00e0 trois s\u00e9ances par mois.<\/p>\n<p>Bien entendu, cela peut d\u00e9pendre de l\u2019implication et la facilit\u00e9 de chacun \u00e0 assimiler des \u00e9l\u00e9ments nouveaux. N\u00e9anmoins, je dirai que pour le dirigeant qui a l\u2019impression de rater quelque chose, l\u2019effet est imm\u00e9diat.<\/p>\n<p>Par exemple, nous proposons syst\u00e9matiquement de <a href=\"https:\/\/impactified.com\/fr\/reserver-un-coach-en-ligne\/business-coach\/faire-une-analyse-swot-conseils-de-business-coach\">r\u00e9aliser une analyse SWOT permettant de faire un tour \u00e0 360\u00b0 de l\u2019entreprise<\/a>. Je ne parle pas d\u2019un SWOT d\u2019\u00e9cole de commerce d\u00e9cousu, soyons clairs, mais d\u2019un SWOT de l\u2019organisation \u00e0 part enti\u00e8re. La vue d\u2019ensemble, la strat\u00e9gie commerciale, l\u2019utilisation des process, la r\u00e9sistance aux pressions ext\u00e9rieurs, le leadership, et l\u2019utilisation (ou pas\u00a0!) des leviers d\u2019acc\u00e9l\u00e9ration classiques. Les r\u00e9actions sont g\u00e9n\u00e9ralement imm\u00e9diates\u00a0!<\/p>\n<p>On organise aussi r\u00e9guli\u00e8rement des ateliers tr\u00e8s ludiques qui rassemblent les \u00e9quipes autour de sujets pr\u00e9cis \u2013 d\u00e9finition d\u2019une vision et d\u2019un message, team building, am\u00e9lioration de process, am\u00e9lioration du positionnement de l\u2019entreprise\u2026<\/p>\n<p>Les sujets sont illimit\u00e9s, mais on arrive \u00e0 des r\u00e9sultats ultra concrets en une, deux, trois journ\u00e9es. L\u2019impact est imm\u00e9diat et les \u00e9quipes en sortent transform\u00e9es.<\/p>\n<p>Sur du plus long terme, on travaille aussi sur l\u2019optimisation du temps et la performance des \u00e9quipes. Mais faire \u00e9conomiser au patron deux \u00e0 trois jours de travail par semaine prend autour d\u2019une ann\u00e9e \u00e0 raison de deux sessions par mois.<\/p>\n<p>Au final, le dirigeant dispose d\u2019\u00e9l\u00e9ments concrets. Ils ne sont pas encore solutionn\u00e9s, mais les probl\u00e8mes sont identifi\u00e9s. Et ce sentiment de maitrise du sujet met imm\u00e9diatement le client dans un nouvel \u00e9tat d\u2019esprit positif.<\/p>\n<p>Concernant l\u2019impact sur l\u2019entreprise en tant que telle, il faut compter un \u00e0 trois mois pour que les effets des premi\u00e8res actions soient mesurables en termes d\u2019avancement vers l\u2019objectif annuel vis\u00e9.<\/p>\n<h2>En g\u00e9n\u00e9ral, avec quel type de \u201ccoachee\u201d travaillez-vous ?<\/h2>\n<p>S\u00e9bastien Hidalgo\u00a0: L\u2019entreprenariat est dynamique en France et que ce soit pour d\u00e9velopper une id\u00e9e innovante, r\u00e9pondre \u00e0 un besoin sp\u00e9cifique, ou vivre de son m\u00e9tier, il y a des entrepreneurs tout autour de vous.<\/p>\n<p>Une entreprise pour se d\u00e9velopper passe par diff\u00e9rentes \u00e9tapes, ce qui requiert d\u2019acqu\u00e9rir constamment de nouvelles comp\u00e9tences, et parfois un \u00e9tat d\u2019esprit diff\u00e9rent.<\/p>\n<p>Souvent les entrepreneurs apprennent sur le tas, ils s\u2019adaptent en essayant de r\u00e9pondre \u00e0 ces nouveaux besoins. Dans le meilleur des cas, ils suivront une formation, mais ils n\u2019en retiendront que la partie qu\u2019ils auront appliqu\u00e9 imm\u00e9diatement, l\u2019instant n&rsquo;\u00e9tant pas propice pour le reste.<\/p>\n<p>D\u2019ailleurs, les astuces partag\u00e9es sur <a href=\"https:\/\/impactified.com\/fr\/mba-accelere\/\">le blog du MBA Acc\u00e9l\u00e9r\u00e9 de <em>Impactified<\/em><\/a> sont souvent d\u00e9crites par nos clients comme \u00e9tant bien plus pragmatiques et actionnables qu\u2019un MBA en un ou deux ans \u2013 \u00e7a veut tout dire\u2026<\/p>\n<h2>Vous intervenez aupr\u00e8s des \u00e9quipes\u00a0?<\/h2>\n<p>S\u00e9bastien Hidalgo\u00a0: Oui, r\u00e9guli\u00e8rement. D\u2019ailleurs, si nos collaborations commencent souvent par le coaching du patron, la tendance est que le coaching de l\u2019\u00e9quipe dirigeante se met en place dans les six \u00e0 huit mois, suivi plus tard par le coaching du mid-management.<\/p>\n<p>C\u2019est plut\u00f4t logique, en fin de compte, car ce qui fonctionne avec le patron en termes de performance et de r\u00e9flexion d\u2019ensemble fonctionne aussi parfaitement avec ses adjoints.<\/p>\n<p>A mon sens, l\u2019un des grands d\u00e9fis d\u2019un entrepreneur (et incontournable pour une entreprise) est l\u2019animation des \u00e9quipes au quotidien.<\/p>\n<p>De multiples questions accompagnent ce d\u00e9fi car soudain votre vision d\u2019entreprise, la valeur que vous apportez en tant que dirigeant ne d\u00e9pend plus uniquement de vous mais de votre capacit\u00e9 \u00e0 communiquer vos motivations et \u00e0 structurer votre organisation.<\/p>\n<p>\u00catre un bon professionnel ne suffit plus, vous devez d\u00e9velopper des comp\u00e9tences de leader.<\/p>\n<p>Ainsi, je travaille avec des dirigeants qui ont conscience que leur organisation a besoin d\u2019\u00e9voluer pour s\u2019adapter et rester performante.<\/p>\n<p>Pour parler franchement\u00a0? Ils ont conscience d\u2019avoir un trou au pantalon et ils ne veulent pas le voir s\u2019agrandir. Mieux, ils veulent le faire disparaitre sans devoir changer de garde-robe. Et ils ont besoin d\u2019un regard ext\u00e9rieur pour trouver comment s\u2019y prendre au mieux.<\/p>\n<p>Souvent, ils ne sont pas rest\u00e9s sans rien faire. Ils ont essay\u00e9 d\u2019autres m\u00e9thodes\u00a0: s\u2019informer\/ se former pour traiter le probl\u00e8me tout seul, mise en place d\u2019une nouvelle approche\u2026\u00a0 Mais si le constat est que le trou est toujours l\u00e0, c\u2019est que la m\u00e9thode employ\u00e9e n\u2019\u00e9tait pas la bonne.<\/p>\n<h2>Justement, comment d\u00e9cririez-vous votre m\u00e9thode de coaching d\u2019affaire ?<\/h2>\n<p>S\u00e9bastien Hidalgo : <a href=\"https:\/\/impactified.com\/fr\/reserver-un-coach-en-ligne\/business-coach\/coaching-de-dirigeant-caisse-de-resonnance\">le coaching de dirigeant est avant tout une question de caisse de r\u00e9sonnance<\/a>.<\/p>\n<p>En premier lieu, le client n\u2019est plus seul avec sa propre m\u00e9thode, son r\u00e9sum\u00e9 de formation ou ses r\u00e9flexions. Il a un partenaire de confiance avec qui les partager, moi son coach. Et si les outils lui manquent, les outils <em>Impactified<\/em> entrent en jeu.<\/p>\n<p>Ensuite, lorsque la personne s\u2019engage \u00e0 faire quelque chose, elle a un engagement envers moi et doit aller au bout. Je suis mes clients sur au moins un an, il est hors de question de trainer un sujet non trait\u00e9 lorsque quelqu\u2019un vous tapote l\u2019\u00e9paule toutes les semaines.<\/p>\n<p>Je ne cherche pas \u00e0 transmettre une connaissance g\u00e9n\u00e9rale sur un th\u00e8me mais \u00e0 proposer le cadrage adapt\u00e9 dont le coachee a besoin pour faire avancer son entreprise \u00e0 l\u2019instant ad\u00e9quat. Mon but est d\u2019enrichir la r\u00e9flexion, d\u2019aboutir \u00e0 des yeux \u00e9carquiller qui exprimeront le mieux la valeur que la personne vient de recevoir.<\/p>\n<p>Enfin, bien que je challenge volontiers mon interlocuteur, la d\u00e9cision finale reste la sienne et sera certainement la mani\u00e8re la plus motivante pour lui et la plus adapt\u00e9e \u00e0 son entreprise, son secteur, ses valeurs\u2026<\/p>\n<h2>Concr\u00e8tement, par quoi on commence\u00a0?<\/h2>\n<p>S\u00e9bastien Hidalgo\u00a0: On commence toujours par d\u00e9cider de bouger pour soi-m\u00eame. Je ne peux rien pour vous si vous ne voulez rien am\u00e9liorer dans votre boite, c\u2019est aussi simple que \u00e7a.<\/p>\n<p>Ensuite on continue avec le SWOT dont je parlais plus haut, car c\u2019est le seul moyen de voir o\u00f9 se trouve l\u2019entreprise d\u2019un point de vue interne, et de pouvoir identifier les opportunit\u00e9s qui sont pour le moment inexploit\u00e9es bien qu\u2019accessibles.<\/p>\n<p>Puis la m\u00e9thode <em>Impactified<\/em> vous fait creuser qui vous \u00eates, comment vous r\u00e9fl\u00e9chissez, et ce que vous voulez obtenir \u00e0 moyen et long terme. Ce qui nous am\u00e8ne au fait de mettre des objectifs de travail noir sur blanc, d\u2019un point de vue strat\u00e9gique et op\u00e9rationnel.<\/p>\n<p>Selon ces objectifs, on travaillera ensuite sur l\u2019organisation, le positionnement commercial, la strat\u00e9gie de partenariats, l\u2019optimisation du temps, la performance des \u00e9quipes, ou encore l\u2019optimisation des actifs de l\u2019entreprise.<\/p>\n<p>Au fur et \u00e0 mesure, on fait aussi le point sur les progr\u00e8s, et on ajuste.<\/p>\n<h2>Vous faites des plans d\u2019affaire\u00a0?<\/h2>\n<p>S\u00e9bastien Hidalgo\u00a0: Oui et non. Si une entreprise a besoin de mettre en place un plan d\u2019affaire, je dispose des outils pour obtenir un r\u00e9sultat efficace en peu de temps.<\/p>\n<p>Cela \u00e9tant dit, mon r\u00f4le est de faciliter la r\u00e9flexion et de provoquer des r\u00e9actions \u2013 il n\u2019est pas de r\u00e9diger un plan d\u2019affaire \u00e0 la place de mon client.<\/p>\n<h2>Le mot de la fin\u00a0?<\/h2>\n<p>S\u00e9bastien Hidalgo\u00a0: Les coachs d\u2019affaires sont tr\u00e8s courants aux Etats Unis o\u00f9 les entrepreneurs et dirigeants assument et revendiquent de faire appel \u00e0 un coach pour avancer plus vite.<\/p>\n<p>Je vois cette tendance apparaitre doucement en France et suis tr\u00e8s excit\u00e9 de pouvoir y participer, cependant le gros du travail d\u00e9pend de la volont\u00e9 des clients \u00e0 bouger pour eux-m\u00eames. Et sur ce point, je ne peux malheureusement pas faire beaucoup. C\u2019est \u00e0 vous de jouer\u00a0!<\/p>\n","protected":false},"excerpt":{"rendered":"<p>C&rsquo;est la coutume, lorsqu&rsquo;un coach d&rsquo;affaire rejoint l&rsquo;\u00e9quipe Impactified, nous le faisons passer au grill pour vous aider \u00e0 comprendre d&rsquo;o\u00f9 il vient et ce qu&rsquo;il peut apporter \u00e0 votre quotidien. Dans cette interview, S\u00e9bastien Hidalgo nous parle donc de son r\u00f4le de coach d&rsquo;affaires &#8211; bonne lecture !<\/p>\n","protected":false},"author":169,"featured_media":18484,"parent":14001,"menu_order":0,"comment_status":"closed","ping_status":"closed","template":"","meta":{"_acf_changed":false,"footnotes":""},"tags":[238],"class_list":["post-18483","page","type-page","status-publish","has-post-thumbnail","hentry","tag-interviews-des-coachs"],"acf":[],"_links":{"self":[{"href":"https:\/\/impactified.com\/fr\/wp-json\/wp\/v2\/pages\/18483","targetHints":{"allow":["GET"]}}],"collection":[{"href":"https:\/\/impactified.com\/fr\/wp-json\/wp\/v2\/pages"}],"about":[{"href":"https:\/\/impactified.com\/fr\/wp-json\/wp\/v2\/types\/page"}],"author":[{"embeddable":true,"href":"https:\/\/impactified.com\/fr\/wp-json\/wp\/v2\/users\/169"}],"replies":[{"embeddable":true,"href":"https:\/\/impactified.com\/fr\/wp-json\/wp\/v2\/comments?post=18483"}],"version-history":[{"count":5,"href":"https:\/\/impactified.com\/fr\/wp-json\/wp\/v2\/pages\/18483\/revisions"}],"predecessor-version":[{"id":18496,"href":"https:\/\/impactified.com\/fr\/wp-json\/wp\/v2\/pages\/18483\/revisions\/18496"}],"up":[{"embeddable":true,"href":"https:\/\/impactified.com\/fr\/wp-json\/wp\/v2\/pages\/14001"}],"wp:featuredmedia":[{"embeddable":true,"href":"https:\/\/impactified.com\/fr\/wp-json\/wp\/v2\/media\/18484"}],"wp:attachment":[{"href":"https:\/\/impactified.com\/fr\/wp-json\/wp\/v2\/media?parent=18483"}],"wp:term":[{"taxonomy":"post_tag","embeddable":true,"href":"https:\/\/impactified.com\/fr\/wp-json\/wp\/v2\/tags?post=18483"}],"curies":[{"name":"wp","href":"https:\/\/api.w.org\/{rel}","templated":true}]}}