{"id":18902,"date":"2023-06-20T06:35:50","date_gmt":"2023-06-19T22:35:50","guid":{"rendered":"https:\/\/impactified.com\/?page_id=18902"},"modified":"2023-06-20T07:20:07","modified_gmt":"2023-06-19T23:20:07","slug":"coach-de-dirigeant-que-faut-il-attendre","status":"publish","type":"page","link":"https:\/\/impactified.com\/fr\/reserver\/business-coach\/coaching-dirigeant\/coach-de-dirigeant-que-faut-il-attendre\/","title":{"rendered":"Que faut-il Attendre d&rsquo;un Coach de Dirigeant, Exactement ?"},"content":{"rendered":"<p>Pas d\u2019\u00e9chappatoire, en tant que dirigeant ou cadre sup\u00e9rieur, on est souvent confront\u00e9s \u00e0 des responsabilit\u00e9s tr\u00e8s lourdes qui peuvent nous amener \u00e0 perdre de vue vos objectifs \u00e0 long terme pour nous concentrer sur les t\u00e2ches quotidiennes.<\/p>\n<p>On est aussi bien trop souvent confront\u00e9s \u00e0 des obstacles professionnels et personnels qui peuvent nous emp\u00eacher d&rsquo;atteindre votre plein potentiel. En bref, diriger c\u2019est \u00eatre soumis \u00e0 une pression constante, et g\u00e9rer n\u2019est pas chose facile.<\/p>\n<p>C&rsquo;est lorsque ce genre de difficult\u00e9s se pr\u00e9sente et qu\u2019atteindre vos objectifs devient compliqu\u00e9 qu&rsquo;un coach de dirigeant entre en jeu.<\/p>\n<p>Mais, question importante, quel est exactement le r\u00f4le d\u2019un coach de dirigeant, et que faut-il r\u00e9ellement attendre d&rsquo;un coach de dirigeant ?<\/p>\n<p>La question est l\u00e9gitime et la r\u00e9ponse est simple : <a href=\"https:\/\/impactified.com\/fr\/reserver-un-coach-en-ligne\/business-coach\/coaching-dirigeant\">le coaching de dirigeant offre \u00e0 ceux qui ont besoin de d\u00e9cider et d\u2019agir la caisse de r\u00e9sonnance dont ils ont besoin<\/a> au quotidien.<\/p>\n<p>Dans cet article, nous explorons les attentes et les qualit\u00e9s cl\u00e9s d&rsquo;un bon coach de dirigeant. Et nous vous donnons les cl\u00e9s pour vous aider \u00e0 prendre une d\u00e9cision \u00e9clair\u00e9e et inform\u00e9e si la question du coaching fait partie de vos consid\u00e9rations du moment.<\/p>\n<p>&nbsp;<\/p>\n<div id=\"cbox-cKAnYuVH0UZnPxUt\"><\/div>\n<h2>Qu\u2019attendre d&rsquo;un coach de dirigeant<\/h2>\n<p>Les dirigeants et les cadres sup\u00e9rieurs ont besoin d&rsquo;un accompagnement pour les aider \u00e0 fixer des objectifs clairs et r\u00e9alisables, sortir de leur zone de confort, am\u00e9liorer leurs comp\u00e9tences en leadership et surmonter les obstacles professionnels et personnels qui entravent leur succ\u00e8s.<\/p>\n<p>Un coach de dirigeant doit donc \u00eatre capable de comprendre votre situation unique et de vous aider \u00e0 atteindre vos objectifs de mani\u00e8re efficace \u2013 ce qui bien entendu n\u00e9cessite une collaboration \u00e9troite et une synergie de travail qui doit \u00eatre construite et nourrie au fil du temps.<\/p>\n<h3>Le coach doit vous aider \u00e0 fixer des objectifs clairs et r\u00e9alisables<\/h3>\n<p>Pour commencer, un bon coach de dirigeant vous aidera \u00e0 <a href=\"https:\/\/impactified.com\/fr\/reserver-un-coach-en-ligne\/business-coach\/coaching-dirigeant\/defnir-des-objectifs-realisables\">fixer des objectifs clairs et r\u00e9alisables<\/a>, en fonction de vos aspirations et des besoins de votre entreprise. Il (ou elle\u00a0!) doit vous aider \u00e0 vous concentrer sur l&rsquo;essentiel et \u00e0 prioriser vos objectifs pour les atteindre de mani\u00e8re efficace et efficiente.<\/p>\n<p>Mais, bien \u00e9videmment, il doit aussi vous pousser et vous stimuler de mani\u00e8re r\u00e9guli\u00e8re pour vous permettre d\u2019atteindre ces m\u00eames objectifs.<\/p>\n<p>Pour illustrer, nous travaillons souvent avec des entrepreneurs, chefs d\u2019entreprise et d\u00e9cideurs qui ont du mal \u00e0 se d\u00e9tacher des sujets et \u00e0 d\u00e9l\u00e9guer des t\u00e2ches importantes \u00e0 leurs \u00e9quipes.<\/p>\n<p>Ensemble, nous d\u00e9finissons donc des objectifs pour les aider \u00e0 <a href=\"https:\/\/impactified.com\/fr\/reserver-un-coach-en-ligne\/business-coach\/coaching-dirigeant\/mieux-deleguer\">d\u00e9l\u00e9guer plus efficacement<\/a> et \u00e0 se concentrer sur les t\u00e2ches \u00e0 grosse valeur ajout\u00e9e qui requi\u00e8rent r\u00e9ellement leur temps, leur \u00e9nergie et leur expertise.<\/p>\n<p>Au passage, le fait de responsabiliser les \u00e9quipes cr\u00e9e de l\u2019autonomie et donne de la valeur a l\u2019entreprise. C\u2019est donc gagnant-gagnant.<\/p>\n<h3>Il doit vous permettre de sortir de votre zone de confort<\/h3>\n<p>Un coach de dirigeant doit \u00e9galement aider son client \u00e0 <a href=\"https:\/\/impactified.com\/fr\/reserver-un-coach-en-ligne\/business-coach\/coaching-dirigeant\/zone-de-confort\">sortir de sa zone de confort<\/a>, ce qui est tout aussi n\u00e9cessaire que difficile pour la plupart des gens.<\/p>\n<p>Cela peut \u00eatre difficile pour les dirigeants, car lorsque l\u2019on \u00e9volue en permanence dans un environnement risqu\u00e9 alors travailler dans des conditions aussi confortables et rassurantes que possible est appr\u00e9ciable.<\/p>\n<p>Cela dit, cette bulle confortable ne vous pousse pas \u00e0 aller au-del\u00e0 des limites actuelles \u2013 ce qui est un \u00e9l\u00e9ment cl\u00e9, aussi bien pour la croissance de votre entreprise que pour votre d\u00e9veloppement personnel cela dit au passage.<\/p>\n<p>Le coach doit donc pouvoir <a href=\"https:\/\/impactified.com\/fr\/reserver-un-coach-en-ligne\/business-coach\/coaching-dirigeant\/prendre-des-risques-calcules\">encourager le dirigeant \u00e0 prendre des risques calcul\u00e9s<\/a> pour surmonter ses peurs et relever de nouveaux d\u00e9fis.<\/p>\n<p>Par exemple, nous aidons r\u00e9guli\u00e8rement des entreprises (les dirigeants mais aussi leurs \u00e9quipes) qui ont besoin d\u2019ouvrir de nouveaux march\u00e9s mais ont du mal \u00e0 s&rsquo;adapter \u00e0 de nouvelles r\u00e9alit\u00e9s.<\/p>\n<p>L\u2019entr\u00e9e dans une zone d\u2019inconfort \u00e9tant \u00e9vidente, nous les poussons alors \u00e0 sortir de leur zone d\u2019action habituelle et \u00e0 aller explorer de nouveaux domaines, de nouveaux segments de march\u00e9, et de nouvelles industries.<\/p>\n<p>Nous faisons aussi passer tous nos clients par un <a href=\"https:\/\/impactified.com\/fr\/reserver-un-coach-en-ligne\/business-coach\/coaching-dirigeant\/faire-un-swot-efficace\">process d\u2019analyse SWOT extr\u00eamement efficace<\/a> (forces, faiblesses, opportunit\u00e9s, menaces) qui leur donne des r\u00e9ponses tr\u00e8s objectives quant \u00e0 ce qui est \u00e0 faire urgemment, ou de mani\u00e8re plus espac\u00e9e dans le temps.<\/p>\n<p>Gr\u00e2ce \u00e0 cela, ils sont davantage en mesure de d\u00e9couvrir de nouvelles opportunit\u00e9s pour leur entreprise &#8211; c\u2019est un changement radical, mais il n\u2019y a pas mieux pour aller de l\u2019avant.<\/p>\n<p>&nbsp;<\/p>\n<div id=\"cbox-1P0SXJhXVVQCsQSo\"><\/div>\n<h3>Un coach doit vous aider \u00e0 surmonter vos obstacles professionnels (et personnels) au fil de l\u2019eau<\/h3>\n<p>Un bon coach de dirigeant doit \u00e9galement vous aider \u00e0 surmonter les obstacles professionnels et personnels qui peuvent entraver votre succ\u00e8s.<\/p>\n<p>Cela peut inclure la gestion du stress, la r\u00e9solution de conflits, la prise de d\u00e9cisions difficiles ou la gestion du temps. De mani\u00e8re courante, un coach de dirigeant sera aussi largement implique dans le processus de r\u00e9flexion et de gestion des affaires de son client, qui se servira de lui comme d\u2019une caisse de r\u00e9sonance.<\/p>\n<p>Dans toutes ces situations, le coach doit donc \u00eatre en mesure de vous fournir des conseils pratiques et des outils pour vous aider \u00e0 surmonter ces obstacles et \u00e0 rester concentr\u00e9 sur vos objectifs.<\/p>\n<p>Il est par exemple typique de travailler avec des entrepreneurs et cadres dirigeants qui rencontrent des difficult\u00e9s \u00e0 g\u00e9rer leur stress, ce qui affecte par ailleurs leur performance professionnelle et personnelle. Ensemble, nous identifions donc des techniques de gestion du stress pour aider le client \u00e0 rester concentr\u00e9 et \u00e0 am\u00e9liorer sa performance.<\/p>\n<p><a href=\"https:\/\/impactified.com\/fr\/reserver-un-coach-en-ligne\/business-coach\/coaching-dirigeant\/performance-des-equipes\">La m\u00eame logique s\u2019applique aussi couramment aux \u00e9quipes<\/a>, cela dit en passant, car celles-ci peuvent profiter des m\u00eames outils et des m\u00eames m\u00e9thodes pour aller de l\u2019avant et gagner en performance.<\/p>\n<h3>Un coach doit vous permettre de d\u00e9velopper une vision claire pour votre entreprise<\/h3>\n<p>\u00catre dirigeant d&rsquo;une entreprise est un exercice passionnant, mais cela peut \u00e9galement \u00eatre un d\u00e9fi de taille. Entre la gestion quotidienne de l&rsquo;entreprise et les impr\u00e9vus, il peut \u00eatre difficile pour ceux qui d\u00e9cident et organisent de rester concentr\u00e9s sur les objectifs \u00e0 long terme.<\/p>\n<p>C&rsquo;est l\u00e0 qu&rsquo;un coach de dirigeant peut aider.<\/p>\n<p>Un coach sera parfaitement \u00e0 m\u00eame de faciliter la mise au point d\u2019une vision claire pour l&rsquo;entreprise, en travaillant en \u00e9troite collaboration avec dirigeants et \u00e9quipes pour comprendre les besoins et les d\u00e9fis de l&rsquo;entreprise, \u00e9tablir des objectifs \u00e0 long terme, et d\u00e9finir une strat\u00e9gie claire pour atteindre les objectifs fixes.<\/p>\n<p>Point important, cela \u00e9tant dit, le coach doit \u00eatre en mesure de fournir un point de vue ext\u00e9rieur et impartial pour aider le dirigeant \u00e0 d\u00e9velopper une vision claire et \u00e0 rester concentr\u00e9 sur l&rsquo;objectif \u00e0 long terme. Cela veut dire qu\u2019<a href=\"https:\/\/impactified.com\/fr\/reserver-un-coach-en-ligne\/business-coach\/coaching-dirigeant\/a-vous-de-faire\">il ne prendra jamais de d\u00e9cisions a la place des \u00e9quipes<\/a>, et ne fournira pas non plus de solutions \u201ctoutes faites\u201d.<\/p>\n<p>Typiquement, en revanche, les coachs business <em>Impactified<\/em> organisent de mani\u00e8re r\u00e9guli\u00e8re des <a href=\"https:\/\/impactified.com\/fr\/reserver-un-coach-en-ligne\/business-coach\/coaching-dirigeant\/ateliers-brainstorming\">ateliers de travail et de brainstorming<\/a>, dans lesquels leur r\u00f4le est de faciliter la r\u00e9flexion, l\u2019imagination, la cr\u00e9ativit\u00e9 et la mise au point de solutions a toutes sortes de probl\u00e8mes.<\/p>\n<h2>Les qualit\u00e9s d&rsquo;un bon coach de dirigeant<\/h2>\n<p>Il d\u00e9coule des paragraphes pr\u00e9c\u00e9dents qu\u2019<a href=\"https:\/\/impactified.com\/fr\/reserver-un-coach-en-ligne\/business-coach\/coaching-dirigeant\/trouver-le-bon-coach-de-dirigeant\">un bon coach de dirigeant doit poss\u00e9der certaines qualit\u00e9s<\/a> pour pouvoir aider efficacement ses clients \u00e0 atteindre leurs objectifs. Plus pr\u00e9cis\u00e9ment\u00a0? Excellente question \u00e0 laquelle nous allons maintenant r\u00e9pondre\u00a0!<\/p>\n<h3>Comp\u00e9tences en communication<\/h3>\n<p>Un bon coach de dirigeant doit \u00eatre un excellent communicateur.<\/p>\n<p>Il doit \u00eatre capable de communiquer clairement et efficacement avec ses clients pour les aider \u00e0 comprendre comment ils peuvent am\u00e9liorer leur leadership et atteindre leurs objectifs. Il doit \u00e9galement \u00eatre capable d&rsquo;\u00e9couter attentivement ses clients et de leur donner des commentaires constructifs pour les aider \u00e0 s&rsquo;am\u00e9liorer.<\/p>\n<p>Au sein du r\u00e9seau <em>Impactified<\/em>, les business coachs sont par ailleurs form\u00e9s \u00e0 <a href=\"https:\/\/impactified.com\/fr\/reserver-un-coach-en-ligne\/business-coach\/coaching-dirigeant\/mentoring-de-dirigeants\">utiliser des m\u00e9thodes de mentoring qui vont au-del\u00e0 du simple coaching<\/a>.<\/p>\n<h3>Capacit\u00e9 \u00e0 poser des questions pertinentes<\/h3>\n<p>Bien \u00e9videmment, un bon coach doit \u00eatre capable de poser des questions pertinentes pour aider ses clients \u00e0 d\u00e9couvrir leurs propres r\u00e9ponses.<\/p>\n<p>Les questions doivent \u00eatre ouvertes et permettre aux clients de r\u00e9fl\u00e9chir profond\u00e9ment sur leur situation et leur propre r\u00f4le en tant que dirigeant. De fait, ces questions doivent aider les clients \u00e0 identifier leurs points forts et leurs faiblesses, ainsi que les actions concr\u00e8tes qu&rsquo;ils doivent prendre pour atteindre leurs objectifs.<\/p>\n<p>Attention, cela \u00e9tant dit, \u00e0 ne pas vous retrouver coinc\u00e9 avec un coach qui se contente de poser des questions sans vous pousser \u00e0 y trouver des r\u00e9ponses.\u00a0<a href=\"https:\/\/impactified.com\/fr\/reserver-un-coach-en-ligne\/business-coach\/coaching-dirigeant\/limites-du-coaching\">C\u2019est l\u2019une des limites du coaching que nous constatons souvent<\/a>, et c\u2019est aussi pourquoi nos coachs sont form\u00e9s pour ne pas se contenter de mettre leurs clients dans une question de simple positionnement qui ne fait avancer personne. Pensez-y\u00a0!<\/p>\n<p>&nbsp;<\/p>\n<div id=\"cbox-yVjQoA09OUMWOqMV\"><\/div>\n<h3>Connaissance de l&rsquo;entreprise et de l&rsquo;industrie<\/h3>\n<p>Un bon coach doit \u00eatre bien inform\u00e9 de l&rsquo;entreprise et de l&rsquo;industrie dans laquelle son client \u00e9volue. Certes, son c\u0153ur de m\u00e9tier reste l\u2019entrepreneuriat, le management et la direction d\u2019entreprise. Cela dit, comprendre votre industrie est essentiel.<\/p>\n<p>Cette connaissance lui permettra de donner des conseils pertinents et de vous aider \u00e0 mettre en place des solutions sp\u00e9cifiques \u00e0 votre situation, actuelle et future.<\/p>\n<p>Un coach qui a de l&rsquo;exp\u00e9rience dans l&rsquo;industrie peut \u00e9galement aider son client \u00e0 d\u00e9velopper de nouvelles comp\u00e9tences et \u00e0 se connecter avec d\u2019avantage de personnes cl\u00e9s dans le secteur \u2013 il faut voir large\u00a0!<\/p>\n<h3>Capacit\u00e9 \u00e0 inspirer et motiver les dirigeants<\/h3>\n<p>Un bon coach de dirigeant doit \u00eatre capable d&rsquo;inspirer et de <a href=\"https:\/\/impactified.com\/fr\/reserver-un-coach-en-ligne\/business-coach\/coaching-dirigeant\/coacher-ses-equipes\">motiver (coacher\u00a0!) les \u00e9quipes \u00e0 aller plus loin<\/a> et \u00e0 atteindre leurs objectifs.<\/p>\n<p>C\u2019est important, parce que comme nous l\u2019avons expliqu\u00e9 plus t\u00f4t, votre coach sera souvent amen\u00e9 \u00e0 travailler avec vos \u00e9quipes tout autant qu\u2019avec vous\u00a0!<\/p>\n<p>A cet effet, il doit \u00eatre capable de communiquer pour que son client se sente motiv\u00e9 et confiant dans sa capacit\u00e9 \u00e0 r\u00e9ussir. Cela passe par diff\u00e9rentes m\u00e9thodes, notamment en c\u00e9l\u00e9brant les succ\u00e8s, en fournissant des encouragements r\u00e9guliers et en aidant l\u2019interlocuteur (vous\u00a0!) \u00e0 rester concentr\u00e9 sur ses objectifs.<\/p>\n<h2>Conclusion : Il est temps d\u2019agir !<\/h2>\n<p>En fin de compte, un coach de dirigeant doit \u00eatre capable de fournir un point de vue ext\u00e9rieur et impartial pour aider les dirigeants \u00e0 d\u00e9velopper une vision claire pour leur entreprise et \u00e0 rester concentr\u00e9s sur l&rsquo;objectif (les objectifs\u00a0!) \u00e0 long terme.<\/p>\n<p>Avec les bonnes qualit\u00e9s et comp\u00e9tences, un coach de dirigeant peut aider les dirigeants \u00e0 atteindre leur potentiel maximal et \u00e0 r\u00e9aliser leurs objectifs les plus ambitieux &#8211; si vous \u00eates pr\u00eat \u00e0 passer \u00e0 l\u2019action, alors la prochaine \u00e9tape est de <a href=\"https:\/\/impactified.com\/fr\/reserver-un-coach-en-ligne\/business-coach\/\">prendre rendez-vous avec un business coach <em>Impactified<\/em><\/a>! Vous attendez quoi, au juste\u00a0?<\/p>\n","protected":false},"excerpt":{"rendered":"<p>\u201cCoach ! Je fais quelques recherches pour comprendre ce que je peux attendre d\u2019un coach de dirigeant ? Je lis beaucoup de choses mais, au final, que penser du sujet ? merci !\u201d<\/p>\n","protected":false},"author":2,"featured_media":18904,"parent":18258,"menu_order":0,"comment_status":"closed","ping_status":"closed","template":"","meta":{"_acf_changed":false,"footnotes":""},"tags":[236],"class_list":["post-18902","page","type-page","status-publish","has-post-thumbnail","hentry","tag-serie-travailler-avec-un-business-coach-2"],"acf":[],"_links":{"self":[{"href":"https:\/\/impactified.com\/fr\/wp-json\/wp\/v2\/pages\/18902","targetHints":{"allow":["GET"]}}],"collection":[{"href":"https:\/\/impactified.com\/fr\/wp-json\/wp\/v2\/pages"}],"about":[{"href":"https:\/\/impactified.com\/fr\/wp-json\/wp\/v2\/types\/page"}],"author":[{"embeddable":true,"href":"https:\/\/impactified.com\/fr\/wp-json\/wp\/v2\/users\/2"}],"replies":[{"embeddable":true,"href":"https:\/\/impactified.com\/fr\/wp-json\/wp\/v2\/comments?post=18902"}],"version-history":[{"count":5,"href":"https:\/\/impactified.com\/fr\/wp-json\/wp\/v2\/pages\/18902\/revisions"}],"predecessor-version":[{"id":18921,"href":"https:\/\/impactified.com\/fr\/wp-json\/wp\/v2\/pages\/18902\/revisions\/18921"}],"up":[{"embeddable":true,"href":"https:\/\/impactified.com\/fr\/wp-json\/wp\/v2\/pages\/18258"}],"wp:featuredmedia":[{"embeddable":true,"href":"https:\/\/impactified.com\/fr\/wp-json\/wp\/v2\/media\/18904"}],"wp:attachment":[{"href":"https:\/\/impactified.com\/fr\/wp-json\/wp\/v2\/media?parent=18902"}],"wp:term":[{"taxonomy":"post_tag","embeddable":true,"href":"https:\/\/impactified.com\/fr\/wp-json\/wp\/v2\/tags?post=18902"}],"curies":[{"name":"wp","href":"https:\/\/api.w.org\/{rel}","templated":true}]}}