{"id":18909,"date":"2023-06-01T06:46:42","date_gmt":"2023-05-31T22:46:42","guid":{"rendered":"https:\/\/impactified.com\/?page_id=18909"},"modified":"2023-06-20T07:22:02","modified_gmt":"2023-06-19T23:22:02","slug":"coaching-du-dirigeant-faire-la-difference","status":"publish","type":"page","link":"https:\/\/impactified.com\/fr\/reserver\/business-coach\/coaching-dirigeant\/coaching-du-dirigeant-faire-la-difference\/","title":{"rendered":"Coaching du Dirigeant : l&rsquo;Investissement qui Fait LA Diff\u00e9rence Vitale"},"content":{"rendered":"<p>Les dirigeants sont les piliers de toute entreprise\u00a0: responsables de la prise de d\u00e9cisions strat\u00e9giques, de la motivation des employ\u00e9s et de la r\u00e9ussite globale de l&rsquo;entreprise, beaucoup passe par eux. De fait, le prix \u00e0 payer pour ce genre de responsabilit\u00e9 est souvent \u00e9lev\u00e9, et \u00eatre seul(e) au sommet peut s\u2019av\u00e9rer difficile.<\/p>\n<p>Face \u00e0 ce genre de d\u00e9fi, m\u00eame les entrepreneurs et managers les plus talentueux peuvent se retrouver bloqu\u00e9s ou dans une situation inconfortable. De plus en plus, faire appel \u00e0 un coach de dirigeant devient donc une opportunit\u00e9 que beaucoup saisissent.<\/p>\n<p>En offrant \u00e0 ceux qui doivent d\u00e9cider et agir la caisse de r\u00e9sonnance priv\u00e9e, l&rsquo;expertise et le soutien dont ils ont en r\u00e9alit\u00e9 besoin pour atteindre leur plein potentiel, le coaching du dirigeant apporte en effet beaucoup de solutions.<\/p>\n<p>Souvent, une question reste cependant en suspens : quel est le retour sur investissement du coaching du dirigeant ?<\/p>\n<p>A quel(s) niveau(x) le coaching est-il utile\u00a0? Pour qui\u00a0? Pour quoi\u00a0? Les retours sont-ils imm\u00e9diats\u00a0?<\/p>\n<p>Dans cet article, nous discutons donc de ce qui fait LA diff\u00e9rence lorsque l\u2019on a recours \u00e0 un coach d\u2019entreprise. Et nous vous donnons quelques astuces pour choisir le coach qui conviendra le mieux \u00e0 VOTRE entreprise.<\/p>\n<p>&nbsp;<\/p>\n<div id=\"cbox-cKAnYuVH0UZnPxUt\"><\/div>\n<h2>Le point cl\u00e9 du coaching du dirigeant : donner \u00e0 votre entreprise ce coup de boost dont elle a besoin<\/h2>\n<p>Oui, c\u2019est direct. Travailler avec un coach d\u2019entreprise, c\u2019est une excellente mani\u00e8re de donner \u00e0 votre business un coup de boost qui fait du bien \u00e0 tous les niveaux.<\/p>\n<p>Bien entendu, le coaching du dirigeant peut aider le dirigeant \u00e0 d\u00e9velopper et \u00e0 am\u00e9liorer \u00e0 un niveau personnel une vari\u00e9t\u00e9 de comp\u00e9tences et de qualit\u00e9s de leadership qui peuvent avoir un impact significatif sur la performance globale de l&rsquo;entreprise. Mais il peut aussi permettre \u00e0 l\u2019entreprise de mieux tourner, en mettant de l\u2019huile dans des rouages cl\u00e9s bien souvent oubli\u00e9s.<\/p>\n<h3>Am\u00e9lioration des comp\u00e9tences de leadership<\/h3>\n<p>Le coaching du dirigeant peut aider les personnes en charge de l\u2019entreprise (\u00e0 plusieurs niveaux\u00a0!) \u00e0 <a href=\"https:\/\/impactified.com\/fr\/reserver-un-coach-en-ligne\/business-coach\/coaching-dirigeant\/developper-son-leadership\">d\u00e9velopper des comp\u00e9tences de leadership plus solides<\/a>, telles que la communication, la r\u00e9solution de probl\u00e8mes et la prise de d\u00e9cisions strat\u00e9giques \u2013 sans oublier bien entendu la d\u00e9finition d\u2019objectifs.<\/p>\n<p>Lors des sessions d\u2019accompagnement, les cadres dirigeants (d\u00e9cideurs comme managers) ont par ailleurs une opportunit\u00e9 unique de remettre en question leurs propres m\u00e9thodes de management, et de prendre en compte les besoins (souvent mis de c\u00f4t\u00e9) <a href=\"https:\/\/impactified.com\/fr\/reserver-un-coach-en-ligne\/business-coach\/coaching-dirigeant\/mid-management\">de leur propre(s) \u00e9quipe(s) de management<\/a>.<\/p>\n<p>Par exemple, un coach pourra vous familiariser avec diverses m\u00e9thodes de profilage et vous aider \u00e0 mieux comprendre le comportement de tel ou tel collaborateur. Mais il pourra aussi vous aider \u00e0 prendre du recul, \u00e0 r\u00e9fl\u00e9chir \u00e0 comment faire passer votre message, et \u00e0 faire en sorte d\u2019\u00eatre \u00e9cout\u00e9 par votre audience. Pas si \u00e9vident\u00a0!<\/p>\n<p><em>Lire aussi: <a href=\"https:\/\/impactified.com\/fr\/reserver-un-coach-en-ligne\/business-coach\/coaching-dirigeant\">le coaching de dirigeant offre \u00e0 ceux qui ont besoin de d\u00e9cider et d\u2019agir la caisse de r\u00e9sonnance dont ils ont besoin<\/a> au quotidien.<\/em><\/p>\n<h3>Renforcement de la culture d&rsquo;entreprise<\/h3>\n<p>Les dirigeants qui ont des comp\u00e9tences solides en leadership peuvent plus ais\u00e9ment renforcer la culture d&rsquo;entreprise au sein de leur organisation, et un programme de coaching du dirigeant pourra l\u00e0 aussi apporter une contribution significative.<\/p>\n<p>En particulier, un coach professionnel saura vous aider \u00e0 <a href=\"https:\/\/impactified.com\/fr\/reserver-un-coach-en-ligne\/business-coach\/coaching-dirigeant\/vision-d-entreprise\">mettre en place une vision strat\u00e9gique claire<\/a> capable de dynamiser et motiver les \u00e9quipes. Mais il saura aussi vous aider \u00e0 motiver les employ\u00e9s \u00e0 atteindre les objectifs de l&rsquo;entreprise en les impliquant dans la d\u00e9marche.<\/p>\n<p>Le sujet est loin d\u2019\u00eatre anodin \u2013 beaucoup d\u2019entreprises ignorent l\u2019importance d\u2019investir sur une marque employeur solide, dont l\u2019effet principal est bien souvent d\u2019attirer les talents, mais aussi de les garder dans le temps\u00a0!<\/p>\n<h3>Maximisation de la performance de l&rsquo;entreprise<\/h3>\n<p>Mettre en place un programme de coaching en entreprise est avant tout un moyen efficace de maximiser la performance globale de l&rsquo;entreprise.<\/p>\n<p>Le coaching du dirigeant \u2013 ou des dirigeants, le cas \u00e9ch\u00e9ant \u2013 peut aider les responsables de l\u2019entreprise \u00e0 comprendre comment utiliser leurs comp\u00e9tences de leadership pour am\u00e9liorer les r\u00e9sultats financiers et op\u00e9rationnels, mais il peut aussi aider les \u00e9quipes \u00e0 obtenir plus de r\u00e9sultats avec moins d\u2019efforts.<\/p>\n<p>Pour commencer, un coach fera le n\u00e9cessaire pour vous aider \u00e0 <a href=\"https:\/\/impactified.com\/fr\/reserver-un-coach-en-ligne\/business-coach\/coaching-dirigeant\/defnir-des-objectifs-realisables\">d\u00e9finir des objectifs concrets que vos \u00e9quipes pourront r\u00e9aliser sans se demander ce que vous avez en t\u00eate<\/a>. L\u2019id\u00e9e semble b\u00eate\u00a0? Certes, mais vous seriez surpris(e) de voir \u00e0 quel point l\u2019absence d\u2019objectifs tangibles et mesurables est un probl\u00e8me r\u00e9current qui bloque les collaborateurs. Pas anodin du tout\u00a0!<\/p>\n<p>En r\u00e9alisant <a href=\"https:\/\/impactified.com\/fr\/reserver-un-coach-en-ligne\/business-coach\/coaching-dirigeant\/faire-un-swot-efficace\">un audit SWOT pouss\u00e9 de votre structure<\/a>, un coach vous fera aussi travailler sur les forces et faiblesses de votre organisation, afin de mettre toutes les chances de votre c\u00f4t\u00e9 et de travailler sur ce qui peut faire une diff\u00e9rence op\u00e9rationnelle plus ou moins rapidement.<\/p>\n<p>En fin de compte, une opportunit\u00e9 reste une faiblesse tant que vous ne l\u2019avez pas transform\u00e9e en force, mais qui dans votre entreprise est en mesure de mettre le doigt sur ce qui est cach\u00e9 dans vos angles morts\u00a0? Vous ne le pouvez pas, mais nous avons l\u2019habitude\u00a0!<\/p>\n<p>&nbsp;<\/p>\n<div id=\"cbox-1P0SXJhXVVQCsQSo\"><\/div>\n<p>Enfin, en \u00e9tant \u00e0 vos c\u00f4t\u00e9s sur le long terme, le coach du dirigeant sera en mesure d\u2019aider \u00e0 <a href=\"https:\/\/impactified.com\/fr\/reserver-un-coach-en-ligne\/business-coach\/coaching-dirigeant\/mid-management\">former un mid-management capable de g\u00e9rer des sujets importants \u00e0 votre place<\/a>. Soyons francs, former des talents est un vrai enjeu mais le temps et la technique manquent souvent. Le r\u00f4le du coach dans ce cas devient d\u2019apporter les enjeux de leadership a d\u2019autres niveaux de votre structure en donnant aux uns et aux autres la caisse de r\u00e9sonnance dont ils ont besoin pour performer.<\/p>\n<h3>Gestion du stress et am\u00e9lioration du bien-\u00eatre g\u00e9n\u00e9ral<\/h3>\n<p>En parlant de performance, il est important de <a href=\"https:\/\/impactified.com\/fr\/reserver-un-coach-en-ligne\/business-coach\/coaching-dirigeant\/stress-et-burnout\">ne pas oublier la gestion du stress<\/a> \u2013 professionnel et \u00e9motionnel. En r\u00e9alit\u00e9, ne pas coacher ses \u00e9quipes, c\u2019est un moyen tr\u00e8s efficace de ne pas les aider \u00e0 mieux g\u00e9rer leur temps, et de ne pas leur permettre de r\u00e9duire leur rythme et charge de travail\u00a0!<\/p>\n<p>Par contre, leur <a href=\"https:\/\/impactified.com\/fr\/reserver-un-coach-en-ligne\/business-coach\/coaching-dirigeant\/mentoring-de-dirigeants\">mettre \u00e0 disposition un programme de coaching et de mentoring<\/a>, c\u2019est un moyen pertinent de les aider \u00e0 s\u2019organiser, \u00e0 mettre en place des priorit\u00e9s, et \u00e0 ne plus perdre de temps sur ce qui ruine leur productivit\u00e9.<\/p>\n<p>Si vos \u00e9quipes sont en difficult\u00e9 et semblent peiner \u00e0 d\u00e9livrer, offrir ce genre de support est un moyen efficace de remettre les sujets \u00e0 plat\u00a0!<\/p>\n<h2>La diff\u00e9rence entre les entreprises qui font appel \u00e0 un coach et celles qui ne font pas appel \u00e0 un coach<\/h2>\n<p>Les entreprises qui ont croient au coaching du dirigeant et de ses \u00e9quipes peuvent donc avoir un avantage significatif par rapport \u00e0 celles qui n&rsquo;en ont pas. Voici quelques diff\u00e9rences cl\u00e9s entre les entreprises qui font appel \u00e0 un coach et celles qui ne le font pas.<\/p>\n<h3>Des dirigeants plus confiants et plus comp\u00e9tents<\/h3>\n<p>Premier point important, les dirigeants qui b\u00e9n\u00e9ficient d&rsquo;un coaching r\u00e9gulier sont plus confiants et ont tendance \u00e0 \u00eatre plus comp\u00e9tents que ceux qui n&rsquo;en ont pas.<\/p>\n<p>Nous l\u2019avons vu, les coachs de dirigeants aident leurs clients \u00e0 d\u00e9velopper des comp\u00e9tences de leadership de haut niveau, telles que la communication, la prise de d\u00e9cision et la r\u00e9solution de probl\u00e8mes, ce qui leur permet de prendre des d\u00e9cisions plus \u00e9clair\u00e9es et de g\u00e9rer plus efficacement leur entreprise.<\/p>\n<p>Un cadre qui b\u00e9n\u00e9ficie d\u2019un accompagnement pourra par ailleurs avancer plus sereinement et se tenir \u00e0 ses objectifs plus efficacement \u2013 plus efficace que de marcher sur des \u0153ufs en permanence\u00a0!<\/p>\n<p>Mais, <a href=\"https:\/\/impactified.com\/fr\/reserver-un-coach-en-ligne\/business-coach\/coaching-dirigeant\/coacher-ses-equipes\">coacher ses \u00e9quipes<\/a> permet aussi de travailler \u00e0 la mise en place de structures de mid-management qui ont un impact tr\u00e8s significatif sur la gestion des op\u00e9rations courantes \u2013 si vous cherchez \u00e0 faire monter vos collaborateurs en confiance et en comp\u00e9tence, le coaching du dirigeant marche mais il y a d&rsquo;autres options possibles. Pensez-y !<\/p>\n<p>&nbsp;<\/p>\n<div id=\"cbox-yVjQoA09OUMWOqMV\"><\/div>\n<h3>Une productivit\u00e9 accrue<\/h3>\n<p>Les entreprises qui mettent en place des programmes de business coaching pour leurs \u00e9quipes voient aussi leur productivit\u00e9 accroitre.<\/p>\n<p>En particulier, le coaching forme les collaborateurs \u00e0 prendre des initiatives et \u00e0 travailler plus efficacement, <a href=\"https:\/\/impactified.com\/fr\/reserver-un-coach-en-ligne\/business-coach\/coaching-dirigeant\/equipes-proactives\">ce qui rend les \u00e9quipes beaucoup plus proactives<\/a> (alors qu\u2019elles se contentent en g\u00e9n\u00e9ral d\u2019\u00eatre r\u00e9actives).<\/p>\n<p>Un coach sera aussi extr\u00eamement bien plac\u00e9 pour faciliter la collaboration entre les collaborateurs, car en <a href=\"https:\/\/impactified.com\/fr\/reserver-un-coach-en-ligne\/business-coach\/coaching-dirigeant\/ateliers-brainstorming\">organisant et en facilitant des ateliers de brainstorming<\/a>, il poussera les uns et les autres \u00e0 participer \u00e0 un effort beaucoup plus collectif qu\u2019avant.<\/p>\n<h3>Une r\u00e9tention des employ\u00e9s plus \u00e9lev\u00e9e<\/h3>\n<p>Cons\u00e9quence des points pr\u00e9c\u00e9dents, les entreprises qui ont recours \u00e0 un coach de dirigeant ont tendance \u00e0 noter une r\u00e9tention des employ\u00e9s beaucoup plus \u00e9lev\u00e9e que celles qui n&rsquo;en ont pas.<\/p>\n<p>D\u2019une part, les employ\u00e9s sont plus susceptibles de rester dans une entreprise dans laquelle les dirigeants sont comp\u00e9tents et o\u00f9 la culture d&rsquo;entreprise est positive.<\/p>\n<p>D\u2019autre part, leur offrir un accompagnement qui les stimule en leur offrant une formation et un espace de d\u00e9veloppement personnel priv\u00e9, et les aide \u00e0 progresser dans leur carri\u00e8re contribue \u00e0 cr\u00e9er une sensation de \u00ab\u00a0marque employeur\u00a0\u00bb propice \u00e0 la r\u00e9tention des talents cl\u00e9. Le coaching professionnel est impactant \u00e0 tous les niveaux\u00a0!<\/p>\n<h3>Des r\u00e9sultats financiers sup\u00e9rieurs<\/h3>\n<p>Le coaching du dirigeant, typiquement, aura aussi un impact en termes de r\u00e9sultats financiers.<\/p>\n<p>Un business coach saura questionner votre positionnement en termes de march\u00e9, et il pourra le cas \u00e9ch\u00e9ant vous aider <a href=\"https:\/\/impactified.com\/fr\/reserver-un-coach-en-ligne\/business-coach\/coaching-dirigeant\/ocean-bleu\">\u00e0 mettre en place un positionnement alternatif via des ateliers de strat\u00e9gie \u00ab\u00a0Oc\u00e9an Bleu\u00a0\u00bb \u00e0 l\u2019impact redoutable<\/a>. On vous pr\u00e9vient, vos concurrents vont d\u00e9tester\u2026<\/p>\n<p>Bien entendu, <a href=\"https:\/\/impactified.com\/fr\/reserver-un-coach-en-ligne\/business-coach\/coaching-dirigeant\/ecrire-un-plan-d%E2%80%99affaire\">la contribution de votre coach pourra aussi porter sur la r\u00e9vision de votre plan d\u2019affaire<\/a> et sur votre strat\u00e9gie financi\u00e8re d\u2019une mani\u00e8re plus g\u00e9n\u00e9rale \u2013 particuli\u00e8rement pertinent <a href=\"https:\/\/impactified.com\/fr\/reserver-un-coach-en-ligne\/business-coach\/coaching-dirigeant\/trouver-des-financements\">si vous cherchez de nouveaux financements<\/a>, ou si vous cherchez \u00e0 <a href=\"https:\/\/impactified.com\/fr\/reserver-un-coach-en-ligne\/business-coach\/coaching-dirigeant\/revendre-son-entreprise\">valoriser votre entreprise pour la revendre \u00e0 terme<\/a>.<\/p>\n<h2>Conclusion : le coaching du dirigeant (et de ses \u00e9quipes) est un investissement vital pour le succ\u00e8s de votre entreprise<\/h2>\n<p>En somme ? Le coaching du dirigeant est un investissement crucial pour la r\u00e9ussite de votre entreprise.<\/p>\n<p>En aidant les dirigeants \u00e0 d\u00e9velopper des comp\u00e9tences de leadership plus solides, \u00e0 am\u00e9liorer la culture d&rsquo;entreprise, \u00e0 maximiser la performance de l&rsquo;entreprise et \u00e0 g\u00e9rer le stress, le coaching du dirigeant peut aider votre \u00e9quipe et votre entreprise \u00e0 atteindre des niveaux de r\u00e9ussite sup\u00e9rieurs.<\/p>\n<p><a href=\"https:\/\/impactified.com\/fr\/reserver-un-coach-en-ligne\/business-coach\/coaching-dirigeant\/trouver-le-bon-coach-de-dirigeant\">En choisissant le bon coach de dirigeant<\/a>, vous b\u00e9n\u00e9ficierez de l&rsquo;expertise et du soutien n\u00e9cessaires pour atteindre votre plein potentiel et mener leur entreprise vers le succ\u00e8s. La question la plus importante est la suivante\u00a0: quelle est votre prochaine \u00e9tape\u00a0? <a href=\"https:\/\/impactified.com\/fr\/reserver-un-coach-en-ligne\/business-coach\/coaching-dirigeant\/trouver-le-bon-coach\">R\u00e9servez votre coach en ligne d\u00e8s maintenant<\/a>\u00a0!<\/p>\n","protected":false},"excerpt":{"rendered":"<p>Coach ! Petite question dans le cadre du d\u00e9veloppement de mon entreprise : quel est le retour sur investissement du coaching du dirigeant ? Quelles diff\u00e9rences majeures puis-je esp\u00e9rer ? Merci d\u2019avance !<\/p>\n","protected":false},"author":2,"featured_media":18917,"parent":18258,"menu_order":0,"comment_status":"closed","ping_status":"closed","template":"","meta":{"_acf_changed":false,"footnotes":""},"tags":[236],"class_list":["post-18909","page","type-page","status-publish","has-post-thumbnail","hentry","tag-serie-travailler-avec-un-business-coach-2"],"acf":[],"_links":{"self":[{"href":"https:\/\/impactified.com\/fr\/wp-json\/wp\/v2\/pages\/18909","targetHints":{"allow":["GET"]}}],"collection":[{"href":"https:\/\/impactified.com\/fr\/wp-json\/wp\/v2\/pages"}],"about":[{"href":"https:\/\/impactified.com\/fr\/wp-json\/wp\/v2\/types\/page"}],"author":[{"embeddable":true,"href":"https:\/\/impactified.com\/fr\/wp-json\/wp\/v2\/users\/2"}],"replies":[{"embeddable":true,"href":"https:\/\/impactified.com\/fr\/wp-json\/wp\/v2\/comments?post=18909"}],"version-history":[{"count":5,"href":"https:\/\/impactified.com\/fr\/wp-json\/wp\/v2\/pages\/18909\/revisions"}],"predecessor-version":[{"id":18916,"href":"https:\/\/impactified.com\/fr\/wp-json\/wp\/v2\/pages\/18909\/revisions\/18916"}],"up":[{"embeddable":true,"href":"https:\/\/impactified.com\/fr\/wp-json\/wp\/v2\/pages\/18258"}],"wp:featuredmedia":[{"embeddable":true,"href":"https:\/\/impactified.com\/fr\/wp-json\/wp\/v2\/media\/18917"}],"wp:attachment":[{"href":"https:\/\/impactified.com\/fr\/wp-json\/wp\/v2\/media?parent=18909"}],"wp:term":[{"taxonomy":"post_tag","embeddable":true,"href":"https:\/\/impactified.com\/fr\/wp-json\/wp\/v2\/tags?post=18909"}],"curies":[{"name":"wp","href":"https:\/\/api.w.org\/{rel}","templated":true}]}}