{"id":18923,"date":"2023-05-20T07:36:12","date_gmt":"2023-05-19T23:36:12","guid":{"rendered":"https:\/\/impactified.com\/?page_id=18923"},"modified":"2023-08-05T22:03:10","modified_gmt":"2023-08-05T14:03:10","slug":"transformer-son-entreprise-avec-le-coaching-des-dirigeants","status":"publish","type":"page","link":"https:\/\/impactified.com\/fr\/reserver\/business-coach\/coaching-dirigeant\/transformer-son-entreprise-avec-le-coaching-des-dirigeants\/","title":{"rendered":"Transformer Son Entreprise avec le Coaching des Dirigeants ? Evidemment !"},"content":{"rendered":"<p>Il n&rsquo;y a pas de recette magique pour diriger une entreprise avec succ\u00e8s : les dirigeants ont besoin de comp\u00e9tences solides, de connaissances approfondies en gestion, d\u2019un instinct entrepreneurial aiguis\u00e9, et d&rsquo;un grand sens de l&rsquo;organisation pour faire face aux d\u00e9fis qui se pr\u00e9sentent.<\/p>\n<p>Cependant, m\u00eame les dirigeants les plus accomplis se sentent souvent seuls dans leur parcours entrepreneurial (on ne peut pas parler des probl\u00e8mes avec n\u2019importe qui !) et ressentent donc le besoin de coaching pour maximiser leur potentiel et atteindre des objectifs. Surtout lorsque des transformations importantes sont en cours ou \u00e0 venir.<\/p>\n<p>Bien plus qu\u2019une possibilit\u00e9, le coaching des dirigeants devient alors une opportunit\u00e9.<\/p>\n<p>Pourquoi ? Parce que le coaching, en tant que processus de d\u00e9veloppement personnel et professionnel impactant, cr\u00e9e une relation de travail dans laquelle un coach travaille en \u00e9troite collaboration avec un dirigeant pour l&rsquo;aider \u00e0 am\u00e9liorer ses comp\u00e9tences, \u00e0 surmonter les obstacles et \u00e0 atteindre ses objectifs &#8211; le tout dans un cadre de libert\u00e9 et de confidentialit\u00e9 total propice \u00e0 l\u2019id\u00e9ation et \u00e0 la prise de d\u00e9cision.<\/p>\n<p>Dit autrement, la vue d\u2019ensemble est simple : <a href=\"https:\/\/impactified.com\/fr\/reserver-un-coach-en-ligne\/business-coach\/coaching-dirigeant\/\">le coaching de dirigeant offre \u00e0 ceux qui ont besoin de d\u00e9cider et d\u2019agir la caisse de r\u00e9sonnance dont ils ont besoin<\/a> au quotidien.<\/p>\n<p>&nbsp;<\/p>\n<div id=\"cbox-cKAnYuVH0UZnPxUt\"><\/div>\n<p>De fait, les coachs de dirigeants sont des experts en leadership et en gestion, et ils utilisent leur exp\u00e9rience et leur expertise pour aider les dirigeants \u00e0 acqu\u00e9rir des comp\u00e9tences de leadership de haut niveau.<\/p>\n<p>Pour cette raison, le coaching et le mentoring sont ces derni\u00e8res ann\u00e9es de plus en plus populaires. Historiquement, si la tendance \u00e0 \u00e9t\u00e9 particuli\u00e8rement marqu\u00e9e aux Etats Unis, elle se d\u00e9veloppe aussi de plus en plus en France, o\u00f9 les coachs d\u2019affaires ont de plus en plus la quotte.<\/p>\n<p>Les entreprises se rendent en effet de plus en plus compte que les dirigeants, souvent trop seuls au sommet, ont besoin d&rsquo;un soutien suppl\u00e9mentaire pour r\u00e9ussir. Elles investissent donc dans des programmes de coaching pour les aider \u00e0 d\u00e9velopper leur potentiel.<\/p>\n<p>Dans cet article, nous allons explorer les avantages du coaching des dirigeants, la fa\u00e7on de choisir un coach de dirigeant et les r\u00e9sultats que les entreprises peuvent esp\u00e9rer obtenir gr\u00e2ce \u00e0 un programme de coaching et mentoring sur mesures.<\/p>\n<p>Au passage, cela va de soi, <a href=\"https:\/\/impactified.com\/fr\/reserver-un-coach-en-ligne\/\">notre plateforme de coachs en ligne est disponible juste ici<\/a> !<\/p>\n<h2>Coaching des dirigeants : \u00eatre un bon boss, \u00e7a s&rsquo;apprend ?<\/h2>\n<p>Parce qu\u2019\u00eatre un chef d\u2019entreprise efficace et performant n\u2019est pas \u00e9vident, le coaching des dirigeants offre de nombreux avantages pour les entreprises qui cherchent \u00e0 maximiser leur potentiel. Am\u00e9lioration de la communication, facilitation de la prise de d\u00e9cision, gestion du stress et r\u00e9solution de probl\u00e8mes en tous genres &#8211; les possibilit\u00e9s sont nombreuses !<\/p>\n<h3>Gestion du temps et du stress<\/h3>\n<p>Pas de myst\u00e8re, les dirigeants d\u2019entreprise sont souvent soumis \u00e0 des niveaux \u00e9lev\u00e9s de stress en raison des exigences de leur r\u00f4le, et de leur <a href=\"https:\/\/impactified.com\/fr\/reserver-un-coach-en-ligne\/business-coach\/coaching-dirigeant\/rythme-et-charge-de-travail\">charge de travail souvent excessive<\/a>. En leur fournissant un espace de r\u00e9flexion neutre et une caisse de r\u00e9sonnance aussi priv\u00e9e que confidentielle, le coaching peut donc les aider \u00e0 <a href=\"https:\/\/impactified.com\/fr\/reserver-un-coach-en-ligne\/business-coach\/coaching-dirigeant\/defnir-des-objectifs-realisables\">d\u00e9finir des priorit\u00e9s qui font r\u00e9ellement sens<\/a>, et \u00e0 (r\u00e9)organiser leur m\u00e9thode de gestion du temps.<\/p>\n<p>Les m\u00e9thodes que nous utilisons sont simples (mais encore faut-il y penser), et pourtant elles sont aussi extr\u00eamement efficaces &#8211; certains de nos clients ont pu \u00e9conomiser trois mois de travail par an en supprimant des routines \u00e0 faible valeur ajout\u00e9e de leur emploi du temps !<\/p>\n<p>D\u2019ailleurs, il est fr\u00e9quent qu\u2019un dirigeant convaincu des b\u00e9n\u00e9fices de son coaching nous confie ensuite ses collaborateurs proches &#8211; c\u2019est dire !<\/p>\n<h3>D\u00e9veloppement du leadership<\/h3>\n<p><a href=\"https:\/\/impactified.com\/fr\/reserver-un-coach-en-ligne\/business-coach\/coaching-dirigeant\/developper-son-leadership\">Les dirigeants qui ont des comp\u00e9tences solides en leadership<\/a> sont plus efficaces pour inspirer leur \u00e9quipe et pour maximiser les r\u00e9sultats de l&rsquo;entreprise.<\/p>\n<p>En poussant ceux qui doivent d\u00e9cider au quotidien \u00e0 r\u00e9fl\u00e9chir sur la mani\u00e8re dont ils g\u00e8rent leurs \u00e9quipes et leur communication, le coaching des dirigeants aide \u00e0 am\u00e9liorer rapidement les comp\u00e9tences en leadership des uns et des autres.<\/p>\n<p>En identifiant vos points forts et vos faiblesses, un coach sera \u00e0 m\u00eame de vous faire r\u00e9fl\u00e9chir autrement et de vous faire avancer diff\u00e9remment, au sein de votre \u00e9quipe et au sein de votre entreprise.<\/p>\n<h3>Prise de d\u00e9cision<\/h3>\n<p>La prise de d\u00e9cision est l&rsquo;une des comp\u00e9tences les plus importantes pour un dirigeant, cependant <a href=\"https:\/\/impactified.com\/fr\/reserver-un-coach-en-ligne\/business-coach\/coaching-dirigeant\/decider-dans-l-incertitude\">d\u00e9cider face \u00e0 l\u2019incertitude est une tache complexe<\/a> &#8211; notamment lorsque l\u2019on est seul au sommet et que l\u2019on ne peut pas parler de ses probl\u00e8mes avec n\u2019importe qui !<\/p>\n<p>Le coaching des dirigeants peut alors aider \u00e0 am\u00e9liorer la prise de d\u00e9cision. Certains apprendront \u00e0 identifier les biais cognitifs qui peuvent affecter leur prise de d\u00e9cision. D\u2019autres utiliseront leurs sessions de coaching pour r\u00e9fl\u00e9chir tout haut et filtrer les id\u00e9es qui ont le plus de sens. Et d\u2019autres encore utiliseront les comp\u00e9tences humaines de leur coach pour prendre le pouls et naviguer plus facilement au sein de leurs \u00e9quipes.<\/p>\n<h3>Am\u00e9lioration de la communication<\/h3>\n<p>Les dirigeants qui ont des comp\u00e9tences de communication solides sont plus efficaces pour transmettre leur vision, motiver leur \u00e9quipe et \u00e9tablir des relations solides avec les parties prenantes. Et pourtant, nombre d\u2019entre eux peinent \u00e0 <a href=\"https:\/\/impactified.com\/fr\/reserver-un-coach-en-ligne\/business-coach\/coaching-dirigeant\/vision-d-entreprise\">formuler un message et une vision strat\u00e9gique d\u2019entreprise qui percutent et dynamisent<\/a> ceux qui au sein de l\u2019entreprise ont besoin d\u2019une direction.<\/p>\n<p>Le coaching professionnel des dirigeants peut aider \u00e0 am\u00e9liorer les comp\u00e9tences de communication de ceux qui d\u00e9cident, en identifiant les obstacles \u00e0 la communication et en fournissant des outils pour les surmonter. Souvent, il peut aussi aider les \u00e9quipes \u00e0 communiquer plus facilement entres elles.<\/p>\n<p>Par exemple, via des exercices de profilage simples mais efficaces, votre coach sera en mesure de vous aider \u00e0 lire les caract\u00e8res des uns et des autres, \u00e0 identifier leurs forces et faiblesses, et \u00e0 pousser votre message. Et <a href=\"https:\/\/impactified.com\/fr\/reserver-un-coach-en-ligne\/business-coach\/coaching-dirigeant\/marque-employeur\">en vous faisant r\u00e9fl\u00e9chir a votre marque employeur<\/a>, il vous fera par la m\u00eame occasion revoir votre mani\u00e8re de dynamiser les choses.<\/p>\n<p>Pas de message \u00e0 pousser ? Pas de marque employeur ? C\u2019est emb\u00eatant, mais la aussi votre coach sera \u00e0 m\u00eame de vous aider \u00e0 clarifier ce qui doit \u00eatre clarifi\u00e9, <a href=\"https:\/\/impactified.com\/fr\/reserver-un-coach-en-ligne\/business-coach\/coaching-dirigeant\/ateliers-brainstorming\">notamment via des ateliers de brainstorming impliquants vos \u00e9quipes<\/a>.<\/p>\n<h3>Positionnement du business<\/h3>\n<p>Un coach professionnel n\u2019intervient pas seulement dans le cadre des relations humaines, il sert aussi souvent \u00e0 repenser le positionnement de l\u2019entreprise afin de structurer son d\u00e9veloppement.<\/p>\n<p>Certains chefs d\u2019entreprise auront besoin de <a href=\"https:\/\/impactified.com\/fr\/reserver-un-coach-en-ligne\/business-coach\/coaching-dirigeant\/ecrire-un-plan-d%E2%80%99affaire\">travailler sur un plan d\u2019affaire<\/a> afin de trouver des financements. D\u2019autres auront besoin d\u2019<a href=\"https:\/\/impactified.com\/fr\/reserver-un-coach-en-ligne\/business-coach\/coaching-dirigeant\/pitch-proposition-de-valeur\">aiguiser leur proposition de valeur<\/a> afin de revoir leur offre et de se d\u00e9marquer sur le march\u00e9. Et d\u2019autres voudront <a href=\"https:\/\/impactified.com\/fr\/reserver-un-coach-en-ligne\/business-coach\/coaching-dirigeant\/valoriser-son-entreprise\">structurer leur entreprise pour la valoriser<\/a> et la revendre dans les meilleures conditions possibles.<\/p>\n<p>Dans tous ces cas, un programme de business coaching sera en mesure de provoquer les r\u00e9flexions, de mettre en place les workshops de brainstorming n\u00e9cessaires, et de faciliter les discussion inter \u00e9quipe afin de faire avancer l\u2019entreprise dans une direction qui fait sens.<\/p>\n<p>Si vous vous demandez par quoi commercer comment mettre en place une approche de coaching dans votre entreprise, alors <a href=\"https:\/\/impactified.com\/fr\/reserver-un-coach-en-ligne\/business-coach\/coaching-dirigeant\/faire-un-swot-efficace\">mettre en place un SWOT efficace<\/a> (qui sorte des sentiers battus d\u2019\u00e9cole de commerce) est probablement une bonne id\u00e9e !<\/p>\n<p>&nbsp;<\/p>\n<div id=\"cbox-1P0SXJhXVVQCsQSo\"><\/div>\n<h2>Coaching des Dirigeants : Comment choisir ?<\/h2>\n<p>Le choix d&rsquo;un coach est un processus important et doit \u00eatre pris au s\u00e9rieux. Voici quelques \u00e9l\u00e9ments cl\u00e9s \u00e0 prendre en compte lors du choix d&rsquo;un coach de dirigeants :<\/p>\n<h3>Qualifications et exp\u00e9rience<\/h3>\n<p>Les coachs de dirigeants doivent avoir les qualifications et l&rsquo;exp\u00e9rience n\u00e9cessaires pour vous aider \u00e0 atteindre objectifs. Attention cependant &#8211; les dipl\u00f4mes ou les certifications ne sont pas toujours pertinentes car celles-ci apprennent la th\u00e9orie mais manquent souvent de sens pratique du point de vue entrepreneurial.<\/p>\n<p>De fait, une exp\u00e9rience solide en leadership et en gestion est un point essentiel que vous devez toujours explorer et prendre en consid\u00e9ration.<\/p>\n<h3>Personnalit\u00e9 et compatibilit\u00e9<\/h3>\n<p>Lorsque l&rsquo;on s&#8217;embarque dans un programme de coaching des dirigeants de l&rsquo;entreprise, il est important de choisir un coach et mentor dont la personnalit\u00e9 et la mani\u00e8re de travailler sont compatibles avec votre propre rythme et votre propre caract\u00e8re &#8211; et avec ceux des autres membres de votre \u00e9quipe.<\/p>\n<p>Un patron au caract\u00e8re dominant pourra se sentir stimul\u00e9 par un coach au caract\u00e8re tremp\u00e9, l\u00e0 o\u00f9 un d\u00e9cideur pos\u00e9 et calme sera probablement plus \u00e0 l\u2019aise avec un coach qui lui ressemblera. C\u2019est \u00e0 vous de voir, mais dans tous les cas un coach comp\u00e9tent sera en mesure de s&rsquo;adapter \u00e0 vos besoins sp\u00e9cifiques, et saura cr\u00e9er une relation de confiance.<\/p>\n<h3>R\u00e9putation<\/h3>\n<p>Il est aussi absolument important, cela va sans dire, de choisir un coach qui a une bonne r\u00e9putation &#8211; exigez des r\u00e9f\u00e9rences solides et des t\u00e9moignages de clients satisfaits.<\/p>\n<h2>Conclusion : Le coaching des dirigeants, un investissement rentable<\/h2>\n<p><a href=\"https:\/\/impactified.com\/fr\/reserver-un-coach-en-ligne\/business-coach\/coaching-dirigeant\/resultats-en-combien-de-temps\">Le coaching est un investissement rentable pour toute entreprise qui souhaite maximiser son potentiel<\/a>. Les cadres dirigeants ont besoin de soutien suppl\u00e9mentaire pour r\u00e9ussir dans leur r\u00f4le, et les coacher peut aider \u00e0 am\u00e9liorer leurs comp\u00e9tences en communication, en prise de d\u00e9cision, en r\u00e9solution de probl\u00e8mes, en gestion du stress et en leadership.<\/p>\n<p>Les exemples sont multiples\u00a0! Les \u00e9quipes dirigeantes de Google, Facebook et autres entreprises r\u00e9put\u00e9es mondialement <a href=\"https:\/\/amzn.to\/435Q50q\" target=\"_blank\" rel=\"noopener\">font appel au coaching de mani\u00e8re routini\u00e8re<\/a> pour am\u00e9liorer les comp\u00e9tences en leadership, en communication, en prise de d\u00e9cision et en r\u00e9solution de probl\u00e8mes.<\/p>\n<p>Les dirigeants qui investissent dans leur propre d\u00e9veloppement personnel et professionnel peuvent donc transformer leur entreprise et atteindre des niveaux de performance in\u00e9gal\u00e9s. Et la taille de l\u2019entreprise qu\u2019ils dirigent n&rsquo;a pas d\u2019importance. Les entreprises peuvent s&rsquo;attendre \u00e0 une am\u00e9lioration de la satisfaction des employ\u00e9s \u2013 une formation, \u00e7a compte\u00a0! \u2013 des revenus, de la productivit\u00e9 et de la qualit\u00e9 des produits ou services &#8211; vous pouvez vous aussi commencer d\u00e8s aujourd\u2019hui.<\/p>\n<p>Donc, si vous cherchez \u00e0 maximiser votre potentiel ou celui de vos employ\u00e9s, n&rsquo;h\u00e9sitez pas \u00e0 envisager le coaching des dirigeants comme une option pr\u00e9cieuse pour atteindre vos objectifs. Nous avons l\u2019habitude, <a href=\"https:\/\/impactified.com\/fr\/reserver-un-coach-en-ligne\/business-coach\/coaching-dirigeant\/trouver-le-bon-coach\">r\u00e9servez votre coach en ligne d\u00e8s maintenant<\/a>\u00a0!<\/p>\n<p>&nbsp;<\/p>\n<p>&nbsp;<\/p>\n","protected":false},"excerpt":{"rendered":"<p>Coach! Mon entreprise se d\u00e9veloppe et de gros changements sont en cours, auriez-vous des astuces a partager ? Transformer son entreprise de l\u2019int\u00e9rieur \u00e9tant un d\u00e9fi, comment le coaching des dirigeants peut-il m\u2019aider ? Merci !<\/p>\n","protected":false},"author":2,"featured_media":18924,"parent":18258,"menu_order":0,"comment_status":"closed","ping_status":"closed","template":"","meta":{"_acf_changed":false,"footnotes":""},"tags":[236],"class_list":["post-18923","page","type-page","status-publish","has-post-thumbnail","hentry","tag-serie-travailler-avec-un-business-coach-2"],"acf":[],"_links":{"self":[{"href":"https:\/\/impactified.com\/fr\/wp-json\/wp\/v2\/pages\/18923","targetHints":{"allow":["GET"]}}],"collection":[{"href":"https:\/\/impactified.com\/fr\/wp-json\/wp\/v2\/pages"}],"about":[{"href":"https:\/\/impactified.com\/fr\/wp-json\/wp\/v2\/types\/page"}],"author":[{"embeddable":true,"href":"https:\/\/impactified.com\/fr\/wp-json\/wp\/v2\/users\/2"}],"replies":[{"embeddable":true,"href":"https:\/\/impactified.com\/fr\/wp-json\/wp\/v2\/comments?post=18923"}],"version-history":[{"count":5,"href":"https:\/\/impactified.com\/fr\/wp-json\/wp\/v2\/pages\/18923\/revisions"}],"predecessor-version":[{"id":19102,"href":"https:\/\/impactified.com\/fr\/wp-json\/wp\/v2\/pages\/18923\/revisions\/19102"}],"up":[{"embeddable":true,"href":"https:\/\/impactified.com\/fr\/wp-json\/wp\/v2\/pages\/18258"}],"wp:featuredmedia":[{"embeddable":true,"href":"https:\/\/impactified.com\/fr\/wp-json\/wp\/v2\/media\/18924"}],"wp:attachment":[{"href":"https:\/\/impactified.com\/fr\/wp-json\/wp\/v2\/media?parent=18923"}],"wp:term":[{"taxonomy":"post_tag","embeddable":true,"href":"https:\/\/impactified.com\/fr\/wp-json\/wp\/v2\/tags?post=18923"}],"curies":[{"name":"wp","href":"https:\/\/api.w.org\/{rel}","templated":true}]}}