{"id":18929,"date":"2023-06-21T05:43:23","date_gmt":"2023-06-20T21:43:23","guid":{"rendered":"https:\/\/impactified.com\/?page_id=18929"},"modified":"2023-06-21T05:43:23","modified_gmt":"2023-06-20T21:43:23","slug":"trouver-le-bon-coach-de-dirigeant","status":"publish","type":"page","link":"https:\/\/impactified.com\/fr\/reserver\/business-coach\/coaching-dirigeant\/trouver-le-bon-coach-de-dirigeant\/","title":{"rendered":"Comment Trouver le Bon Coach de Dirigeant ?"},"content":{"rendered":"<p>Le monde des affaires est en constante \u00e9volution, avec des changements rapides qui surviennent chaque jour.<\/p>\n<p>Dans un tel environnement, les dirigeants d&rsquo;entreprise (entrepreneurs et cadres ex\u00e9cutifs) ont besoin de comp\u00e9tences solides en leadership pour \u00eatre en mesure de diriger efficacement leur entreprise. Mais ils ont aussi bien souvent besoin d\u2019un espace de r\u00e9flexion tr\u00e8s exclusif et priv\u00e9 pour r\u00e9fl\u00e9chir tout haut et filtrer les sujets de mani\u00e8re \u00e0 arriver \u00e0 des d\u00e9cisions avec lesquelles ils sont confortables.<\/p>\n<p>C&rsquo;est l\u00e0 que nous intervenons g\u00e9n\u00e9ralement\u00a0: <a href=\"https:\/\/impactified.com\/fr\/reserver-un-coach-en-ligne\/business-coach\/coaching-dirigeant\/\">le coach de dirigeant offre \u00e0 ceux qui doivent d\u00e9cider et agir au quotidien la caisse de r\u00e9sonnance<\/a> dont ils ont besoin pour continuer \u00e0 avancer en plein confiance.<\/p>\n<p>Cela dit, \u00e0 quoi ressemble un \u00ab bon \u00bb coach de dirigeant, et en quoi peut-il (elle !) faire la diff\u00e9rence dont vous avez besoin ?<\/p>\n<p>Dans cet article, nous allons donc vous aider \u00e0 comprendre ce qu&rsquo;est un coach efficace, comment il pourra vous aider, ce que vous pouvez attendre de lui, et comment trouver le bon coach &#8211; pour vous !<\/p>\n<p>Bien entendu, nous aborderons \u00e9galement les questions courantes que les dirigeants se posent lorsqu&rsquo;ils envisagent de travailler avec un coach et comment ils peuvent tirer le meilleur parti de cette exp\u00e9rience.<\/p>\n<p>Tout cela vous semble pertinent\u00a0? C\u2019est parti.<\/p>\n<p>&nbsp;<\/p>\n<div id=\"cbox-cKAnYuVH0UZnPxUt\"><\/div>\n<h2>Les avantages du coaching de dirigeant<\/h2>\n<p>Mais d\u2019abord : pourquoi faire appel \u00e0 un coach business ?<\/p>\n<p>Le coaching de dirigeant peut offrir de nombreux avantages aux chefs d\u2019entreprises, aux cadres ex\u00e9cutifs, mais aussi \u00e0 leurs \u00e9quipes.<\/p>\n<p>Tout d&rsquo;abord, un coach de dirigeant peut aider \u00e0 identifier les faiblesses de celui qui fait appel \u00e0 lui, mais aussi celles qui touchent l\u2019entreprise d\u2019une mani\u00e8re plus g\u00e9n\u00e9rale.<\/p>\n<p>De fait, il est donc \u00e0 m\u00eame d\u2019aider au d\u00e9veloppement des strat\u00e9gies n\u00e9cessaires au bon d\u00e9veloppement de la structure, ce qui peut inclure le d\u00e9veloppement des comp\u00e9tences de leadership, la prise de d\u00e9cision, l\u2019am\u00e9lioration de la productivit\u00e9 et de la performance, ou encore le fait de booster les \u00e9quipes comme il se doit.<\/p>\n<h3>D\u00e9veloppement des comp\u00e9tences en leadership<\/h3>\n<p>Un coach de dirigeant peut vous aider \u00e0 identifier vos forces et vos faiblesses en tant que leader et \u00e0 d\u00e9velopper des strat\u00e9gies pour <a href=\"https:\/\/impactified.com\/fr\/reserver-un-coach-en-ligne\/business-coach\/coaching-dirigeant\/developper-son-leadership\">am\u00e9liorer vos comp\u00e9tences en leadership<\/a>.<\/p>\n<p>Vous pouvez ainsi apprendre \u00e0 mieux communiquer, \u00e0 <a href=\"https:\/\/impactified.com\/fr\/reserver-un-coach-en-ligne\/business-coach\/coaching-dirigeant\/mieux-gerer-son-temps\">mieux g\u00e9rer votre temps<\/a>, \u00e0 <a href=\"https:\/\/impactified.com\/fr\/reserver-un-coach-en-ligne\/business-coach\/coaching-dirigeant\/vision-d-entreprise\">d\u00e9velopper une vision claire pour votre entreprise<\/a> et \u00e0 motiver votre \u00e9quipe.<\/p>\n<p>Souvent, le v\u00e9ritable enjeu reste cependant de mettre en place une structure de management capable de faire tourner l\u2019entreprise sans vous &#8211; et le plus difficile est en r\u00e9alit\u00e9 d\u2019oser franchir le pas.<\/p>\n<h3>Prise de d\u00e9cision plus \u00e9clair\u00e9e<\/h3>\n<p>Le coaching de dirigeant peut bien entendu aussi vous aider \u00e0 <a href=\"https:\/\/impactified.com\/fr\/reserver-un-coach-en-ligne\/business-coach\/coaching-dirigeant\/decider-dans-l-incertitude\">prendre des d\u00e9cisions plus \u00e9clair\u00e9es malgr\u00e9 l\u2019incertitude ambiante<\/a> en vous aidant \u00e0 d\u00e9velopper vos comp\u00e9tences analytiques et \u00e0 comprendre les cons\u00e9quences de vos choix.<\/p>\n<p>Typiquement, les sessions de coaching (hebdomadaires ou bimensuelles) permettent en effet aux clients de lister les sujets a clarifier, et de les traiter un par un afin d\u2019arriver \u00e0 des \u00ab\u00a0next steps\u00a0\u00bb actionnables.<\/p>\n<h3>Am\u00e9lioration de la productivit\u00e9<\/h3>\n<p>Un coach de dirigeant peut aussi vous aider \u00e0 <a href=\"https:\/\/impactified.com\/fr\/reserver-un-coach-en-ligne\/business-coach\/coaching-dirigeant\/productivite\">am\u00e9liorer la productivit\u00e9 de votre entreprise<\/a>.<\/p>\n<p>A votre niveau, cela passe par le fait de vous aider \u00e0 mieux g\u00e9rer votre temps, \u00e0 d\u00e9finir vos priorit\u00e9s, \u00e0 diff\u00e9rencier votre important de votre urgent, et \u00e0 identifier les processus inefficaces.<\/p>\n<p>Vous pouvez aussi utiliser les conseils de votre coach pour travailler sur le fait de d\u00e9l\u00e9guer efficacement et de motiver votre \u00e9quipe pour qu&rsquo;elle atteigne ses objectifs.<\/p>\n<p>Et, bien entendu, vous vous pouvez aussi offrir \u00e0 vos \u00e9quipes du coaching pour les aider \u00e0 progresser dans leur propre management ! Cela se fait couramment, par exemple, lorsque l\u2019enjeu est de faire monter des managers en comp\u00e9tence.<\/p>\n<h3>Booster les \u00e9quipes<\/h3>\n<p>Booster les \u00e9quipes est un autre sujet classique pour un coach de dirigeant, et diff\u00e9rentes m\u00e9thodes sont couramment utilis\u00e9es.<\/p>\n<p>Souvent, le sujet consiste \u00e0 faire travailler les uns et les autres sur leur productivit\u00e9 personnelle et leurs priorit\u00e9s, mais d\u2019autres situations existent\u00a0!<\/p>\n<p>Par exemple, il peut parfaitement \u00eatre question de mettre en place un comit\u00e9 de direction pour seconder (ou remplacer) le dirigeant.<\/p>\n<p>Parfois il peut \u00eatre question est de <a href=\"https:\/\/impactified.com\/fr\/reserver-un-coach-en-ligne\/business-coach\/coaching-dirigeant\/mid-management\">monter un mid-management capable de prendre en charge de nouveaux sujets<\/a>. Dans ce cas, le travail consiste \u00e0 coacher les manager personnellement, pour les faire gagner en leadership (pas en autorit\u00e9) et en autonomie.<\/p>\n<p>Et parfois, l\u2019enjeu est plus simplement de <a href=\"https:\/\/impactified.com\/fr\/reserver-un-coach-en-ligne\/business-coach\/coaching-dirigeant\/ateliers-brainstorming\">faciliter des ateliers de brainstorming cr\u00e9atif<\/a> dont le but est de pousser les \u00e9quipes \u00e0 trouver des r\u00e9ponses \u00e0 des probl\u00e8mes plus ou moins connus, de cr\u00e9er des prototypes, ou m\u00eame de <a href=\"https:\/\/impactified.com\/fr\/reserver-un-coach-en-ligne\/business-coach\/coaching-dirigeant\/positionnement-modele-d-affaires\">r\u00e9viser des mod\u00e8les d\u2019affaires<\/a> via des r\u00e9flexions de type \u201coc\u00e9an bleu\u201d.<\/p>\n<h3>Valoriser votre entreprise<\/h3>\n<p>Meilleure visibilit\u00e9, meilleures d\u00e9cisions, plus de productivit\u00e9, et des \u00e9quipes qui travaillent pour vous, sans vous ? C\u2019est ultra valorisable !<\/p>\n<p>En fin de compte, l\u2019enjeu des diff\u00e9rents points que nous venons de mentionner est simple : une entreprise qui tourne seule est un actif ! Et votre coach de dirigeant doit vous permettre de <a href=\"https:\/\/impactified.com\/fr\/reserver-un-coach-en-ligne\/business-coach\/coaching-dirigeant\/valoriser-son-entreprise\">mieux valoriser votre entreprise<\/a> (afin de pouvoir la revendre\u00a0!).<\/p>\n<h2>Comment trouver le bon coach de dirigeant pour vous ?<\/h2>\n<p>Maintenant que les bases du \u00ab\u00a0pourquoi\u00a0\u00bb sont claires, prenons un moment pour parler du \u00ab\u00a0comment\u00a0?\u00a0\u00bb.<\/p>\n<p>Choisir un coach de dirigeant est une d\u00e9cision importante qui peut avoir un impact significatif sur votre entreprise. Il est donc important de faire un choix \u00e9clair\u00e9 &#8211; et il existe quelques astuces pour y parvenir. \u00c7a tombe bien, non ?<\/p>\n<h3>Commencez par d\u00e9terminer vos objectifs<\/h3>\n<p>Avant de commencer \u00e0 chercher un coach de dirigeant, vous devez savoir ce que vous voulez accomplir en travaillant avec quelqu\u2019un qui sera \u00e0 vos c\u00f4t\u00e9s pendant un moment.<\/p>\n<p>Identifiez les domaines dans lesquels vous souhaitez vous am\u00e9liorer et les objectifs que vous souhaitez atteindre.<\/p>\n<p>Par exemple, souhaitez-vous travailler sur votre organisation\u00a0? Sur <a href=\"https:\/\/impactified.com\/fr\/reserver-un-coach-en-ligne\/business-coach\/coaching-dirigeant\/ecrire-un-plan-d%E2%80%99affaire\">un plan d\u2019affaires dans le cadre d\u2019une lev\u00e9e de fonds<\/a>\u00a0? Sur une augmentation de la valorisation pour revendre\u00a0? Sur le d\u00e9veloppement de votre <a href=\"https:\/\/impactified.com\/fr\/reserver-un-coach-en-ligne\/business-coach\/coaching-dirigeant\/positionnement-modele-d-affaires\">positionnement de marque\u00a0et mod\u00e8le d\u2019affaires<\/a> ? Sur votre <a href=\"https:\/\/impactified.com\/fr\/reserver-un-coach-en-ligne\/business-coach\/coaching-dirigeant\/marque-employeur\">marque employeur<\/a> peut-\u00eatre m\u00eame\u00a0? La <a href=\"https:\/\/impactified.com\/fr\/reserver-un-coach-en-ligne\/business-coach\/coaching-dirigeant\/definir-des-kpi\">d\u00e9finition d\u2019objectifs et de KPIs<\/a>\u00a0?<\/p>\n<p>Les options sont nombreuses, et avoir quelques id\u00e9es claires vous aidera \u00e0 trouver un coach qui peut r\u00e9pondre \u00e0 vos besoins sp\u00e9cifiques.<\/p>\n<h3>Faites vos recherches<\/h3>\n<p>Une fois que vous avez d\u00e9termin\u00e9 vos objectifs de collaboration, commencez \u00e0 rechercher des coachs de dirigeant potentiels.<\/p>\n<p>Point important: il est essentiel de savoir dans quelle mesure votre coach sera en mesure de vous pousser vers l\u2019avant &#8211; ce qui peut \u00eatre fait en recherchant des r\u00e9f\u00e9rences.<\/p>\n<p>La plateforme de <a href=\"https:\/\/impactified.com\/fr\/reserver-un-coach-en-ligne\/business-coach\/\">r\u00e9servation de business coachs en ligne<\/a> <em>Impactified<\/em> vous aidera grandement dans cette partie du processus &#8211; assurez-vous de lire les commentaires et les t\u00e9moignages pour avoir une id\u00e9e de l&rsquo;exp\u00e9rience des autres clients\u00a0!<\/p>\n<p>Premi\u00e8re id\u00e9e, n\u00e9anmoins, demandez \u00e0 votre futur coach de vous mettre en contact avec des personnes (clients actuels ou passes) qui pourront vous parler de leur exp\u00e9rience.<\/p>\n<p>Seconde option, demandez-lui de vous parler des cas trait\u00e9s pr\u00e9c\u00e9demment.<\/p>\n<p>Il n\u2019est pas toujours possible de donner des noms (pour des raisons \u00e9videntes de confidentialit\u00e9), mais un bon coach de dirigeant devrait normalement avoir sous la main une s\u00e9rie de \u201cbusiness cases\u201d qui vous montreront clairement quel genre de th\u00e8mes ont pu \u00eatre abord\u00e9s avec d\u2019autres, dans quelles industries, et quelles solutions ont pu \u00eatre trouv\u00e9es.<\/p>\n<h3>Cochez les bonnes cases<\/h3>\n<p>Il est important de choisir un coach de dirigeant comp\u00e9tent et exp\u00e9riment\u00e9 pour <a href=\"https:\/\/impactified.com\/fr\/reserver-un-coach-en-ligne\/business-coach\/coaching-dirigeant\/a-quoi-sert-un-coach\">maximiser les avantages du coaching<\/a>. Pour cocher les bonnes cases, voici donc une liste \u00e0 garder en m\u00e9moire :<\/p>\n<ul>\n<li><strong>Exp\u00e9rience<\/strong> : Recherchez un coach de dirigeant qui poss\u00e8de une exp\u00e9rience de travail significative dans le domaine des affaires ou dans un secteur pertinent pour votre entreprise.<\/li>\n<li><strong>Formation<\/strong> : Assurez-vous que le coach que vous envisagez est bien form\u00e9 dans le coaching de dirigeant. <a href=\"https:\/\/impactified.com\/fr\/reserver-un-coach-en-ligne\/business-coach\/coaching-dirigeant\/certifications-de-coach\">Les certifications de coaching ne font pas tout<\/a>, et un coach certifi\u00e9 sur le papier ne saura pas n\u00e9cessairement vous encadrer, car les certifications apprennent la m\u00e9thode de coaching (comment poser des questions), mais pas l\u2019expertise sectorielle\u2026<\/li>\n<li><strong>Approche de coaching \/ mentoring<\/strong> : Cherchez un coach qui adapte son approche en fonction de vos besoins sp\u00e9cifiques. Si le coaching de dirigeant consiste \u00e0 poser des questions pour aider \u00e0 avancer, le <a href=\"https:\/\/impactified.com\/fr\/reserver-un-coach-en-ligne\/business-coach\/coaching-dirigeant\/mentoring-de-dirigeants\">mentoring de dirigeant vise \u00e0 faire bouger les lignes<\/a> et a faire avancer les choses de mani\u00e8re beaucoup plus concr\u00e8te. Pour information, la m\u00e9thode <em>Impactified<\/em> tend \u00e0 mettre en avant le mentoring\u00a0!<\/li>\n<li><strong>Empathie et adaptation<\/strong> : Recherchez un coach de dirigeant qui est empathique, compr\u00e9hensif et qui sait comment travailler avec des personnalit\u00e9s diff\u00e9rentes. C\u2019est important, car nous avons chacun une personnalit\u00e9 qui nous est propre, et la mission de facilitation du coach implique qu\u2019il poss\u00e8de une capacite importante \u00e0 adapter son comportement, ses mots, son attitude et ses m\u00e9thodes en fonction du caract\u00e8re des uns et des autres.<\/li>\n<li><strong>Mise \u00e0 disposition d\u2019outils s\u00e9rieux<\/strong> : Enfin, assurez-vous que votre coach utilise &#8211; et puisse mettre \u00e0 votre disposition &#8211; une vari\u00e9t\u00e9 de techniques et d&rsquo;outils de coaching qui permette de r\u00e9pondre \u00e0 un maximum de situations. D\u2019exp\u00e9rience, nous savons que la cr\u00e9ation d\u2019outils efficaces est un exercice complexe, raison pour laquelle les coachs <em>Impactified<\/em> sont form\u00e9s et habilit\u00e9s \u00e0 utiliser et \u00e0 vous fournir les outils <em>Impactified<\/em>.<\/li>\n<\/ul>\n<h3>Assurez-vous d\u2019\u00eatre compatibles<\/h3>\n<p>Enfin, assurez-vous que vous \u00eates en phase avec le style de coaching du coach, et soyez certain d\u2019\u00eatre \u00e0 l&rsquo;aise de travailler avec lui sur des sujets sensibles.<\/p>\n<p>L\u2019objectif d\u2019une relation de coaching ou de mentoring est de pouvoir \u00eatre challeng\u00e9, ce qui n\u2019est possible que si vous \u00eates \u00e0 l\u2019aise avec la personne qui aura ce r\u00f4le a jouer.<\/p>\n<p>Si ce n\u2019est pas le cas, alors ne signez pas !<\/p>\n<p>En fin de compte, la d\u00e9cision de choisir un coach de dirigeant plus qu\u2019un autre est extr\u00eamement personnelle. Faites confiance \u00e0 votre instinct et choisissez celui avec lequel vous vous sentez le plus \u00e0 l&rsquo;aise.<\/p>\n<p>Vous devez avoir une relation de confiance et \u00eatre en mesure de travailler ensemble de mani\u00e8re productive pour atteindre vos objectifs.<\/p>\n<h2>Comprendre le processus de coaching de dirigeant<\/h2>\n<p>Dernier point important de cet article : pour trouver le bon coach, vous devez comprendre les bases du processus de coaching.<\/p>\n<p><strong>Le coaching de dirigeant commence par une \u00e9valuation initiale.<\/strong> En g\u00e9n\u00e9ral, cela peut prendre la forme d&rsquo;un entretien en face \u00e0 face, d&rsquo;un questionnaire en ligne ou d&rsquo;autres m\u00e9thodes pour \u00e9valuer les comp\u00e9tences actuelles du dirigeant.<\/p>\n<p>Au sein du r\u00e9seau <em>Impactified<\/em>, les coachs d\u2019affaires sont form\u00e9s pour commencer toute nouvelle collaboration avec <a href=\"https:\/\/impactified.com\/fr\/reserver-un-coach-en-ligne\/business-coach\/coaching-dirigeant\/faire-un-swot-efficace\">un atelier d\u2019audit SWOT<\/a>, qui permet aux clients d\u2019avoir une cartographie objective des forces, faiblesses, opportunit\u00e9s et menaces de leur entreprise.<\/p>\n<p>\u00c0 partir de l\u00e0, le coach et le dirigeant \u00e9laborent un plan d&rsquo;action pour travailler sur les domaines identifi\u00e9s comme n\u00e9cessitant des am\u00e9liorations.<\/p>\n<p>&nbsp;<\/p>\n<div id=\"cbox-1P0SXJhXVVQCsQSo\"><\/div>\n<h3>En personne, a distance, c&rsquo;est flexible !<\/h3>\n<p><strong>Les sessions de coaching pourront \u00eatre men\u00e9es en personne ou \u00e0 distance<\/strong>, en fonction des besoins du dirigeant. Pendant les sessions, le coach travaillera avec le dirigeant (Et ses \u00e9quipes) pour identifier les probl\u00e8mes sp\u00e9cifiques auxquels il est confront\u00e9, et aidera \u00e0 d\u00e9velopper des strat\u00e9gies pour les surmonter.<\/p>\n<p>Les techniques utilis\u00e9es par les coachs de dirigeant peuvent inclure la r\u00e9flexion, l&rsquo;analyse, l&rsquo;observation, la pratique, la formation, et (encore une fois) la facilitation d\u2019ateliers de brainstorming selon les besoins.<\/p>\n<p><a href=\"https:\/\/impactified.com\/fr\/reserver-un-coach-en-ligne\/business-coach\/coaching-dirigeant\/resultats-en-combien-de-temps\">Le coaching de dirigeant peut durer de quelques mois \u00e0 plusieurs ann\u00e9es<\/a>, en fonction des besoins du dirigeant et de la nature des probl\u00e8mes \u00e0 r\u00e9soudre.<\/p>\n<p>Dans l&rsquo;ensemble, le coaching de dirigeant est un processus collaboratif, au cours duquel le coach travaille en \u00e9troite collaboration avec le dirigeant (et ses \u00e9quipes, encore une fois) pour atteindre des objectifs fix\u00e9s.<\/p>\n<h2>Conclusion\u00a0: Vous attendez quoi au juste\u00a0?<\/h2>\n<p>En fin de compte, un bon coach de dirigeant peut vous aider \u00e0 devenir un leader plus efficace en vous aidant \u00e0 d\u00e9velopper vos comp\u00e9tences en leadership, \u00e0 prendre des d\u00e9cisions plus \u00e9clair\u00e9es, \u00e0 am\u00e9liorer la productivit\u00e9 de votre entreprise, \u00e0 trouver un \u00e9quilibre entre votre travail et votre vie personnelle, et \u00e0 valoriser votre entreprise.<\/p>\n<p>Si vous cherchez \u00e0 am\u00e9liorer votre performance en tant que dirigeant, le coaching de dirigeant peut \u00eatre une excellente option pour vous.<\/p>\n<p>En suivant les astuces que nous avons pr\u00e9sent\u00e9es pour trouver le bon coach pour vous, vous pouvez \u00eatre s\u00fbr de trouver quelqu&rsquo;un qui r\u00e9pondra \u00e0 vos besoins sp\u00e9cifiques et vous aidera \u00e0 atteindre vos objectifs en tant que leader. <a href=\"https:\/\/impactified.com\/fr\/reserver-un-coach-en-ligne\/business-coach\/\">R\u00e9servez votre premier rendez-vous avec un business coach Impactified des maintenant !<\/a><\/p>\n","protected":false},"excerpt":{"rendered":"<p>Bonjour! J\u2019ai besoin de me sentir accompagn\u00e9 dans mon quotidien de d\u00e9cideur, mais je cherche comment trouver le bon coach de dirigeant ? Comment chercher le bon profil et arriver \u00e0 des r\u00e9sultats ? Merci !<\/p>\n","protected":false},"author":2,"featured_media":18931,"parent":18258,"menu_order":0,"comment_status":"closed","ping_status":"closed","template":"","meta":{"_acf_changed":false,"footnotes":""},"tags":[236],"class_list":["post-18929","page","type-page","status-publish","has-post-thumbnail","hentry","tag-serie-travailler-avec-un-business-coach-2"],"acf":[],"_links":{"self":[{"href":"https:\/\/impactified.com\/fr\/wp-json\/wp\/v2\/pages\/18929","targetHints":{"allow":["GET"]}}],"collection":[{"href":"https:\/\/impactified.com\/fr\/wp-json\/wp\/v2\/pages"}],"about":[{"href":"https:\/\/impactified.com\/fr\/wp-json\/wp\/v2\/types\/page"}],"author":[{"embeddable":true,"href":"https:\/\/impactified.com\/fr\/wp-json\/wp\/v2\/users\/2"}],"replies":[{"embeddable":true,"href":"https:\/\/impactified.com\/fr\/wp-json\/wp\/v2\/comments?post=18929"}],"version-history":[{"count":3,"href":"https:\/\/impactified.com\/fr\/wp-json\/wp\/v2\/pages\/18929\/revisions"}],"predecessor-version":[{"id":18934,"href":"https:\/\/impactified.com\/fr\/wp-json\/wp\/v2\/pages\/18929\/revisions\/18934"}],"up":[{"embeddable":true,"href":"https:\/\/impactified.com\/fr\/wp-json\/wp\/v2\/pages\/18258"}],"wp:featuredmedia":[{"embeddable":true,"href":"https:\/\/impactified.com\/fr\/wp-json\/wp\/v2\/media\/18931"}],"wp:attachment":[{"href":"https:\/\/impactified.com\/fr\/wp-json\/wp\/v2\/media?parent=18929"}],"wp:term":[{"taxonomy":"post_tag","embeddable":true,"href":"https:\/\/impactified.com\/fr\/wp-json\/wp\/v2\/tags?post=18929"}],"curies":[{"name":"wp","href":"https:\/\/api.w.org\/{rel}","templated":true}]}}