{"id":18935,"date":"2023-06-23T05:55:52","date_gmt":"2023-06-22T21:55:52","guid":{"rendered":"https:\/\/impactified.com\/?page_id=18935"},"modified":"2023-06-21T05:57:54","modified_gmt":"2023-06-20T21:57:54","slug":"mythes-coach-pour-dirigeant-dentreprise","status":"publish","type":"page","link":"https:\/\/impactified.com\/fr\/reserver\/business-coach\/mythes-coach-pour-dirigeant-dentreprise\/","title":{"rendered":"7 choses qu&rsquo;un coach pour dirigeant d&rsquo;entreprise ne fera pas pour vous"},"content":{"rendered":"<p>Bonne nouvelle, si <a href=\"https:\/\/impactified.com\/fr\/reserver-un-coach-en-ligne\/business-coach\/coaching-dirigeant\/\">le coaching de dirigeant offre \u00e0 ceux qui ont besoin de d\u00e9cider et d\u2019agir la caisse de r\u00e9sonnance dont ils ont besoin<\/a> au quotidien, il leur permet par ailleurs de d\u00e9velopper de nouvelles comp\u00e9tences essentielles.<\/p>\n<p>Un coach pour dirigeant d&rsquo;entreprise peut \u00eatre un outil pr\u00e9cieux pour aider un leader \u00e0 atteindre ses objectifs, am\u00e9liorer ses comp\u00e9tences et son impact sur l&rsquo;organisation, et relever les d\u00e9fis du monde des affaires.<\/p>\n<p>Cependant, il est important de saisir les limites du coaching professionnel, et de bien comprendre quelles attentes sont r\u00e9alistes (ou non).<\/p>\n<p>Oui, comme nous l\u2019expliquons souvent, le coach de dirigeant agit typiquement comme une caisse de r\u00e9sonnance \u00e0 la disposition des d\u00e9cideurs et de leurs \u00e9quipes. Mais certaines limites s\u2019imposent pour le bien de tous, client comme coach\u00a0!<\/p>\n<p>Dans cet article, nous parlons de sept choses qu&rsquo;un coach pour dirigeant ne fera pas dans le cadre de votre relation de travail. Nous verrons aussi pourquoi ces limites peuvent en fait \u00eatre b\u00e9n\u00e9fiques pour le client (eh oui\u00a0!) Et nous vous expliquerons comment une compr\u00e9hension claire des r\u00f4les respectifs du coach et du client peut conduire \u00e0 des r\u00e9sultats plus que positifs.<\/p>\n<p>&nbsp;<\/p>\n<div id=\"cbox-cKAnYuVH0UZnPxUt\"><\/div>\n<p>On commence\u00a0? Allez, c\u2019est parti.<\/p>\n<h2>1. Un coach ne r\u00e9soudra pas vos probl\u00e8mes \u00e0 votre place<\/h2>\n<p>Le premier point cl\u00e9 est que le coach pour dirigeant d&rsquo;entreprise ne r\u00e9soudra pas les probl\u00e8mes du client \u00e0 sa place. Et il ne prendra aucune d\u00e9cision \u00e0 la place de son client non plus.<\/p>\n<p>Le r\u00f4le du coach professionnel est de guider son client dans son processus de r\u00e9solution de probl\u00e8mes, en l&rsquo;aidant \u00e0 clarifier ses objectifs, \u00e0 identifier les obstacles et \u00e0 \u00e9laborer des plans d&rsquo;action pour les surmonter.<\/p>\n<p>Il est l\u00e0 pour fournir un soutien, une orientation et des outils. Il est aussi parfaitement disponible pour encadrer les r\u00e9flexions strat\u00e9giques, travailler avec un board, <a href=\"https:\/\/impactified.com\/fr\/reserver-un-coach-en-ligne\/business-coach\/coaching-dirigeant\/vision-d-entreprise\">aider \u00e0 d\u00e9finir une vision strat\u00e9gique pour l\u2019entreprise<\/a>, ou encore faciliter le travail de <a href=\"https:\/\/impactified.com\/fr\/reserver-un-coach-en-ligne\/business-coach\/coaching-dirigeant\/defnir-des-objectifs-realisables\">d\u00e9finition d\u2019objectifs pr\u00e9cis et impl\u00e9mentables par les \u00e9quipes<\/a>.<\/p>\n<p>Suivre la mise en place des plans d\u2019action fait aussi partie de ses attributions, tout comme le fait d\u2019aider les managers \u00e0 d\u00e9finir leur style de leadership et leur m\u00e9thode de management.<\/p>\n<p>Mais\u2026 c&rsquo;est au client d\u2019effectuer le travail de r\u00e9flexion (et de faire bouger les choses\u00a0!) en son \u00e2me et conscience.<\/p>\n<p>Le client doit prendre en charge son propre d\u00e9veloppement et \u00eatre pr\u00eat \u00e0 investir du temps et de l&rsquo;effort dans le processus de coaching. Le d\u00e9veloppement de la responsabilit\u00e9 et de l&rsquo;engagement chez le client est un \u00e9l\u00e9ment cl\u00e9 du processus, sinon \u00e0 quoi sert de faire appel \u00e0 un coach\u00a0?<\/p>\n<h2>2. Un coach ne vous donnera pas des r\u00e9ponses toutes faites<\/h2>\n<p>Le second point \u00e0 consid\u00e9rer est que le coach pour dirigeant d&rsquo;entreprise ne vous donnera pas de r\u00e9ponses toutes faites.<\/p>\n<p>L&rsquo;un des objectifs du business coaching est d&rsquo;aider les cadres dirigeants (entrepreneurs comme managers) \u00e0 d\u00e9velopper comp\u00e9tences et pens\u00e9e critique, afin qu\u2019ils puissent trouver leurs propres solutions.<\/p>\n<p>De fait, le coach doit donc se concentrer sur le fait travailler <em>avec<\/em> le client \u2013 et non \u00e0 sa place \u2013 pour identifier les questions cl\u00e9s et les probl\u00e8mes, puis les r\u00e9soudre ensemble afin de pouvoir <a href=\"https:\/\/impactified.com\/fr\/reserver-un-coach-en-ligne\/business-coach\/coaching-dirigeant\/decider-dans-l-incertitude\">d\u00e9cider dans l\u2019incertitude<\/a> et de ne prendre que des risques calcul\u00e9s.<\/p>\n<p>Dit autrement\u00a0? Le coach pour dirigeant d&rsquo;entreprise est un alli\u00e9 strat\u00e9gique qui agit en caisse de r\u00e9sonnance, et qu\u2019il convient donc d\u2019utiliser de mani\u00e8re intelligente\u00a0!<\/p>\n<h3>Les risques des r\u00e9ponses toutes faites<\/h3>\n<p>Si le coach fournissait des r\u00e9ponses toutes faites, cela entra\u00eenerait plusieurs cons\u00e9quences n\u00e9gatives.<\/p>\n<p>Tout d&rsquo;abord, cela limiterait la capacit\u00e9 du client \u00e0 penser de mani\u00e8re autonome et \u00e0 r\u00e9soudre les probl\u00e8mes futurs. Plut\u00f4t dommage\u00a0! Vous \u00eates en charge, pas nous\u00a0!<\/p>\n<p>De plus, cela pourrait renforcer une d\u00e9pendance malsaine des dirigeants envers leur coach, plut\u00f4t que de d\u00e9velopper la capacit\u00e9 du client \u00e0 prendre en charge son d\u00e9veloppement personnel.<\/p>\n<h3>Les b\u00e9n\u00e9fices de l&rsquo;approche collaborative<\/h3>\n<p>En revanche, une approche collaborative dans laquelle le coach travaille avec le client pour identifier les solutions est beaucoup plus b\u00e9n\u00e9fique.<\/p>\n<p>Cette approche encourage le client \u00e0 r\u00e9fl\u00e9chir de mani\u00e8re autonome, \u00e0 apprendre de ses erreurs et \u00e0 <a href=\"https:\/\/impactified.com\/fr\/reserver-un-coach-en-ligne\/business-coach\/coaching-dirigeant\/zone-de-confort\">d\u00e9velopper ses comp\u00e9tences tout en sortant de sa zone de confort<\/a>.<\/p>\n<p>Elle permet \u00e9galement au coach de mieux comprendre les besoins et les perspectives du client, ce qui peut conduire \u00e0 des solutions plus cr\u00e9atives et plus adapt\u00e9es.<\/p>\n<p>&nbsp;<\/p>\n<div id=\"cbox-yVjQoA09OUMWOqMV\"><\/div>\n<h2>3. Un coach ne vous donnera pas toutes les r\u00e9ponses<\/h2>\n<p>En parlant de r\u00e9ponses &#8211; un troisi\u00e8me point \u00e0 consid\u00e9rer est que le coach pour dirigeant d&rsquo;entreprise ne donnera pas non plus <em>toutes<\/em> les r\u00e9ponses \u00e0 son client.<\/p>\n<p>Au lieu de cela, il utilisera une approche questionnante pour aider la personne en charge \u00e0 d\u00e9velopper ses propres conclusions et \u00e0 acqu\u00e9rir une plus grande autonomie.<\/p>\n<p>Par exemple, le r\u00f4le du business coach ne sera en aucun cas de vous fournir un plan d\u2019affaire tout fait, mais il sera de vous faire <a href=\"https:\/\/impactified.com\/fr\/reserver-un-coach-en-ligne\/business-coach\/coaching-dirigeant\/ecrire-un-plan-d%E2%80%99affaire\">r\u00e9fl\u00e9chir \u00e0 l\u2019ensemble des \u00e9l\u00e9ments qui composent un plan d\u2019affaire<\/a> cens\u00e9 \u2013 les d\u00e9cisions strat\u00e9giques qui concernent votre entreprise doivent rester les v\u00f4tres\u00a0!<\/p>\n<p>Cette approche est fondamentale, car elle encourage le client \u00e0 r\u00e9fl\u00e9chir de mani\u00e8re plus profonde et \u00e0 prendre des d\u00e9cisions plus inform\u00e9es. Plut\u00f4t logique, non\u00a0?<\/p>\n<h2>4. Un coach ne vous forcera pas \u00e0 changer<\/h2>\n<p>Le quatri\u00e8me point \u00e0 mentionner est que le coach ne forcera pas le client \u00e0 changer.<\/p>\n<p>Le coach pour dirigeant est l\u00e0 pour aider son client \u00e0 explorer diff\u00e9rentes options et \u00e0 prendre des d\u00e9cisions \u00e9clair\u00e9es, mais il n\u2019est pas suppos\u00e9 pousser son client a changer drastiquement.<\/p>\n<p>Au contraire, c&rsquo;est au client de d\u00e9cider s&rsquo;il veut ou non changer (de comportement, d\u2019attitude, de mindset, de route\u2026), et c\u2019est aussi a lui d\u2019assumer les cons\u00e9quences de ses d\u00e9cisions d\u2019\u00e9voluer ou non.<\/p>\n<h2>5. Un coach ne vous dira pas ce que vous voulez entendre<\/h2>\n<p>Le cinqui\u00e8me point \u00e0 consid\u00e9rer est que le coach pour dirigeant d&rsquo;entreprise ne dira pas n\u00e9cessairement ce que le client veut entendre.<\/p>\n<p>D\u2019une part, de part sa fonction, le coach aura souvent tendance \u00e0 voir se profiler des tendances qu\u2019il saura analyser plus rapidement que le dirigeant. Il pourra alors \u00e9voquer les sujets et pr\u00e9venir son client, mais en agissant ainsi il sera souvent amen\u00e9 \u00e0 provoquer des id\u00e9es nouvelles qui pourront potentiellement d\u00e9ranger le client.<\/p>\n<p>D\u2019autre part, le coach sera parfois aussi amen\u00e9 \u00e0 jouer un r\u00f4le de miroir et \u00e0 refl\u00e9ter une perception de ce que son client lui dit. Si le client n\u2019exprime pas son message correctement, ou si son comportement est la source d\u2019un probl\u00e8me, alors le r\u00f4le du coach sera de le mettre face a ses propres contradictions \u2013 pas toujours facile \u00e0 entendre\u00a0!<\/p>\n<p>Dit diff\u00e9remment, le r\u00f4le du coach est plut\u00f4t de fournir une r\u00e9troaction constructive et honn\u00eate pour aider le client \u00e0 s&rsquo;am\u00e9liorer \u2013 si vous ne cherchez qu\u2019une confirmation et approbation, vous risquez d\u2019\u00eatre d\u00e9\u00e7u\u00a0!<\/p>\n<p>Cela dit, la r\u00e9troaction constructive peut \u00eatre difficile \u00e0 entendre, mais elle peut \u00e9galement \u00eatre tr\u00e8s b\u00e9n\u00e9fique pour le d\u00e9veloppement personnel et professionnel. Elle permet entre autres au client de prendre conscience de ses points forts et de ses faiblesses et de travailler sur les domaines qui n\u00e9cessitent une am\u00e9lioration \u2013 c\u2019est l\u00e0 que les choses s\u00e9rieuses commencent\u00a0!<\/p>\n<h2>6. Un coach pour dirigeant ne fera pas votre th\u00e9rapie<\/h2>\n<p>Le sixi\u00e8me point cl\u00e9 est que le coach pour dirigeant d&rsquo;entreprise n&rsquo;est pas un th\u00e9rapeute. Bien que le coaching puisse avoir des aspects th\u00e9rapeutiques, le coach ne doit pas \u00eatre consid\u00e9r\u00e9 comme un substitut \u00e0 une th\u00e9rapie professionnelle.<\/p>\n<h3>La diff\u00e9rence entre le coaching et la th\u00e9rapie<\/h3>\n<p>Le coaching se concentre sur le d\u00e9veloppement professionnel et l&rsquo;am\u00e9lioration des comp\u00e9tences et des performances personnelles, tandis que la th\u00e9rapie se concentre sur la gu\u00e9rison \u00e9motionnelle et la r\u00e9solution des probl\u00e8mes psychologiques.<\/p>\n<p>Il est donc extr\u00eamement important de faire la diff\u00e9rence entre les deux approches et de rechercher l&rsquo;aide professionnelle appropri\u00e9e en fonction de ses besoins.<\/p>\n<h2>7. Un coach pour dirigeant ne jouera pas non plus le r\u00f4le de l\u2019ami<\/h2>\n<p>Il est important de comprendre que, dans le cadre d\u2019une relation professionnelle, le coach pour dirigeant d&rsquo;entreprise n&rsquo;est pas un ami.<\/p>\n<p>Bien que la relation entre le coach et son client soit bas\u00e9e sur la confiance, la confidentialit\u00e9 et l&#8217;empathie, et qu\u2019elle puisse se mat\u00e9rialiser par une partie de golf hebdomadaire, elle reste avant tout une relation professionnelle.<\/p>\n<p>Le coach professionnel est l\u00e0 pour aider son client \u00e0 atteindre ses objectifs, \u00e0 d\u00e9velopper ses comp\u00e9tences, \u00e0 am\u00e9liorer son impact sur l&rsquo;organisation, et \u00e0 mieux faire fonctionner ses \u00e9quipes.<\/p>\n<p>Confondre les r\u00f4les du coach et de l&rsquo;ami peut entra\u00eener des probl\u00e8mes tels que des attentes irr\u00e9alistes, des conflits d&rsquo;int\u00e9r\u00eats et une perte de professionnalisme.<\/p>\n<p>Le coach pour dirigeant d&rsquo;entreprise est un guide et un facilitateur, mais pas plus\u00a0! Il est important de maintenir une fronti\u00e8re claire entre la relation professionnelle avec le coach et les relations personnelles avec les amis ou la famille.<\/p>\n<h2>Conclusion :<\/h2>\n<p>En conclusion, il est important de comprendre les limites d&rsquo;un coach pour dirigeant d&rsquo;entreprise.<\/p>\n<p>Le coach n\u2019a pas vocation \u00e0 se comporter en ami, ne r\u00e9soudra pas vos probl\u00e8mes \u00e0 votre place, ne vous donnera pas toutes les r\u00e9ponses, ne vous forcera pas \u00e0 changer, ne sera pas votre th\u00e9rapeute, ne vous dira pas ce que vous voulez entendre et ne fera pas le travail \u00e0 votre place.<\/p>\n<p>Cependant, ces limites peuvent \u00eatre b\u00e9n\u00e9fiques pour vous et votre entreprise, car elles encouragent le d\u00e9veloppement de l&rsquo;autonomie, de la r\u00e9flexion et de la responsabilit\u00e9.<\/p>\n<p>En comprenant les r\u00f4les respectifs du coach et du client, et en travaillant ensemble dans un climat de confiance et de respect, le coaching pour dirigeant d&rsquo;entreprise peut \u00eatre un outil puissant pour aider les leaders \u00e0 atteindre leurs objectifs et \u00e0 am\u00e9liorer leur impact sur l&rsquo;organisation.<\/p>\n<p>Une seule question reste en suspens\u00a0: quelle est votre prochaine \u00e9tape\u00a0? Nous avons l\u2019habitude, <a href=\"https:\/\/impactified.com\/fr\/reserver-un-coach-en-ligne\/business-coach\/coaching-dirigeant\/trouver-le-bon-coach\">r\u00e9servez votre coach en ligne d\u00e8s maintenant<\/a>\u00a0!<\/p>\n","protected":false},"excerpt":{"rendered":"<p>Coach ! Quel est le r\u00f4le d\u2019un coach pour dirigeant d\u2019entreprise, exactement ? Notre business a besoin d\u2019aller de l\u2019avant et nos \u00e9quipes doivent \u00eatre pouss\u00e9es, mais nous n\u2019avons jamais travaill\u00e9 avec un coach professionnel et nous demandons \u00e0 quoi nous devons nous attendre ? Merci d\u2019avance !<\/p>\n","protected":false},"author":2,"featured_media":18936,"parent":12287,"menu_order":0,"comment_status":"closed","ping_status":"closed","template":"","meta":{"_acf_changed":false,"footnotes":""},"tags":[232],"class_list":["post-18935","page","type-page","status-publish","has-post-thumbnail","hentry","tag-serie-travailler-avec-un-business-coach"],"acf":[],"_links":{"self":[{"href":"https:\/\/impactified.com\/fr\/wp-json\/wp\/v2\/pages\/18935","targetHints":{"allow":["GET"]}}],"collection":[{"href":"https:\/\/impactified.com\/fr\/wp-json\/wp\/v2\/pages"}],"about":[{"href":"https:\/\/impactified.com\/fr\/wp-json\/wp\/v2\/types\/page"}],"author":[{"embeddable":true,"href":"https:\/\/impactified.com\/fr\/wp-json\/wp\/v2\/users\/2"}],"replies":[{"embeddable":true,"href":"https:\/\/impactified.com\/fr\/wp-json\/wp\/v2\/comments?post=18935"}],"version-history":[{"count":4,"href":"https:\/\/impactified.com\/fr\/wp-json\/wp\/v2\/pages\/18935\/revisions"}],"predecessor-version":[{"id":18941,"href":"https:\/\/impactified.com\/fr\/wp-json\/wp\/v2\/pages\/18935\/revisions\/18941"}],"up":[{"embeddable":true,"href":"https:\/\/impactified.com\/fr\/wp-json\/wp\/v2\/pages\/12287"}],"wp:featuredmedia":[{"embeddable":true,"href":"https:\/\/impactified.com\/fr\/wp-json\/wp\/v2\/media\/18936"}],"wp:attachment":[{"href":"https:\/\/impactified.com\/fr\/wp-json\/wp\/v2\/media?parent=18935"}],"wp:term":[{"taxonomy":"post_tag","embeddable":true,"href":"https:\/\/impactified.com\/fr\/wp-json\/wp\/v2\/tags?post=18935"}],"curies":[{"name":"wp","href":"https:\/\/api.w.org\/{rel}","templated":true}]}}