{"id":19084,"date":"2023-08-01T10:27:55","date_gmt":"2023-08-01T02:27:55","guid":{"rendered":"https:\/\/impactified.com\/?page_id=19084"},"modified":"2023-08-05T21:30:59","modified_gmt":"2023-08-05T13:30:59","slug":"5-succes-typiques-du-coach-pour-dirigeant","status":"publish","type":"page","link":"https:\/\/impactified.com\/fr\/reserver\/business-coach\/coaching-dirigeant\/5-succes-typiques-du-coach-pour-dirigeant\/","title":{"rendered":"5 succ\u00e8s typiques du coach pour dirigeant &#8211; vous attendez quoi ?"},"content":{"rendered":"<p>Faire appel \u00e0 un coach pour dirigeant est une pratique de plus en plus courante dans le monde des affaires, et ce n&rsquo;est pas sans raison. Les dirigeants ont besoin de comp\u00e9tences sp\u00e9cifiques pour r\u00e9ussir dans leur r\u00f4le, et le coaching pour dirigeant est une v\u00e9ritable ressource pour ceux qui souhaitent\u00a0atteindre leurs objectifs.<\/p>\n<p>Une question revient cependant souvent : quel est le r\u00f4le d&rsquo;un coach pour dirigeant d&rsquo;entreprise ? Et quels sont les succ\u00e8s typiques auxquels on peut s&rsquo;attendre l\u00e9gitimement.<\/p>\n<p>Car, qu&rsquo;on le veuille ou non, chefs d\u2019entreprise et cadres ex\u00e9cutifs doivent de nos jours \u00eatre en mesure de communiquer efficacement avec leur \u00e9quipe, de prendre des d\u00e9cisions difficiles et de diriger leur entreprise vers la r\u00e9ussite.<\/p>\n<p>Cependant, non seulement toutes ces comp\u00e9tences ne sont pas inn\u00e9es, mais la solitude au sommet se fait souvent ressentir et complexifie d\u2019autant la t\u00e2che et le processus de d\u00e9cision.<\/p>\n<h3>Ouch!<\/h3>\n<p>Et oui. Ouch!<\/p>\n<p>Au menu donc, travailler avec un coach pour dirigeant est un excellent moyen d&rsquo;identifier des objectifs clairs (pour soi, pour l&rsquo;entreprise, et pour les \u00e9quipes), de mieux g\u00e9rer son temps, de d\u00e9velopper ses comp\u00e9tences en communication (interne et externe), de faciliter la prise de d\u00e9cision, de d\u00e9velopper son leadership, et de donner de la valeur \u00e0 son entreprise &#8211; la liste des b\u00e9n\u00e9fices de l&rsquo;exercice est longue\u00a0!<\/p>\n<p>Cerise sur le g\u00e2teau, si <a href=\"https:\/\/impactified.com\/fr\/reserver-un-coach-en-ligne\/business-coach\/coaching-de-dirigeant-caisse-de-resonnance\">le coaching de dirigeant offre \u00e0 ceux qui ont besoin de d\u00e9cider et d\u2019agir la caisse de r\u00e9sonnance dont ils ont besoin<\/a> au quotidien, le v\u00e9ritable enjeu est de monter des \u00e9quipes qui tournent seules et deviennent un actif robuste capable d\u2019augmenter consid\u00e9rablement la valorisation de l\u2019entreprise.<\/p>\n<p>Pertinent, non ?<\/p>\n<div id=\"cbox-cKAnYuVH0UZnPxUt\"><\/div>\n<h2>\u00c0 quoi sert un coach pour dirigeant ?<\/h2>\n<p>Point de d\u00e9part de notre discussion\u00a0: travailler avec un coach pour dirigeant est avant tout pour un chef d&rsquo;entreprise ou un cadre dirigeant un moyen de conserver une vision strat\u00e9gique sur son quotidien et d&rsquo;avoir acc\u00e8s \u00e0 une caisse de r\u00e9sonnance priv\u00e9e\u00a0qui lui permet d&rsquo;avancer et de d\u00e9cider dans l&rsquo;incertitude qui l&rsquo;entoure constamment.<\/p>\n<p>De plus, l&rsquo;exercice de coaching professionnel est un moyen de d\u00e9velopper\u00a0de nouvelles comp\u00e9tences, et d&rsquo;obtenir\u00a0un soutien lorsqu&rsquo;il s&rsquo;agit de faire aller ses \u00e9quipes de l&rsquo;avant.<\/p>\n<p><em>Lire aussi : <a href=\"https:\/\/impactified.com\/fr\/reserver-un-coach-en-ligne\/business-coach\/coaching-dirigeant\/a-quoi-sert-un-coach\">\u00e0 quoi sert un coach de dirigeant ?<\/a><\/em><\/p>\n<h2>Les cinq succ\u00e8s typiques du coaching pour dirigeant.<\/h2>\n<p>Les b\u00e9n\u00e9fices du coaching de cadres dirigeants sont aussi nombreux qu&rsquo;av\u00e9r\u00e9s.<\/p>\n<h3>Identifier des objectifs clairs<\/h3>\n<p>Le premier succ\u00e8s typique du coach pour dirigeant\u00a0est l&rsquo;identification d&rsquo;objectifs clairs &#8211; pour soi, mais aussi pour l&rsquo;entreprise, et pour les \u00e9quipes.<\/p>\n<p>En effet, un coach sera \u00e0 m\u00eame d&rsquo;aider ses clients \u00e0 d\u00e9terminer &#8211; via des ateliers ludiques &#8211; des objectifs \u00e0 long terme pour leur entreprise (typiquement, cinq ans, trois ans, douze mois) mais aussi pour les acteurs cl\u00e9s du d\u00e9veloppement de l&rsquo;entreprise et des projets en cours.<\/p>\n<p>Dit diff\u00e9remment, en\u00a0travaillant avec un coach professionnel, vous pourrez rapidement <a href=\"https:\/\/impactified.com\/fr\/reserver-un-coach-en-ligne\/business-coach\/coaching-dirigeant\/vision-d-entreprise\">mettre en place une vision d&rsquo;entreprise<\/a> et une feuille de route pour atteindre ces objectifs. Mais vous serez aussi \u00e0 m\u00eame d&rsquo;identifier les obstacles majeurs, et d&rsquo;\u00e9laborer un plan d&rsquo;action pour les surmonter.<\/p>\n<p>Si chacun connait ses objectifs et est en mesure de suivre ses progr\u00e8s, tout le monde avance !<\/p>\n<h3>D\u00e9veloppement de comp\u00e9tences en communication<\/h3>\n<p>Le deuxi\u00e8me succ\u00e8s typique du coach\u00a0pour dirigeants\u00a0est le d\u00e9veloppement de comp\u00e9tences en communication.<\/p>\n<p>Le sujet touche \u00e9videment au d\u00e9veloppement personnel des collaborateurs, mais il a un r\u00e9el impact en termes de ventes (vers l&rsquo;ext\u00e9rieur) et de productivit\u00e9 (vers l&rsquo;int\u00e9rieur).<\/p>\n<p>Une fois de plus, qu&rsquo;on le veuille ou non, les dirigeants doivent \u00eatre en mesure de communiquer efficacement avec leur \u00e9quipe, leurs clients et leurs partenaires commerciaux. Et le r\u00f4le du coach de dirigeant dans un environnement business est d&rsquo;aider les uns et les autres \u00e0 d\u00e9velopper des comp\u00e9tences en communication verbale et non verbale, \u00e0 apprendre \u00e0 \u00e9couter activement, et \u00e0 donner des retours constructifs.<\/p>\n<p>Les exercices de profilage des collaborateurs sont un outil extr\u00eamement efficace, cela dit en passant, car ils permettent d&rsquo;<a href=\"https:\/\/impactified.com\/fr\/reserver-un-coach-en-ligne\/business-coach\/coaching-dirigeant\/ameliorer-la-communication-des-equipes\">ameliorer\u00a0rapidement la communication des \u00e9quipes<\/a>. Ils permettent d&rsquo;aider les uns et les autres \u00e0 comprendre comment leurs collaborateurs r\u00e9fl\u00e9chissent, pourquoi ils agissent de telle ou telle mani\u00e8re, et comment ajuster leur propre comportement (et communication) en cons\u00e9quence.<\/p>\n<h3>Renforcement de la prise de d\u00e9cision<\/h3>\n<p>Le troisi\u00e8me succ\u00e8s typique du coach\u00a0pour dirigeant\u00a0est le renforcement de la prise de d\u00e9cision.<\/p>\n<p>Les dirigeants doivent prendre des d\u00e9cisions difficiles qui ont un impact direct sur l&rsquo;ensemble de leur entreprise, cependant cette \u00e9tape est toujours difficile \u00e0 appr\u00e9hender.\u00a0Si une approche consiste typiquement \u00e0 repousser la prise de d\u00e9cision pour se rassurer, il est aussi possible de faire bien mieux.<\/p>\n<p>Un coach professionnel aidera ses clients\u00a0\u00e0 prendre rapidement et efficacement des d\u00e9cisions \u00e9clair\u00e9es en utilisant des donn\u00e9es et des informations pr\u00e9cises, \u00e0 \u00e9valuer les risques et les avantages potentiels de chaque option et \u00e0 identifier les cons\u00e9quences \u00e0 long terme de chaque d\u00e9cision.<\/p>\n<p>Il y a ici un enjeu de m\u00e9thode (<a href=\"https:\/\/impactified.com\/fr\/reserver-un-coach-en-ligne\/business-coach\/coaching-dirigeant\/decider-dans-l-incertitude\">comment d\u00e9cider dans l&rsquo;incertitude<\/a>). Mais il y a aussi un v\u00e9ritable enjeu de mindset \u00e0 d\u00e9velopper. Dans les deux cas, l&rsquo;accompagnement et la caisse de r\u00e9sonnance fournis par le coach apporteront une valeur immense.<\/p>\n<div id=\"cbox-yVjQoA09OUMWOqMV\"><\/div>\n<h3>D\u00e9veloppement du leadership<\/h3>\n<p>Le quatri\u00e8me succ\u00e8s typique du coach\u00a0pour dirigeant est le <a href=\"https:\/\/impactified.com\/fr\/reserver-un-coach-en-ligne\/business-coach\/coaching-dirigeant\/developper-son-leadership\">d\u00e9veloppement du leadership<\/a>.<\/p>\n<p>Les dirigeants doivent \u00eatre des mod\u00e8les pour leur \u00e9quipe, ce qui implique de prendre des d\u00e9cisions responsables et de pouvoir les faire accepter par les collaborateurs.<\/p>\n<p>Dans ce cadre, le coaching devient une alternative a une formation couteuse en leadership (type MBA) car il permet de se concentrer sur la pratique (au-del\u00e0 de la th\u00e9orie) et sur les circonstances de l&rsquo;entreprise (ou d&rsquo;une \u00e9quipe). En effet, il est commun pour un coach de travailler avec plusieurs membres de l&rsquo;\u00e9quipe de t\u00eate, ce qui lui permet de convertir ses discussions en \u00e9l\u00e9ments de d\u00e9cision concrets\u00a0et rapides.<\/p>\n<h3>Gestion efficace du temps et des priorit\u00e9s<\/h3>\n<p>Le cinqui\u00e8me succ\u00e8s typique du coaching pour dirigeant est <a href=\"https:\/\/impactified.com\/fr\/reserver-un-coach-en-ligne\/business-coach\/coaching-dirigeant\/rythme-et-charge-de-travail\">la gestion efficace du temps, des priorit\u00e9s et de la charge de travail<\/a> des uns et des autres.<\/p>\n<p>Si les dirigeants (et leurs \u00e9quipes) sont souvent d\u00e9bord\u00e9s et doivent jongler avec de nombreuses t\u00e2ches et responsabilit\u00e9s, le coach sera\u00a0en mesure de les aider de mani\u00e8re rapide et ludique \u00e0 \u00e9tablir des priorit\u00e9s, \u00e0 d\u00e9l\u00e9guer efficacement et \u00e0 utiliser leur temps de mani\u00e8re productive pour atteindre les objectifs de leur entreprise.<\/p>\n<p>\u00c9conomiser trois mois de taches routini\u00e8res par an, c\u2019est possible\u00a0!<\/p>\n<h2>Le coaching pour dirigeant sert aussi (et surtout !) \u00e0 faire tourner les \u00e9quipes plus efficacement.<\/h2>\n<p>Les succ\u00e8s vont au-del\u00e0 des points typiques que nous venons de mentionner, cela dit.<\/p>\n<p>En particulier, <a href=\"https:\/\/impactified.com\/fr\/reserver-un-coach-en-ligne\/business-coach\/coaching-dirigeant\/mentoring-de-dirigeants\">mettre en place un programme de coaching et de mentoring<\/a> en interne permettra de rendre le top management et mid-management de l&rsquo;entreprise plus performants.<\/p>\n<h3>Am\u00e9lioration de la coordination et de la collaboration, r\u00e9duction des conflits.<\/h3>\n<p>On vient de le voir, le coaching pour dirigeant peut aider \u00e0 faire tourner les \u00e9quipes plus efficacement. Les coachs peuvent aider les dirigeants \u00e0 am\u00e9liorer la coordination et la collaboration entre les membres de leur \u00e9quipe, \u00e0 identifier les forces et les faiblesses individuelles et \u00e0 d\u00e9velopper des plans d&rsquo;action pour am\u00e9liorer les performances de l&rsquo;\u00e9quipe dans son ensemble.<\/p>\n<p>Par la m\u00eame occasion, le business coaching permet souvent de r\u00e9duire les conflits entres collaborateurs et \u00e0 mettre de l&rsquo;huile dans des rouages qui sont souvent gripp\u00e9s faute de facilitation.<\/p>\n<p>Encore une fois, nous avons souvent l&rsquo;occasion de travailler avec les \u00e9quipes (au-del\u00e0 du dirigeant seul) et sommes en mesure de connecter des points qui sont typiquement dans un angle mort pour celui qui a l&rsquo;habitude de travailler et d\u00e9cider seul. Grosse diff\u00e9rence\u00a0!<\/p>\n<h2>Et enfin, am\u00e9liorer la valorisation de l&rsquo;entreprise.<\/h2>\n<p>Enfin, faire appel \u00e0 un coach pour dirigeant est un v\u00e9ritable moyen d&rsquo;am\u00e9liorer la valorisation d&rsquo;une entreprise (et par la m\u00eame occasion le revenu des actionnaires \u00e0 diff\u00e9rents stades de la vie de l&rsquo;entreprise).<\/p>\n<h3>Renforcement de la culture et des valeurs d&rsquo;entreprise<\/h3>\n<p>D&rsquo;une part, int\u00e9grer un coach pour dirigeant dans son \u00e9quipe peut aider \u00e0 renforcer tr\u00e8s significativement la culture et les valeurs de l&rsquo;entreprise.<\/p>\n<p>En travaillant avec un coach, les collaborateurs peuvent identifier (ensemble) les valeurs et les objectifs de leur entreprise, et travailler (ensemble)\u00a0pour cr\u00e9er une culture d&rsquo;entreprise qui refl\u00e8te ces valeurs.<\/p>\n<p>Les coachs peuvent \u00e9galement aider \u00e0 d\u00e9velopper des plans d&rsquo;action pour promouvoir ces valeurs aussi bien au sein de l&rsquo;entreprise qu&rsquo;a l&rsquo;ext\u00e9rieur car ils vous pousseront \u00e0 r\u00e9fl\u00e9chir plus largement en termes de marque client et de <a href=\"https:\/\/impactified.com\/fr\/reserver-un-coach-en-ligne\/business-coach\/coaching-dirigeant\/marque-employeur\">marque employeur<\/a>.<\/p>\n<h3>Augmentation de la satisfaction et de la motivation des employ\u00e9s<\/h3>\n<p>En parlant de marque employeur &#8211; collaborer avec un coach pour dirigeant est un moyen efficace d&rsquo;am\u00e9liorer la satisfaction et la motivation des employ\u00e9s.<\/p>\n<p>En d\u00e9veloppant une culture d&rsquo;entreprise forte et en encourageant la communication et la collaboration <a href=\"https:\/\/impactified.com\/fr\/reserver-un-coach-en-ligne\/business-coach\/coaching-dirigeant\/ateliers-brainstorming\">via des ateliers de brainstorming r\u00e9guliers<\/a>, les dirigeants peuvent cr\u00e9er un environnement de travail o\u00f9 les employ\u00e9s se sentent valoris\u00e9s et motiv\u00e9s \u00e0 r\u00e9ussir.<\/p>\n<p>Par ailleurs, offrir un programme de coaching en interne est souvent per\u00e7u par les employ\u00e9s comme une source de d\u00e9veloppement personnel, et comme un moyen de progresser dans ses fonctions comme dans sa carri\u00e8re. Tout le monde y gagne\u00a0!<\/p>\n<h3>Renforcement de la marque et de la r\u00e9putation de l&rsquo;entreprise<\/h3>\n<p>L&rsquo;exercice\u00a0peut \u00e9galement aider \u00e0 renforcer la marque et la r\u00e9putation de l&rsquo;entreprise vers l&rsquo;ext\u00e9rieur.<\/p>\n<p>En travaillant pour cr\u00e9er une culture d&rsquo;entreprise forte autour d&rsquo;un positionnement encore plus fort, les dirigeants peuvent renforcer la r\u00e9putation de leur entreprise aupr\u00e8s des clients, des partenaires commerciaux et de la communaut\u00e9 en g\u00e9n\u00e9ral.<\/p>\n<p>Certaines discussions porteront \u00e9videment sur le <a href=\"https:\/\/impactified.com\/fr\/reserver-un-coach-en-ligne\/business-coach\/coaching-dirigeant\/astuces-strategie-commerciale\">d\u00e9veloppement d&rsquo;une strat\u00e9gie commerciale plus agressive<\/a>, mais <a href=\"https:\/\/impactified.com\/fr\/reserver-un-coach-en-ligne\/business-coach\/coaching-dirigeant\/ocean-bleu\">revoir le positionnement de l&rsquo;entreprise via des atelier Oc\u00e9an Bleu<\/a> est aussi un \u00e9l\u00e9ment important du coaching.<\/p>\n<h3>Renforcer la valorisation \u00e9conomique de l&rsquo;entreprise.<\/h3>\n<p>Enfin, travailler avec un coach d&rsquo;affaire est un moyen indiscutable de <a href=\"https:\/\/impactified.com\/fr\/reserver-un-coach-en-ligne\/business-coach\/coaching-dirigeant\/valoriser-son-entreprise\">valoriser une entreprise<\/a>, ou plus exactement de renforcer sa valeur \u00e9conomique.<\/p>\n<p>D&rsquo;une part, l&rsquo;exercice vous permettra rapidement d&rsquo;identifier les faiblesses (et menaces) qui doivent \u00eatre trait\u00e9es en priorit\u00e9, mais il vous permettra aussi de mettre le doigt sur les opportunit\u00e9s \u00e0 saisir, et sur les forces \u00e0 exploiter. \u00c0 lire aussi, notre article sur la <a href=\"https:\/\/impactified.com\/fr\/reserver-un-coach-en-ligne\/business-coach\/coaching-dirigeant\/faire-un-swot-efficace\">mise en place d&rsquo;un SWOT efficace<\/a>\u00a0(financement Qualiopi disponible !).<\/p>\n<div id=\"cbox-1P0SXJhXVVQCsQSo\"><\/div>\n<p>D&rsquo;autre part, il vous permettra de <a href=\"https:\/\/impactified.com\/fr\/reserver-un-coach-en-ligne\/business-coach\/coaching-dirigeant\/ecrire-un-plan-d%E2%80%99affaire\">r\u00e9fl\u00e9chir en termes de plan d&rsquo;affaires<\/a>, ce qui est pertinent pour pr\u00e9voir votre d\u00e9veloppement et pour aller chercher, le cas \u00e9ch\u00e9ant, les financements et partenaires dont vous avez besoin pour grandir.<\/p>\n<h2><strong>Comment choisir le bon coach pour vous ?<\/strong><\/h2>\n<p>Derni\u00e8re question au menu du jour, comment bien choisir votre coach pour dirigeant ? <a href=\"https:\/\/impactified.com\/fr\/reserver-un-coach-en-ligne\/business-coach\/coaching-dirigeant\/trouver-le-bon-coach-de-dirigeant\">Trouver le bon coach de dirigeant<\/a> est essentiel car, compte tenu de l&rsquo;investissement que repr\u00e9sente ce type de collaboration, il s&rsquo;agit d&rsquo;obtenir des r\u00e9sultats rapidement et durablement.<\/p>\n<p>Pour faire simple : d\u00e9finissez vos attentes, consultez plusieurs coachs jusqu&rsquo; \u00e0 trouver celui avec lequel vous vous sentirez confortable, et osez !<\/p>\n<h2><strong>Conclusion : un coach pour dirigeant est un tremplin dont vous avez besoin !<\/strong><\/h2>\n<p>Pour conclure, faire appel \u00e0 un coach pour dirigeant est un tremplin pour votre entreprise et, dans un cadre plus corporate, pour votre carri\u00e8re.<\/p>\n<p>Un coach vous aidera \u00e0 d\u00e9velopper des comp\u00e9tences cl\u00e9s en communication, en gestion du temps, en prise de d\u00e9cision, en leadership et en gestion d&rsquo;\u00e9quipe. Il vous aidera aussi \u00e0 am\u00e9liorer la coordination et la collaboration entre les membres de l&rsquo;\u00e9quipe, \u00e0 renforcer la culture et les valeurs de l&rsquo;entreprise, \u00e0 am\u00e9liorer la satisfaction et la motivation des employ\u00e9s, et \u00e0 renforcer la r\u00e9putation et la valorisation de l&rsquo;entreprise.<\/p>\n<p>Le v\u00e9ritable enjeu est simple : il faut agir ! Consultez notre plateforme et <a href=\"https:\/\/impactified.com\/fr\/reserver-un-coach-en-ligne\/business-coach\/\">r\u00e9servez votre premi\u00e8re session avec un coach en ligne<\/a> maintenant !<\/p>\n","protected":false},"excerpt":{"rendered":"<p>Coach! J\u2019ai entendu parler du coaching pour l\u2019entreprise, mais quels sont les succ\u00e8s typiques du coach pour dirigeant ? Sur quelles am\u00e9liorations puis-je compter, \u00e0 quelle \u00e9ch\u00e9ance, et par quoi commencer ? Merci !<\/p>\n","protected":false},"author":2,"featured_media":19086,"parent":18258,"menu_order":0,"comment_status":"closed","ping_status":"closed","template":"","meta":{"_acf_changed":false,"footnotes":""},"tags":[236],"class_list":["post-19084","page","type-page","status-publish","has-post-thumbnail","hentry","tag-serie-travailler-avec-un-business-coach-2"],"acf":[],"_links":{"self":[{"href":"https:\/\/impactified.com\/fr\/wp-json\/wp\/v2\/pages\/19084","targetHints":{"allow":["GET"]}}],"collection":[{"href":"https:\/\/impactified.com\/fr\/wp-json\/wp\/v2\/pages"}],"about":[{"href":"https:\/\/impactified.com\/fr\/wp-json\/wp\/v2\/types\/page"}],"author":[{"embeddable":true,"href":"https:\/\/impactified.com\/fr\/wp-json\/wp\/v2\/users\/2"}],"replies":[{"embeddable":true,"href":"https:\/\/impactified.com\/fr\/wp-json\/wp\/v2\/comments?post=19084"}],"version-history":[{"count":3,"href":"https:\/\/impactified.com\/fr\/wp-json\/wp\/v2\/pages\/19084\/revisions"}],"predecessor-version":[{"id":19089,"href":"https:\/\/impactified.com\/fr\/wp-json\/wp\/v2\/pages\/19084\/revisions\/19089"}],"up":[{"embeddable":true,"href":"https:\/\/impactified.com\/fr\/wp-json\/wp\/v2\/pages\/18258"}],"wp:featuredmedia":[{"embeddable":true,"href":"https:\/\/impactified.com\/fr\/wp-json\/wp\/v2\/media\/19086"}],"wp:attachment":[{"href":"https:\/\/impactified.com\/fr\/wp-json\/wp\/v2\/media?parent=19084"}],"wp:term":[{"taxonomy":"post_tag","embeddable":true,"href":"https:\/\/impactified.com\/fr\/wp-json\/wp\/v2\/tags?post=19084"}],"curies":[{"name":"wp","href":"https:\/\/api.w.org\/{rel}","templated":true}]}}