{"id":19094,"date":"2023-08-04T22:09:35","date_gmt":"2023-08-04T14:09:35","guid":{"rendered":"https:\/\/impactified.com\/?page_id=19094"},"modified":"2023-08-05T22:19:07","modified_gmt":"2023-08-05T14:19:07","slug":"tarif-coaching-dirigeant","status":"publish","type":"page","link":"https:\/\/impactified.com\/fr\/reserver\/business-coach\/coaching-dirigeant\/tarif-coaching-dirigeant\/","title":{"rendered":"Les tarifs du coaching de dirigeant expliqu\u00e9s"},"content":{"rendered":"<p>C&rsquo;est ind\u00e9niable, <a href=\"https:\/\/impactified.com\/fr\/reserver-un-coach-en-ligne\/business-coach\/coaching-de-dirigeant-caisse-de-resonnance\">le coaching de dirigeant offre \u00e0 ceux qui ont besoin de d\u00e9cider et d\u2019agir la caisse de r\u00e9sonnance dont ils ont besoin<\/a> au quotidien. Cependant, mettre en place un programme de coaching au sein d&rsquo;une entreprise repr\u00e9sente toujours un co\u00fbt qu&rsquo;il convient de financer, mais comment l&rsquo;anticiper ? Quels sont les tarifs du coaching de dirigeant, exactement ?<\/p>\n<p>Il existe deux mani\u00e8res de pr\u00e9voir le financement d&rsquo;un programme de coaching. Certains voient une d\u00e9pense couteuse qu&rsquo;il faut avaler et dig\u00e9rer.<\/p>\n<p>D&rsquo;autres r\u00e9fl\u00e9chissent cr\u00e9ation de valeur pour l&rsquo;entreprise et approchent le sujet en termes d&rsquo;investissement et de retour sur investissement.<\/p>\n<p>Histoire de vous aider \u00e0 comprendre, nous avons donc not\u00e9 quelques points importants qui vous permettront d&rsquo;estimer quel budget vous devrez envisager si faire appel \u00e0 du coaching de dirigeant est \u00e0 l&rsquo;ordre du jour !<\/p>\n<h2>Pourquoi faire appel au coaching de dirigeant ?<\/h2>\n<p>Point essentiel avant de rentrer dans le vif du sujet des tarifs du coaching de dirigeant &#8211; il nous parait important de rappeler\u00a0<a href=\"https:\/\/impactified.com\/fr\/reserver-un-coach-en-ligne\/business-coach\/coaching-dirigeant\/a-quoi-sert-un-coach\">a quoi sert un coach de dirigeant<\/a>.<\/p>\n<p>Travailler avec un coach de dirigeant est avant tout un moyen pour un chef d&rsquo;entreprise ou un cadre dirigeant un moyen de conserver une vision strat\u00e9gique sur son quotidien et d&rsquo;avoir acc\u00e8s a une caisse de r\u00e9sonnance priv\u00e9e\u00a0qui lui permet d&rsquo;avancer et de d\u00e9cider dans l&rsquo;incertitude qui l&rsquo;entoure constamment.<\/p>\n<p>Dans ce cadre,\u00a0l&rsquo;exercice de coaching professionnel est un moyen de d\u00e9velopper\u00a0de nouvelles comp\u00e9tences, et d&rsquo;obtenir\u00a0un soutien lorsqu&rsquo;il s&rsquo;agit de faire aller ses \u00e9quipes de l&rsquo;avant.<\/p>\n<p>Bien entendu, le coaching n&rsquo;est pas r\u00e9serv\u00e9 qu&rsquo;au haut de l&rsquo;organigramme. Les managers ont aussi tout \u00e0 gagner \u00e0 \u00eatre suivis car le coaching de dirigeant leur permet de passer d&rsquo;un r\u00f4le de gestionnaire de dossier a un r\u00f4le de leader d&rsquo;\u00e9quipe.<\/p>\n<p>Au-del\u00e0 du sujet du leadership, le coaching est aussi un outil extr\u00eamement efficace lorsque l&rsquo;enjeu est d&rsquo;aider les collaborateurs \u00e0 mieux g\u00e9rer leur temps, \u00e0 d\u00e9finir (et suivre) des priorit\u00e9s, \u00e0 mieux communiquer avec leurs coll\u00e8gues, et \u00e0 r\u00e9fl\u00e9chir ensemble \u00e0 des probl\u00e9matiques complexes.<\/p>\n<div id=\"cbox-cKAnYuVH0UZnPxUt\"><\/div>\n<h2>Comprendre le tarif du coaching de dirigeant : \u00e7a coute cher ?<\/h2>\n<p>Pour comprendre les tarifs du coaching de dirigeant, il faut prendre plusieurs choses en compte.<\/p>\n<h3>La tarification \u00e0 l&rsquo;heure ne fait pas de sens.<\/h3>\n<p>Premier point, un bon coach de dirigeant ne vous facturera pas \u00e0 l&rsquo;heure.<\/p>\n<p>D&rsquo;une part, un bon coach est un coach qui est cens\u00e9 \u00eatre capable de faire r\u00e9fl\u00e9chir ses clients en termes de valeur cr\u00e9\u00e9e et de valeur per\u00e7ue. Dit diff\u00e9remment, votre coach vous poussera \u00e0 revoir vos prix pour prendre en compte la diff\u00e9rence que vous cr\u00e9ez pour vos clients, bien au-del\u00e0 du temps que vous passez \u00e0 la t\u00e2che. De fait, un coach coh\u00e9rent facturera lui aussi ses prestations sur la base de la valeur cr\u00e9\u00e9e et non pas du temps pass\u00e9.<\/p>\n<p>De fait, une id\u00e9e capable de transformer votre entreprise radicalement pourra \u00e9merger en une heure, ou \u00e0 l&rsquo;issue de plusieurs mois de travail, mais la valeur du coach r\u00e9sidera dans l&rsquo;impact de cette id\u00e9e sur votre entreprise, pas sur le temps pass\u00e9 \u00e0 vous faire r\u00e9fl\u00e9chir.<\/p>\n<p>D&rsquo;autre part, un coach de dirigeant ne travaille pas comme un avocat ni comme un consultant et ne vous enverra pas une facture pour chaque quinze minutes de travail effectu\u00e9.<\/p>\n<p>Au contraire, il se rendra disponible autant que n\u00e9cessaire pour vous permettre de r\u00e9fl\u00e9chir rapidement et efficacement &#8211; les tarifs du coach de dirigeant seront donc pr\u00e9vus au forfait et de mani\u00e8re globale, afin de prendre en compte le temps passe mais aussi la disponibilit\u00e9 du coach et la cr\u00e9ation de valeur constante occasionn\u00e9e par cette caisse de r\u00e9sonance permanente.<\/p>\n<h3>Les m\u00e9thodes apportent plus de valeur que les certifications.<\/h3>\n<p>Le point pourra sembler contre-intuitif, mais les certifications d&rsquo;un coach ne sont pas n\u00e9cessairement cr\u00e9atrices de valeur pour une entreprise cliente.<\/p>\n<p>Une certification \u00e0 un r\u00f4le simple : certifier qu&rsquo;un cursus a \u00e9t\u00e9 suivi. Pour autant, de nombreux coachs sortent chaque ann\u00e9e des \u00e9coles de coaching du monde entier et poss\u00e8dent des certifications impressionnantes sans pour autant avoir travaill\u00e9 avec de vraies \u00e9quipes, dans un vrai contexte d&rsquo;affaires.<\/p>\n<p>Par ailleurs, certains coachs ont des certifications de coaching r\u00e9put\u00e9es internationalement mais ne seront pas \u00e0 m\u00eame de permettre \u00e0 une \u00e9quipe d&rsquo;obtenir des r\u00e9sultats concrets en trois heures de travail &#8211; ce que pourra clairement faire un coach sp\u00e9cialiste des m\u00e9thodes de brainstorming non-enseign\u00e9es par les organismes de coaching traditionnels.<\/p>\n<p>Le tarif du coaching de dirigeant, donc, ne doit pas d\u00e9pendre de l&rsquo;impressionnante liste de badges affiches au dos de la carte de visite d&rsquo;un coach. Il doit d\u00e9pendre de la capacit\u00e9 du coach \u00e0 bousculer les id\u00e9es re\u00e7ues, \u00e0 faire \u00e9voluer comportements et mod\u00e8les d&rsquo;affaires, et\u00a0\u00e0 r\u00e9soudre des\u00a0situations complexes.<\/p>\n<h2>Coaching occasionnel vs coaching r\u00e9gulier : les tarifs s&rsquo;ajustent !<\/h2>\n<p>Autre point important, la facturation et le tarif du coaching de dirigeant vont syst\u00e9matiquement d\u00e9pendre de la fr\u00e9quence de coaching d\u00e9sir\u00e9e par le client. Id\u00e9alement, un coach efficace cherchera \u00e0 m\u00e9langer les deux m\u00e9thodes afin de maximiser la valeur d\u00e9livr\u00e9e (et per\u00e7ue).<\/p>\n<h3>Les sessions r\u00e9guli\u00e8res<\/h3>\n<p>D&rsquo;une part, le coaching d\u2019affaires se d\u00e9roule dans un cadre r\u00e9gulier et r\u00e9current. C&rsquo;est notamment le cas lorsque l&rsquo;enjeu pour l&rsquo;entreprise est de fournir \u00e0 ses \u00e9quipes un cadre de r\u00e9flexion \u00ab\u00a0hors de la boite\u00a0\u00bb durable, pour faire grandir et progresser ceux qui en b\u00e9n\u00e9ficient.<\/p>\n<p>Par exemple, des cadres dirigeants exp\u00e9rimentes b\u00e9n\u00e9ficieront de s\u00e9ances de coaching r\u00e9guli\u00e8res &#8211; comprendre, deux \u00e0 trois fois par mois &#8211; lorsque leur probl\u00e9matique consiste \u00e0\u00a0<a href=\"https:\/\/impactified.com\/fr\/reserver-un-coach-en-ligne\/business-coach\/coaching-dirigeant\/decider-dans-l-incertitude\">d\u00e9cider dans l&rsquo;incertitude<\/a>\u00a0et ou \u00e0 travailler sur le\u00a0<a href=\"https:\/\/impactified.com\/fr\/reserver-un-coach-en-ligne\/business-coach\/coaching-dirigeant\/developper-son-leadership\">d\u00e9veloppement de leur\u00a0leadership<\/a>\u00a0et que le coach joue un r\u00f4le de caisse de r\u00e9sonnance disponible \u00e0 la demande.<\/p>\n<p>Des cadres plus juniors pour qui l&rsquo;enjeu est d&rsquo;apprendre \u00e0 d\u00e9finir des priorit\u00e9s et \u00e0 g\u00e9rer une \u00e9quipe\u00a0pourront par contre voir leur coach moins fr\u00e9quemment &#8211; une fois par mois &#8211; mais tout aussi r\u00e9guli\u00e8rement.<\/p>\n<div id=\"cbox-yVjQoA09OUMWOqMV\"><\/div>\n<p>Dans ces cas, le tarif du coaching de dirigeant d\u00e9butera autour du millier d&rsquo;euros par mois, et \u00e9voluera \u00e0 la hausse en fonction du besoin du client et du nombre de cadres dirigeants qui doivent \u00eatre coach\u00e9s dans l&rsquo;organisation.<\/p>\n<p>\u00c0 noter par ailleurs, le tarif du coaching de dirigeant pourra souvent \u00eatre adapt\u00e9 dans un package avantageux lorsque le coaching concernera une \u00e9quipe dirigeante dans son ensemble.<\/p>\n<h3>Les sessions occasionnelles<\/h3>\n<p>D&rsquo;autre part et en parall\u00e8le des sessions r\u00e9currentes, il est courant de faire appel \u00e0 son coach business de mani\u00e8re plus ponctuelle, dans le cadre de missions compl\u00e9mentaires.<\/p>\n<p>Par exemple, les coachs <em>Impactified<\/em> organisent et facilitent r\u00e9guli\u00e8rement des ateliers destin\u00e9s \u00e0\u00a0<a href=\"https:\/\/impactified.com\/fr\/reserver-un-coach-en-ligne\/business-coach\/coaching-dirigeant\/vision-d-entreprise\">mettre en place une vision d&rsquo;entreprise<\/a>, et ils animent aussi des ateliers destin\u00e9s \u00e0 am\u00e9liorer <a href=\"https:\/\/impactified.com\/fr\/reserver-un-coach-en-ligne\/business-coach\/coaching-dirigeant\/rythme-et-charge-de-travail\">la gestion efficace du temps, des priorit\u00e9s et de la charge de travail<\/a> des uns et des autres.<\/p>\n<p>Les ateliers de type SWOT permettent de faire de mani\u00e8re ponctuelle un point sur la situation organisationnelle d&rsquo;une entreprise, tandis que les ateliers Oc\u00e9an Bleu permettront \u00e0 une entreprise de se r\u00e9inventer en revisitant sa proposition de valeur sur plusieurs mois.<\/p>\n<p>Le tarif du coaching de dirigeant et du coaching des \u00e9quipes dans ce type de situation sera alors comparable aux tarifs d&rsquo;un cabinet de consulting sp\u00e9cialis\u00e9 en management &#8211; pr\u00e9voir \u00e0 partir de 5500 euros par jour, ajustables l\u00e0 aussi selon le nombre de sessions n\u00e9cessaires.<\/p>\n<h2>Tarifs du coaching de cirigeant: d\u00e9pense ou investissement ?<\/h2>\n<p>Pour bien appr\u00e9hender la question du tarif du coaching de dirigeant, il convient donc de r\u00e9fl\u00e9chir en termes de valeur cr\u00e9\u00e9e pour l&rsquo;entreprise et donc d&rsquo;investissement, et non pas en termes de d\u00e9pense relative au temps passe sur un sujet par le coach.<\/p>\n<p>Un programme de coaching r\u00e9gulier permettant \u00e0 un cadre dirigeant de rationaliser son temps, de d\u00e9finir des priorit\u00e9s qui font sens, de d\u00e9l\u00e9guer efficacement, de mettre au point une strat\u00e9gie commerciale, et de prendre des d\u00e9cisions rapidement sera g\u00e9n\u00e9ralement comparable au montant du salaire d&rsquo;une assistante de direction &#8211; imbattable lorsque l&rsquo;on r\u00e9alise le temps, l\u2019Energie, le confort et l&rsquo;argent que l&rsquo;on gagne au cours de l&rsquo;exercice.<\/p>\n<p>De m\u00eame, un programme de <a href=\"https:\/\/impactified.com\/fr\/reserver-un-coach-en-ligne\/business-coach\/coaching-dirigeant\/strategie-digitale\">coaching en management de strat\u00e9gie digitale<\/a> aura un cout tr\u00e8s limit\u00e9, relativement aux gains financiers g\u00e9n\u00e9r\u00e9s par le biais d\u2019un d\u00e9ploiement innovant \u00e0 destination de non-clients.<\/p>\n<p>Un programme de coaching en gestion de temps \u00e0 destination de managers et un atelier de brainstorming en \u00e9quipe couteront\u00a0quelques milliers d&rsquo;euros &#8211; un investissement plus que raisonnable et rapidement rentable pour permettre \u00e0 ses \u00e9quipes d&rsquo;augmenter leur productivit\u00e9, ou de r\u00e9soudre en quelques heures des probl\u00e9matiques (absence de vision, absence de valeurs, absence de process) qui trainent depuis des mois et coutent \u00e9norm\u00e9ment d&rsquo;argent faute d&rsquo;action.<\/p>\n<p>Un atelier de <a href=\"https:\/\/impactified.com\/fr\/reserver-un-coach-en-ligne\/business-coach\/coaching-dirigeant\/faire-un-swot-efficace\">r\u00e9alisation d&rsquo;une analyse SWOT de l&rsquo;entreprise<\/a> coutera lui aussi quelques milliers d&rsquo;euros &#8211; un investissement limit\u00e9 (et pris en charge en partie par le fond formation Qualiopi) capable de mettre en exergue les menaces et faiblesses \u00e0 prendre en compte imm\u00e9diatement, mais aussi les vraies opportunit\u00e9s \u00e0 saisir.<\/p>\n<div id=\"cbox-1P0SXJhXVVQCsQSo\"><\/div>\n<p>Enfin, une s\u00e9rie d&rsquo;ateliers Oc\u00e9an Bleu coutera quant \u00e0 elle quelques dizaines de milliers d&rsquo;euros &#8211; un investissement plus significatif qui transformera n\u00e9anmoins une entreprise de mani\u00e8re \u00e0 la mettre en position de leader sur son march\u00e9 pour les dix prochaines ann\u00e9es.<\/p>\n<h2>Conclusion\u00a0: investir dans le coaching pour dirigeant sert surtout \u00e0 faire tourner les \u00e9quipes plus efficacement.<\/h2>\n<p>Au final, le tarif du coaching de dirigeant repr\u00e9sente un investissement significatif qu\u2019il convient de ne pas prendre \u00e0 la l\u00e9g\u00e8re.<\/p>\n<p>Mais il est aussi un investissement \u00e0 fort rendement, car il permet aux \u00e9quipes (dirigeants et collaborateurs) de gagner en efficacit\u00e9 et en leadership de mani\u00e8re continue.<\/p>\n<p>On vient de le voir, le coaching pour dirigeant peut aider \u00e0 faire tourner les \u00e9quipes plus efficacement. Les coachs peuvent aider les dirigeants \u00e0 am\u00e9liorer la coordination et la collaboration entre les membres de leur \u00e9quipe, \u00e0 identifier les forces et les faiblesses individuelles et \u00e0 d\u00e9velopper des plans d&rsquo;action pour am\u00e9liorer les performances de l&rsquo;\u00e9quipe dans son ensemble.<\/p>\n<h3>Am\u00e9lioration de la productivit\u00e9, du positionnement, et du chiffre d\u2019affaires<\/h3>\n<p>Le tarif du coaching de dirigeant est par ailleurs largement accessible des lors qu\u2019il est mis en parall\u00e8le de la valeur g\u00e9n\u00e9r\u00e9e pour l\u2019entreprise du point de vue de la productivit\u00e9, de l\u2019am\u00e9lioration du positionnement sur le segment de marche du client, et bien entendu de la progression du chiffre d\u2019affaires.<\/p>\n<h3><strong>Un tremplin \u00e0 ne pas manquer\u00a0!<\/strong><\/h3>\n<p>Pour conclure, faire appel \u00e0 un coach pour dirigeant est un tremplin pour votre entreprise et, dans un cadre plus corporate, pour votre carri\u00e8re. Le v\u00e9ritable enjeu est simple : il faut agir ! Consultez notre plateforme et <a href=\"https:\/\/impactified.com\/fr\/reserver-un-coach-en-ligne\/business-coach\/\">r\u00e9servez votre premi\u00e8re session avec un coach en ligne<\/a> maintenant !<\/p>\n","protected":false},"excerpt":{"rendered":"<p>Dites, Impactified, c\u2019est quoi les tarifs du coaching de dirigeant ? Je pense que le coaching pourrait aider mon entreprise \u00e0 mieux tourner, mais cot\u00e9 prix il faut compter quel budget ? Merci !<\/p>\n","protected":false},"author":2,"featured_media":19105,"parent":18258,"menu_order":0,"comment_status":"closed","ping_status":"closed","template":"","meta":{"_acf_changed":false,"footnotes":""},"tags":[236],"class_list":["post-19094","page","type-page","status-publish","has-post-thumbnail","hentry","tag-serie-travailler-avec-un-business-coach-2"],"acf":[],"_links":{"self":[{"href":"https:\/\/impactified.com\/fr\/wp-json\/wp\/v2\/pages\/19094","targetHints":{"allow":["GET"]}}],"collection":[{"href":"https:\/\/impactified.com\/fr\/wp-json\/wp\/v2\/pages"}],"about":[{"href":"https:\/\/impactified.com\/fr\/wp-json\/wp\/v2\/types\/page"}],"author":[{"embeddable":true,"href":"https:\/\/impactified.com\/fr\/wp-json\/wp\/v2\/users\/2"}],"replies":[{"embeddable":true,"href":"https:\/\/impactified.com\/fr\/wp-json\/wp\/v2\/comments?post=19094"}],"version-history":[{"count":4,"href":"https:\/\/impactified.com\/fr\/wp-json\/wp\/v2\/pages\/19094\/revisions"}],"predecessor-version":[{"id":19110,"href":"https:\/\/impactified.com\/fr\/wp-json\/wp\/v2\/pages\/19094\/revisions\/19110"}],"up":[{"embeddable":true,"href":"https:\/\/impactified.com\/fr\/wp-json\/wp\/v2\/pages\/18258"}],"wp:featuredmedia":[{"embeddable":true,"href":"https:\/\/impactified.com\/fr\/wp-json\/wp\/v2\/media\/19105"}],"wp:attachment":[{"href":"https:\/\/impactified.com\/fr\/wp-json\/wp\/v2\/media?parent=19094"}],"wp:term":[{"taxonomy":"post_tag","embeddable":true,"href":"https:\/\/impactified.com\/fr\/wp-json\/wp\/v2\/tags?post=19094"}],"curies":[{"name":"wp","href":"https:\/\/api.w.org\/{rel}","templated":true}]}}