{"id":19880,"date":"2024-03-14T21:42:04","date_gmt":"2024-03-14T13:42:04","guid":{"rendered":"https:\/\/impactified.com\/?page_id=19880"},"modified":"2024-03-14T21:42:04","modified_gmt":"2024-03-14T13:42:04","slug":"stratos-edi","status":"publish","type":"page","link":"https:\/\/impactified.com\/fr\/stratos-edi\/","title":{"rendered":"Stratos EDI"},"content":{"rendered":"<p>Politique de Confidentialit\u00e9 de Stratos EDI par Impactified<\/p>\n<p>Date d&rsquo;entr\u00e9e en vigueur : 10 mars 2024<\/p>\n<p>Introduction<\/p>\n<p>Impactified s&rsquo;engage \u00e0 prot\u00e9ger la vie priv\u00e9e des utilisateurs de notre application Shopify Stratos EDI. Cette Politique de Confidentialit\u00e9 explique comment nous collectons, utilisons, divulguons, et prot\u00e9geons les informations relatives \u00e0 notre application Shopify, qui facilite l&rsquo;envoi des commandes clients via EDI vers la logistique pour la gestion des exp\u00e9ditions et la mise \u00e0 jour des stocks et des exp\u00e9ditions dans le back-office de votre boutique Shopify.<br \/>\nCollecte d&rsquo;Informations<\/p>\n<p>Nous collectons les informations n\u00e9cessaires pour faciliter l&rsquo;exp\u00e9dition et la logistique des commandes de votre boutique Shopify, y compris mais sans s&rsquo;y limiter, les d\u00e9tails des commandes, les informations de livraison et les donn\u00e9es de stock.<br \/>\nNous exportons les informations de votre base de produits vers votre prestataire logistique pour assurer une gestion pr\u00e9cise des stocks et des exp\u00e9ditions.<br \/>\nUtilisation des Informations<\/p>\n<p>Les informations collect\u00e9es sont utilis\u00e9es exclusivement pour le traitement des commandes, la gestion des exp\u00e9ditions, la mise \u00e0 jour du stock dans votre boutique Shopify, et l&rsquo;am\u00e9lioration continue de notre application.<br \/>\nPartage des Informations<\/p>\n<p>Nous partageons les informations n\u00e9cessaires avec votre prestataire logistique dans le but exclusif de faciliter les exp\u00e9ditions des commandes.<br \/>\nNous ne partageons, vendons, louons ni divulguons vos informations personnelles \u00e0 des tiers, sauf comme d\u00e9crit dans cette politique ou requis par la loi.<br \/>\nS\u00e9curit\u00e9 des Donn\u00e9es<\/p>\n<p>Nous prenons des mesures de s\u00e9curit\u00e9 pour prot\u00e9ger vos informations contre un acc\u00e8s non autoris\u00e9, une alt\u00e9ration, une divulgation ou une destruction. Cela inclut des revues internes de nos pratiques de collecte, de stockage et de traitement des donn\u00e9es et des mesures de s\u00e9curit\u00e9, ainsi que des mesures de s\u00e9curit\u00e9 physiques pour se pr\u00e9munir contre un acc\u00e8s non autoris\u00e9 aux syst\u00e8mes o\u00f9 nous stockons des donn\u00e9es personnelles.<br \/>\nVos Droits<\/p>\n<p>Vous avez le droit d&rsquo;acc\u00e9der, corriger, supprimer ou limiter l&rsquo;utilisation de vos informations personnelles. Si vous souhaitez exercer ces droits, veuillez nous contacter aux coordonn\u00e9es fournies ci-dessous.<br \/>\nModifications de cette Politique<\/p>\n<p>Nous pouvons mettre \u00e0 jour cette politique de confidentialit\u00e9 de temps \u00e0 autre. Nous vous notifierons de tout changement en publiant la nouvelle politique de confidentialit\u00e9 sur cette page. Il est conseill\u00e9 de consulter r\u00e9guli\u00e8rement cette politique de confidentialit\u00e9 pour tout changement.<br \/>\nContactez-nous<\/p>\n<p>Si vous avez des questions sur cette politique de confidentialit\u00e9, veuillez nous contacter \u00e0 support@impactified.com.<\/p>\n","protected":false},"excerpt":{"rendered":"<p>Politique de Confidentialit\u00e9 de Stratos EDI par Impactified Date d&rsquo;entr\u00e9e en vigueur : 10 mars 2024 Introduction Impactified s&rsquo;engage \u00e0 prot\u00e9ger la vie priv\u00e9e des utilisateurs de notre application Shopify Stratos EDI. Cette Politique de Confidentialit\u00e9 explique comment nous collectons, utilisons, divulguons, et prot\u00e9geons les informations relatives \u00e0 notre application Shopify, qui facilite l&rsquo;envoi des [&hellip;]<\/p>\n","protected":false},"author":56,"featured_media":0,"parent":0,"menu_order":0,"comment_status":"closed","ping_status":"closed","template":"","meta":{"_acf_changed":false,"footnotes":""},"tags":[],"class_list":["post-19880","page","type-page","status-publish","hentry"],"acf":[],"_links":{"self":[{"href":"https:\/\/impactified.com\/fr\/wp-json\/wp\/v2\/pages\/19880","targetHints":{"allow":["GET"]}}],"collection":[{"href":"https:\/\/impactified.com\/fr\/wp-json\/wp\/v2\/pages"}],"about":[{"href":"https:\/\/impactified.com\/fr\/wp-json\/wp\/v2\/types\/page"}],"author":[{"embeddable":true,"href":"https:\/\/impactified.com\/fr\/wp-json\/wp\/v2\/users\/56"}],"replies":[{"embeddable":true,"href":"https:\/\/impactified.com\/fr\/wp-json\/wp\/v2\/comments?post=19880"}],"version-history":[{"count":2,"href":"https:\/\/impactified.com\/fr\/wp-json\/wp\/v2\/pages\/19880\/revisions"}],"predecessor-version":[{"id":19882,"href":"https:\/\/impactified.com\/fr\/wp-json\/wp\/v2\/pages\/19880\/revisions\/19882"}],"wp:attachment":[{"href":"https:\/\/impactified.com\/fr\/wp-json\/wp\/v2\/media?parent=19880"}],"wp:term":[{"taxonomy":"post_tag","embeddable":true,"href":"https:\/\/impactified.com\/fr\/wp-json\/wp\/v2\/tags?post=19880"}],"curies":[{"name":"wp","href":"https:\/\/api.w.org\/{rel}","templated":true}]}}