{"id":20473,"date":"2024-07-18T15:14:37","date_gmt":"2024-07-18T14:14:37","guid":{"rendered":"https:\/\/impactified.com\/?page_id=20473"},"modified":"2024-07-18T23:16:38","modified_gmt":"2024-07-18T22:16:38","slug":"cadeaux","status":"publish","type":"page","link":"https:\/\/impactified.com\/fr\/mba-accelere\/cadeaux\/","title":{"rendered":"Ebooks et Mini-Trainings (Gratuits !)"},"content":{"rendered":"","protected":false},"excerpt":{"rendered":"<p>Et si subir son business \u00e9tait LA mauvaise id\u00e9e ? Avec les ebooks gratuits sign\u00e9s Impactified (et les mini-trainings associ\u00e9s) vous avez une super opportunit\u00e9 de faire (beaucoup) mieux a moindre cout ! Vous attendez quoi au juste ? T\u00e9l\u00e9chargez votre ebook maintenant !<\/p>\n","protected":false},"author":2,"featured_media":20488,"parent":12375,"menu_order":0,"comment_status":"closed","ping_status":"closed","template":"","meta":{"_acf_changed":false,"footnotes":""},"tags":[],"class_list":["post-20473","page","type-page","status-publish","has-post-thumbnail","hentry"],"acf":[],"_links":{"self":[{"href":"https:\/\/impactified.com\/fr\/wp-json\/wp\/v2\/pages\/20473","targetHints":{"allow":["GET"]}}],"collection":[{"href":"https:\/\/impactified.com\/fr\/wp-json\/wp\/v2\/pages"}],"about":[{"href":"https:\/\/impactified.com\/fr\/wp-json\/wp\/v2\/types\/page"}],"author":[{"embeddable":true,"href":"https:\/\/impactified.com\/fr\/wp-json\/wp\/v2\/users\/2"}],"replies":[{"embeddable":true,"href":"https:\/\/impactified.com\/fr\/wp-json\/wp\/v2\/comments?post=20473"}],"version-history":[{"count":5,"href":"https:\/\/impactified.com\/fr\/wp-json\/wp\/v2\/pages\/20473\/revisions"}],"predecessor-version":[{"id":20491,"href":"https:\/\/impactified.com\/fr\/wp-json\/wp\/v2\/pages\/20473\/revisions\/20491"}],"up":[{"embeddable":true,"href":"https:\/\/impactified.com\/fr\/wp-json\/wp\/v2\/pages\/12375"}],"wp:featuredmedia":[{"embeddable":true,"href":"https:\/\/impactified.com\/fr\/wp-json\/wp\/v2\/media\/20488"}],"wp:attachment":[{"href":"https:\/\/impactified.com\/fr\/wp-json\/wp\/v2\/media?parent=20473"}],"wp:term":[{"taxonomy":"post_tag","embeddable":true,"href":"https:\/\/impactified.com\/fr\/wp-json\/wp\/v2\/tags?post=20473"}],"curies":[{"name":"wp","href":"https:\/\/api.w.org\/{rel}","templated":true}]}}