{"id":22932,"date":"2025-08-20T23:05:25","date_gmt":"2025-08-20T22:05:25","guid":{"rendered":"https:\/\/impactified.com\/?page_id=22932"},"modified":"2025-11-23T17:49:54","modified_gmt":"2025-11-23T17:49:54","slug":"analyse-360-organisation","status":"publish","type":"page","link":"https:\/\/impactified.com\/fr\/formations\/analyse-360-organisation\/","title":{"rendered":"Formation | Analyse \u00e0 360\u00b0 de l&rsquo;Organisation d&rsquo;une Entreprise"},"content":{"rendered":"","protected":false},"excerpt":{"rendered":"<p>L\u2019analyse \u00e0 360\u202f\u00b0 de votre entreprise vous offre une vision claire et sans filtre de vos performances organisationnelles et op\u00e9rationnelles. En quelques heures, vous identifiez ce qui freine la machine d&rsquo;un point de vue extr\u00eamement concret, et vous mettez au point une feuille de route pour passer \u00e0 l\u2019action sans attendre et valoriser votre entreprise en la rendant plus performante et mieux structur\u00e9e.<\/p>\n","protected":false},"author":2,"featured_media":23074,"parent":22934,"menu_order":1,"comment_status":"closed","ping_status":"closed","template":"","meta":{"_acf_changed":false,"footnotes":""},"tags":[291,296],"class_list":["post-22932","page","type-page","status-publish","has-post-thumbnail","hentry","tag-formations","tag-formations-orga"],"acf":[],"_links":{"self":[{"href":"https:\/\/impactified.com\/fr\/wp-json\/wp\/v2\/pages\/22932","targetHints":{"allow":["GET"]}}],"collection":[{"href":"https:\/\/impactified.com\/fr\/wp-json\/wp\/v2\/pages"}],"about":[{"href":"https:\/\/impactified.com\/fr\/wp-json\/wp\/v2\/types\/page"}],"author":[{"embeddable":true,"href":"https:\/\/impactified.com\/fr\/wp-json\/wp\/v2\/users\/2"}],"replies":[{"embeddable":true,"href":"https:\/\/impactified.com\/fr\/wp-json\/wp\/v2\/comments?post=22932"}],"version-history":[{"count":27,"href":"https:\/\/impactified.com\/fr\/wp-json\/wp\/v2\/pages\/22932\/revisions"}],"predecessor-version":[{"id":24449,"href":"https:\/\/impactified.com\/fr\/wp-json\/wp\/v2\/pages\/22932\/revisions\/24449"}],"up":[{"embeddable":true,"href":"https:\/\/impactified.com\/fr\/wp-json\/wp\/v2\/pages\/22934"}],"wp:featuredmedia":[{"embeddable":true,"href":"https:\/\/impactified.com\/fr\/wp-json\/wp\/v2\/media\/23074"}],"wp:attachment":[{"href":"https:\/\/impactified.com\/fr\/wp-json\/wp\/v2\/media?parent=22932"}],"wp:term":[{"taxonomy":"post_tag","embeddable":true,"href":"https:\/\/impactified.com\/fr\/wp-json\/wp\/v2\/tags?post=22932"}],"curies":[{"name":"wp","href":"https:\/\/api.w.org\/{rel}","templated":true}]}}