{"id":23049,"date":"2025-08-22T14:29:48","date_gmt":"2025-08-22T13:29:48","guid":{"rendered":"https:\/\/impactified.com\/?page_id=23049"},"modified":"2025-12-06T16:48:52","modified_gmt":"2025-12-06T16:48:52","slug":"analyse-360-efficacite-commerciale","status":"publish","type":"page","link":"https:\/\/impactified.com\/fr\/formations\/analyse-360-efficacite-commerciale\/","title":{"rendered":"Formation | Analyse \u00e0 360\u00b0 de l&rsquo;Efficacit\u00e9 Commerciale d&rsquo;une Entreprise"},"content":{"rendered":"","protected":false},"excerpt":{"rendered":"<p>Vos r\u00e9sultats commerciaux parlent d\u2019eux-m\u00eames. L\u2019analyse \u00e0 360\u00b0 de votre efficacit\u00e9 commerciale met en \u00e9vidence ce qui limite aujourd\u2019hui votre capacit\u00e9 \u00e0 attirer, convaincre et fid\u00e9liser vos clients. En quelques heures, vous comprenez o\u00f9 la machine se grippe, pourquoi la rentabilit\u00e9 stagne, et comment transformer vos efforts de vente en croissance durable et en valeur cr\u00e9\u00e9e pour votre entreprise.<\/p>\n","protected":false},"author":2,"featured_media":23074,"parent":22934,"menu_order":2,"comment_status":"closed","ping_status":"closed","template":"","meta":{"_acf_changed":false,"footnotes":""},"tags":[291,301],"class_list":["post-23049","page","type-page","status-publish","has-post-thumbnail","hentry","tag-formations","tag-formations-commerciales"],"acf":[],"_links":{"self":[{"href":"https:\/\/impactified.com\/fr\/wp-json\/wp\/v2\/pages\/23049","targetHints":{"allow":["GET"]}}],"collection":[{"href":"https:\/\/impactified.com\/fr\/wp-json\/wp\/v2\/pages"}],"about":[{"href":"https:\/\/impactified.com\/fr\/wp-json\/wp\/v2\/types\/page"}],"author":[{"embeddable":true,"href":"https:\/\/impactified.com\/fr\/wp-json\/wp\/v2\/users\/2"}],"replies":[{"embeddable":true,"href":"https:\/\/impactified.com\/fr\/wp-json\/wp\/v2\/comments?post=23049"}],"version-history":[{"count":13,"href":"https:\/\/impactified.com\/fr\/wp-json\/wp\/v2\/pages\/23049\/revisions"}],"predecessor-version":[{"id":24451,"href":"https:\/\/impactified.com\/fr\/wp-json\/wp\/v2\/pages\/23049\/revisions\/24451"}],"up":[{"embeddable":true,"href":"https:\/\/impactified.com\/fr\/wp-json\/wp\/v2\/pages\/22934"}],"wp:featuredmedia":[{"embeddable":true,"href":"https:\/\/impactified.com\/fr\/wp-json\/wp\/v2\/media\/23074"}],"wp:attachment":[{"href":"https:\/\/impactified.com\/fr\/wp-json\/wp\/v2\/media?parent=23049"}],"wp:term":[{"taxonomy":"post_tag","embeddable":true,"href":"https:\/\/impactified.com\/fr\/wp-json\/wp\/v2\/tags?post=23049"}],"curies":[{"name":"wp","href":"https:\/\/api.w.org\/{rel}","templated":true}]}}