{"id":23058,"date":"2025-08-22T15:16:36","date_gmt":"2025-08-22T14:16:36","guid":{"rendered":"https:\/\/impactified.com\/?page_id=23058"},"modified":"2025-11-23T18:04:24","modified_gmt":"2025-11-23T18:04:24","slug":"formation-analyse-720","status":"publish","type":"page","link":"https:\/\/impactified.com\/fr\/formations\/formation-analyse-720\/","title":{"rendered":"Formation | Analyse \u00e0 720\u00b0 de l&rsquo;0rga et de l&rsquo;Efficacit\u00e9 Commerciale d&rsquo;une Entreprise"},"content":{"rendered":"","protected":false},"excerpt":{"rendered":"<p>Organisation op\u00e9rationnelle, efficacit\u00e9 commerciale\u2026 et si les aligner lib\u00e9rait (enfin !) tout le potentiel de votre entreprise ? Notre analyse \u00e0 720\u00b0 combine ces dimensions pour vous offrir une vision compl\u00e8te. En quelques heures, vous r\u00e9v\u00e9lez vos angles morts, confrontez perception et r\u00e9alit\u00e9, vous repartez avec une feuille de route claire pour booster vos performances et maximiser la valeur de votre entreprise.<\/p>\n","protected":false},"author":2,"featured_media":23074,"parent":22934,"menu_order":3,"comment_status":"closed","ping_status":"closed","template":"","meta":{"_acf_changed":false,"footnotes":""},"tags":[291,296],"class_list":["post-23058","page","type-page","status-publish","has-post-thumbnail","hentry","tag-formations","tag-formations-orga"],"acf":[],"_links":{"self":[{"href":"https:\/\/impactified.com\/fr\/wp-json\/wp\/v2\/pages\/23058","targetHints":{"allow":["GET"]}}],"collection":[{"href":"https:\/\/impactified.com\/fr\/wp-json\/wp\/v2\/pages"}],"about":[{"href":"https:\/\/impactified.com\/fr\/wp-json\/wp\/v2\/types\/page"}],"author":[{"embeddable":true,"href":"https:\/\/impactified.com\/fr\/wp-json\/wp\/v2\/users\/2"}],"replies":[{"embeddable":true,"href":"https:\/\/impactified.com\/fr\/wp-json\/wp\/v2\/comments?post=23058"}],"version-history":[{"count":19,"href":"https:\/\/impactified.com\/fr\/wp-json\/wp\/v2\/pages\/23058\/revisions"}],"predecessor-version":[{"id":24453,"href":"https:\/\/impactified.com\/fr\/wp-json\/wp\/v2\/pages\/23058\/revisions\/24453"}],"up":[{"embeddable":true,"href":"https:\/\/impactified.com\/fr\/wp-json\/wp\/v2\/pages\/22934"}],"wp:featuredmedia":[{"embeddable":true,"href":"https:\/\/impactified.com\/fr\/wp-json\/wp\/v2\/media\/23074"}],"wp:attachment":[{"href":"https:\/\/impactified.com\/fr\/wp-json\/wp\/v2\/media?parent=23058"}],"wp:term":[{"taxonomy":"post_tag","embeddable":true,"href":"https:\/\/impactified.com\/fr\/wp-json\/wp\/v2\/tags?post=23058"}],"curies":[{"name":"wp","href":"https:\/\/api.w.org\/{rel}","templated":true}]}}