{"id":23310,"date":"2025-08-27T15:41:20","date_gmt":"2025-08-27T14:41:20","guid":{"rendered":"https:\/\/impactified.com\/?page_id=23310"},"modified":"2025-12-06T12:58:06","modified_gmt":"2025-12-06T12:58:06","slug":"formation-faire-de-lia-votre-nouvel-assistant-strategique","status":"publish","type":"page","link":"https:\/\/impactified.com\/fr\/formations\/formation-faire-de-lia-votre-nouvel-assistant-strategique\/","title":{"rendered":"Formation | Comprendre et Prendre en Main l\u2019IA G\u00e9n\u00e9rative (votre nouvel assistant strat\u00e9gique !)"},"content":{"rendered":"","protected":false},"excerpt":{"rendered":"<p>En une journ\u00e9e, d\u00e9couvrez comment passer de l\u2019IA gadget \u00e0 un outil op\u00e9rationnel pour vous et vos \u00e9quipes. Structuration des prompts, cas m\u00e9tiers concrets, sensibilisation aux risques : repartez avec une bo\u00eete \u00e0 outils pr\u00eate \u00e0 l\u2019emploi et un plan d\u2019action clair. R\u00e9servez d\u00e8s maintenant votre session et donnez \u00e0 votre entreprise une longueur d\u2019avance !<\/p>\n","protected":false},"author":2,"featured_media":23074,"parent":22934,"menu_order":1,"comment_status":"closed","ping_status":"closed","template":"","meta":{"_acf_changed":false,"footnotes":""},"tags":[291,297],"class_list":["post-23310","page","type-page","status-publish","has-post-thumbnail","hentry","tag-formations","tag-formations-ia"],"acf":[],"_links":{"self":[{"href":"https:\/\/impactified.com\/fr\/wp-json\/wp\/v2\/pages\/23310","targetHints":{"allow":["GET"]}}],"collection":[{"href":"https:\/\/impactified.com\/fr\/wp-json\/wp\/v2\/pages"}],"about":[{"href":"https:\/\/impactified.com\/fr\/wp-json\/wp\/v2\/types\/page"}],"author":[{"embeddable":true,"href":"https:\/\/impactified.com\/fr\/wp-json\/wp\/v2\/users\/2"}],"replies":[{"embeddable":true,"href":"https:\/\/impactified.com\/fr\/wp-json\/wp\/v2\/comments?post=23310"}],"version-history":[{"count":30,"href":"https:\/\/impactified.com\/fr\/wp-json\/wp\/v2\/pages\/23310\/revisions"}],"predecessor-version":[{"id":24927,"href":"https:\/\/impactified.com\/fr\/wp-json\/wp\/v2\/pages\/23310\/revisions\/24927"}],"up":[{"embeddable":true,"href":"https:\/\/impactified.com\/fr\/wp-json\/wp\/v2\/pages\/22934"}],"wp:featuredmedia":[{"embeddable":true,"href":"https:\/\/impactified.com\/fr\/wp-json\/wp\/v2\/media\/23074"}],"wp:attachment":[{"href":"https:\/\/impactified.com\/fr\/wp-json\/wp\/v2\/media?parent=23310"}],"wp:term":[{"taxonomy":"post_tag","embeddable":true,"href":"https:\/\/impactified.com\/fr\/wp-json\/wp\/v2\/tags?post=23310"}],"curies":[{"name":"wp","href":"https:\/\/api.w.org\/{rel}","templated":true}]}}