{"id":24582,"date":"2025-11-25T13:34:48","date_gmt":"2025-11-25T13:34:48","guid":{"rendered":"https:\/\/impactified.com\/?page_id=24582"},"modified":"2025-11-25T18:17:19","modified_gmt":"2025-11-25T18:17:19","slug":"audits-et-accompagnements","status":"publish","type":"page","link":"https:\/\/impactified.com\/fr\/audits-et-accompagnements\/","title":{"rendered":"Construire une Entreprise qui Tourne : Nos Audits &amp; Accompagnements"},"content":{"rendered":"","protected":false},"excerpt":{"rendered":"<p>Avoir une entreprise qui tourne vraiment sur ses objectifs n\u00e9cessite un syst\u00e8me clair, mesurable et pilot\u00e9. C\u2019est exactement ce que nous construisons avec vous.<\/p>\n","protected":false},"author":2,"featured_media":24593,"parent":0,"menu_order":0,"comment_status":"closed","ping_status":"closed","template":"","meta":{"_acf_changed":false,"footnotes":""},"tags":[],"class_list":["post-24582","page","type-page","status-publish","has-post-thumbnail","hentry"],"acf":[],"_links":{"self":[{"href":"https:\/\/impactified.com\/fr\/wp-json\/wp\/v2\/pages\/24582","targetHints":{"allow":["GET"]}}],"collection":[{"href":"https:\/\/impactified.com\/fr\/wp-json\/wp\/v2\/pages"}],"about":[{"href":"https:\/\/impactified.com\/fr\/wp-json\/wp\/v2\/types\/page"}],"author":[{"embeddable":true,"href":"https:\/\/impactified.com\/fr\/wp-json\/wp\/v2\/users\/2"}],"replies":[{"embeddable":true,"href":"https:\/\/impactified.com\/fr\/wp-json\/wp\/v2\/comments?post=24582"}],"version-history":[{"count":2,"href":"https:\/\/impactified.com\/fr\/wp-json\/wp\/v2\/pages\/24582\/revisions"}],"predecessor-version":[{"id":24595,"href":"https:\/\/impactified.com\/fr\/wp-json\/wp\/v2\/pages\/24582\/revisions\/24595"}],"wp:featuredmedia":[{"embeddable":true,"href":"https:\/\/impactified.com\/fr\/wp-json\/wp\/v2\/media\/24593"}],"wp:attachment":[{"href":"https:\/\/impactified.com\/fr\/wp-json\/wp\/v2\/media?parent=24582"}],"wp:term":[{"taxonomy":"post_tag","embeddable":true,"href":"https:\/\/impactified.com\/fr\/wp-json\/wp\/v2\/tags?post=24582"}],"curies":[{"name":"wp","href":"https:\/\/api.w.org\/{rel}","templated":true}]}}