{"id":24828,"date":"2025-12-04T13:56:08","date_gmt":"2025-12-04T13:56:08","guid":{"rendered":"https:\/\/impactified.com\/?page_id=24828"},"modified":"2025-12-06T13:46:25","modified_gmt":"2025-12-06T13:46:25","slug":"formation-construire-un-assistant-ia-generative","status":"publish","type":"page","link":"https:\/\/impactified.com\/fr\/formations\/formation-construire-un-assistant-ia-generative\/","title":{"rendered":"Formation | Construire un assistant IA g\u00e9n\u00e9rative qui conna\u00eet votre business et travaille pour vous !"},"content":{"rendered":"","protected":false},"excerpt":{"rendered":"<p>L\u2019IA promet de faire gagner du temps\u2026 mais dans la r\u00e9alit\u00e9, elle s\u2019adapte rarement \u00e0 votre entreprise. Et si vous pouviez enfin construire un assistant IA simple, calibr\u00e9 et op\u00e9rationnel, con\u00e7u pour vos vrais besoins\u202f? Curieux de voir la diff\u00e9rence\u202f? Lisez la suite.<\/p>\n","protected":false},"author":2,"featured_media":24849,"parent":22934,"menu_order":1,"comment_status":"closed","ping_status":"closed","template":"","meta":{"_acf_changed":false,"footnotes":""},"tags":[291,297],"class_list":["post-24828","page","type-page","status-publish","has-post-thumbnail","hentry","tag-formations","tag-formations-ia"],"acf":[],"_links":{"self":[{"href":"https:\/\/impactified.com\/fr\/wp-json\/wp\/v2\/pages\/24828","targetHints":{"allow":["GET"]}}],"collection":[{"href":"https:\/\/impactified.com\/fr\/wp-json\/wp\/v2\/pages"}],"about":[{"href":"https:\/\/impactified.com\/fr\/wp-json\/wp\/v2\/types\/page"}],"author":[{"embeddable":true,"href":"https:\/\/impactified.com\/fr\/wp-json\/wp\/v2\/users\/2"}],"replies":[{"embeddable":true,"href":"https:\/\/impactified.com\/fr\/wp-json\/wp\/v2\/comments?post=24828"}],"version-history":[{"count":27,"href":"https:\/\/impactified.com\/fr\/wp-json\/wp\/v2\/pages\/24828\/revisions"}],"predecessor-version":[{"id":24940,"href":"https:\/\/impactified.com\/fr\/wp-json\/wp\/v2\/pages\/24828\/revisions\/24940"}],"up":[{"embeddable":true,"href":"https:\/\/impactified.com\/fr\/wp-json\/wp\/v2\/pages\/22934"}],"wp:featuredmedia":[{"embeddable":true,"href":"https:\/\/impactified.com\/fr\/wp-json\/wp\/v2\/media\/24849"}],"wp:attachment":[{"href":"https:\/\/impactified.com\/fr\/wp-json\/wp\/v2\/media?parent=24828"}],"wp:term":[{"taxonomy":"post_tag","embeddable":true,"href":"https:\/\/impactified.com\/fr\/wp-json\/wp\/v2\/tags?post=24828"}],"curies":[{"name":"wp","href":"https:\/\/api.w.org\/{rel}","templated":true}]}}