{"id":24941,"date":"2025-12-06T16:46:50","date_gmt":"2025-12-06T16:46:50","guid":{"rendered":"https:\/\/impactified.com\/?page_id=24941"},"modified":"2025-12-08T12:30:14","modified_gmt":"2025-12-08T12:30:14","slug":"formation-profilage-comportemental","status":"publish","type":"page","link":"https:\/\/impactified.com\/fr\/formations\/formation-profilage-comportemental\/","title":{"rendered":"Formation | Profilage comportemental \u2013 La cl\u00e9 pour piloter, r\u00e9duire les tensions et mieux d\u00e9livrer"},"content":{"rendered":"","protected":false},"excerpt":{"rendered":"<p>Dans la plupart des entreprises, les malentendus et tensions freinent la dynamique collective. Pourtant, tout change quand chacun sait lire ses propres ressorts. Comprendre les profils, c\u2019est lever les blocages invisibles qui brident la performance et retrouver une \u00e9nergie d\u2019\u00e9quipe qui avance. Cette approche transforme la fa\u00e7on dont vos collaborateurs interagissent, d\u00e9l\u00e8guent et s\u2019entraident au quotidien. Curieux de voir comment le profilage comportemental fera la diff\u00e9rence ? Lisez la suite.<\/p>\n","protected":false},"author":2,"featured_media":24953,"parent":22934,"menu_order":1,"comment_status":"closed","ping_status":"closed","template":"","meta":{"_acf_changed":false,"footnotes":""},"tags":[291,302],"class_list":["post-24941","page","type-page","status-publish","has-post-thumbnail","hentry","tag-formations","tag-formations-equipes"],"acf":[],"_links":{"self":[{"href":"https:\/\/impactified.com\/fr\/wp-json\/wp\/v2\/pages\/24941","targetHints":{"allow":["GET"]}}],"collection":[{"href":"https:\/\/impactified.com\/fr\/wp-json\/wp\/v2\/pages"}],"about":[{"href":"https:\/\/impactified.com\/fr\/wp-json\/wp\/v2\/types\/page"}],"author":[{"embeddable":true,"href":"https:\/\/impactified.com\/fr\/wp-json\/wp\/v2\/users\/2"}],"replies":[{"embeddable":true,"href":"https:\/\/impactified.com\/fr\/wp-json\/wp\/v2\/comments?post=24941"}],"version-history":[{"count":14,"href":"https:\/\/impactified.com\/fr\/wp-json\/wp\/v2\/pages\/24941\/revisions"}],"predecessor-version":[{"id":24969,"href":"https:\/\/impactified.com\/fr\/wp-json\/wp\/v2\/pages\/24941\/revisions\/24969"}],"up":[{"embeddable":true,"href":"https:\/\/impactified.com\/fr\/wp-json\/wp\/v2\/pages\/22934"}],"wp:featuredmedia":[{"embeddable":true,"href":"https:\/\/impactified.com\/fr\/wp-json\/wp\/v2\/media\/24953"}],"wp:attachment":[{"href":"https:\/\/impactified.com\/fr\/wp-json\/wp\/v2\/media?parent=24941"}],"wp:term":[{"taxonomy":"post_tag","embeddable":true,"href":"https:\/\/impactified.com\/fr\/wp-json\/wp\/v2\/tags?post=24941"}],"curies":[{"name":"wp","href":"https:\/\/api.w.org\/{rel}","templated":true}]}}