{"id":24970,"date":"2025-12-08T13:10:55","date_gmt":"2025-12-08T13:10:55","guid":{"rendered":"https:\/\/impactified.com\/?page_id=24970"},"modified":"2025-12-08T13:23:00","modified_gmt":"2025-12-08T13:23:00","slug":"formation-fluidifier-son-organisation-pour-delivrer-sans-tension","status":"publish","type":"page","link":"https:\/\/impactified.com\/fr\/formations\/formation-fluidifier-son-organisation-pour-delivrer-sans-tension\/","title":{"rendered":"Formation | Fluidifier son organisation et r\u00e9duire les tensions pour d\u00e9livrer plus efficacement"},"content":{"rendered":"","protected":false},"excerpt":{"rendered":"<p>Dans bien des entreprises, tout le monde a des id\u00e9es\u2026 mais la r\u00e9alit\u00e9, c\u2019est \u201cy\u2019a qu\u2019\u00e0\u201d, \u201cfaut qu\u2019on\u201d et des r\u00e9sultats qui peinent \u00e0 suivre. Fluidifier l\u2019organisation, c\u2019est transformer l\u2019\u00e9cart entre les ambitions et ce qui est effectivement d\u00e9livr\u00e9. Ici, vous identifiez vos vrais leviers, structurez une feuille de route pragmatique, et posez les bases d\u2019une entreprise qui tient ses promesses \u2014 sans tension, sans dispersion.<\/p>\n","protected":false},"author":2,"featured_media":24975,"parent":22934,"menu_order":1,"comment_status":"closed","ping_status":"closed","template":"","meta":{"_acf_changed":false,"footnotes":""},"tags":[291,302],"class_list":["post-24970","page","type-page","status-publish","has-post-thumbnail","hentry","tag-formations","tag-formations-equipes"],"acf":[],"_links":{"self":[{"href":"https:\/\/impactified.com\/fr\/wp-json\/wp\/v2\/pages\/24970","targetHints":{"allow":["GET"]}}],"collection":[{"href":"https:\/\/impactified.com\/fr\/wp-json\/wp\/v2\/pages"}],"about":[{"href":"https:\/\/impactified.com\/fr\/wp-json\/wp\/v2\/types\/page"}],"author":[{"embeddable":true,"href":"https:\/\/impactified.com\/fr\/wp-json\/wp\/v2\/users\/2"}],"replies":[{"embeddable":true,"href":"https:\/\/impactified.com\/fr\/wp-json\/wp\/v2\/comments?post=24970"}],"version-history":[{"count":6,"href":"https:\/\/impactified.com\/fr\/wp-json\/wp\/v2\/pages\/24970\/revisions"}],"predecessor-version":[{"id":24979,"href":"https:\/\/impactified.com\/fr\/wp-json\/wp\/v2\/pages\/24970\/revisions\/24979"}],"up":[{"embeddable":true,"href":"https:\/\/impactified.com\/fr\/wp-json\/wp\/v2\/pages\/22934"}],"wp:featuredmedia":[{"embeddable":true,"href":"https:\/\/impactified.com\/fr\/wp-json\/wp\/v2\/media\/24975"}],"wp:attachment":[{"href":"https:\/\/impactified.com\/fr\/wp-json\/wp\/v2\/media?parent=24970"}],"wp:term":[{"taxonomy":"post_tag","embeddable":true,"href":"https:\/\/impactified.com\/fr\/wp-json\/wp\/v2\/tags?post=24970"}],"curies":[{"name":"wp","href":"https:\/\/api.w.org\/{rel}","templated":true}]}}